
{"id":52505,"date":"2021-03-20T14:20:50","date_gmt":"2021-03-20T13:20:50","guid":{"rendered":"https:\/\/stage.shop-cellularswiss.ch\/produit\/usb-car-charger-1a-huawei-lg-asus-and-other-smartphone\/"},"modified":"2021-03-20T14:20:55","modified_gmt":"2021-03-20T13:20:55","slug":"usb-car-charger-1a-huawei-lg-asus-and-other-smartphone","status":"publish","type":"product","link":"https:\/\/stage.shop-cellularswiss.ch\/de\/produit\/usb-car-charger-1a-huawei-lg-asus-and-other-smartphone\/","title":{"rendered":"USB Car Charger 1A &#8211; Huawei, LG, Asus and other smartphone"},"content":{"rendered":"<p>USB CAR CHARGER 1A ist das Autoladeger\u00e4t f\u00fcr Huawei-Ger\u00e4te und Ger\u00e4te anderer Marken, das eine Standard-Ladung bei absoluter Sicherheit f\u00fcr Ger\u00e4te mit Micro-USB-Anschluss bietet. Das Kabel mit Micro-USB-Anschluss ist nicht im Lieferumfang inbegriffen.Es gibt keinerlei Abmachung, Lizenz oder Verbindung zwischen Cellularline S.p.A. und den in den Texten und Bildern dieser Website angegebenen Markeninhabern und Namen. Alle Telefonmarken, -namen und -modelle sind Eigentum der jeweiligen Inhaber.<\/p>\n","protected":false},"excerpt":{"rendered":"<p>Kompaktes 5W-Akkuladeger\u00e4t f\u00fcr Auto<\/p>\n","protected":false},"featured_media":37933,"comment_status":"closed","ping_status":"open","template":"","meta":{"_et_pb_use_builder":"","_et_pb_old_content":"","_et_gb_content_width":""},"pwb-brand":[],"product_cat":[3848,1781],"product_tag":[],"compatibilite":[],"compatibilite_smartphone":[4366,4369,4469,4363,4370,4354,4365,4375,4376,4436,4355,4383,4441,4357,4368,4373,4381,4382,4361,4450,4437,4378,4356,4359,4377,4364,4379,4353,4374,4372,4449,4447,4380,4362,4448,4440,4358,4435,4433,4434,4453,4371,4360,4367,4468,4388,4386,4387,4390,4402,4406,4414,4405,4403,4407,4395,4409,4427,4428,4423,4401,4400,4393,4412,4397,4416,4392,4391],"brands":[],"_links":{"self":[{"href":"https:\/\/stage.shop-cellularswiss.ch\/de\/wp-json\/wp\/v2\/product\/52505"}],"collection":[{"href":"https:\/\/stage.shop-cellularswiss.ch\/de\/wp-json\/wp\/v2\/product"}],"about":[{"href":"https:\/\/stage.shop-cellularswiss.ch\/de\/wp-json\/wp\/v2\/types\/product"}],"replies":[{"embeddable":true,"href":"https:\/\/stage.shop-cellularswiss.ch\/de\/wp-json\/wp\/v2\/comments?post=52505"}],"wp:featuredmedia":[{"embeddable":true,"href":"https:\/\/stage.shop-cellularswiss.ch\/de\/wp-json\/wp\/v2\/media\/37933"}],"wp:attachment":[{"href":"https:\/\/stage.shop-cellularswiss.ch\/de\/wp-json\/wp\/v2\/media?parent=52505"}],"wp:term":[{"taxonomy":"pwb-brand","embeddable":true,"href":"https:\/\/stage.shop-cellularswiss.ch\/de\/wp-json\/wp\/v2\/pwb-brand?post=52505"},{"taxonomy":"product_cat","embeddable":true,"href":"https:\/\/stage.shop-cellularswiss.ch\/de\/wp-json\/wp\/v2\/product_cat?post=52505"},{"taxonomy":"product_tag","embeddable":true,"href":"https:\/\/stage.shop-cellularswiss.ch\/de\/wp-json\/wp\/v2\/product_tag?post=52505"},{"taxonomy":"compatibilite","embeddable":true,"href":"https:\/\/stage.shop-cellularswiss.ch\/de\/wp-json\/wp\/v2\/compatibilite?post=52505"},{"taxonomy":"compatibilite_smartphone","embeddable":true,"href":"https:\/\/stage.shop-cellularswiss.ch\/de\/wp-json\/wp\/v2\/compatibilite_smartphone?post=52505"}],"curies":[{"name":"wp","href":"https:\/\/api.w.org\/{rel}","templated":true}]}}