
{"id":52507,"date":"2021-03-20T11:41:16","date_gmt":"2021-03-20T13:20:54","guid":{"rendered":"https:\/\/stage.shop-cellularswiss.ch\/produit\/usb-car-charger-dual-universal\/"},"modified":"2021-07-02T14:22:49","modified_gmt":"2021-07-02T12:22:49","slug":"usb-car-charger-dual-universal","status":"publish","type":"product","link":"https:\/\/stage.shop-cellularswiss.ch\/de\/produit\/usb-car-charger-dual-universal\/","title":{"rendered":"USB Car Charger Dual &#8211; Universal"},"content":{"rendered":"<p>Das Mikro-Autoladeger\u00e4t f\u00fcr das Auto mit doppelter USB-Buchse erm\u00f6glicht das gleichzeitige Aufladen von zwei Ger\u00e4ten. So klein, dass es im Zigarettenanz\u00fcnder verschwindet.<\/p>\n","protected":false},"excerpt":{"rendered":"<p>Akkuladeger\u00e4t f\u00fcr das Auto mit doppelter USB-Buchse 10 W<\/p>\n","protected":false},"featured_media":62860,"comment_status":"closed","ping_status":"closed","template":"","meta":{"_et_pb_use_builder":"","_et_pb_old_content":"","_et_gb_content_width":""},"pwb-brand":[],"product_cat":[3848,1781],"product_tag":[4545],"compatibilite":[],"compatibilite_smartphone":[4375,4355,4368,4373,4381,4382,4361,4378,4356,4359,4377,4364,4379,4353,4374,4372,4449,4447,4380,4362,4448,4358,4453,4371,4360,4367,4395,4393,4412],"brands":[],"_links":{"self":[{"href":"https:\/\/stage.shop-cellularswiss.ch\/de\/wp-json\/wp\/v2\/product\/52507"}],"collection":[{"href":"https:\/\/stage.shop-cellularswiss.ch\/de\/wp-json\/wp\/v2\/product"}],"about":[{"href":"https:\/\/stage.shop-cellularswiss.ch\/de\/wp-json\/wp\/v2\/types\/product"}],"replies":[{"embeddable":true,"href":"https:\/\/stage.shop-cellularswiss.ch\/de\/wp-json\/wp\/v2\/comments?post=52507"}],"wp:featuredmedia":[{"embeddable":true,"href":"https:\/\/stage.shop-cellularswiss.ch\/de\/wp-json\/wp\/v2\/media\/62860"}],"wp:attachment":[{"href":"https:\/\/stage.shop-cellularswiss.ch\/de\/wp-json\/wp\/v2\/media?parent=52507"}],"wp:term":[{"taxonomy":"pwb-brand","embeddable":true,"href":"https:\/\/stage.shop-cellularswiss.ch\/de\/wp-json\/wp\/v2\/pwb-brand?post=52507"},{"taxonomy":"product_cat","embeddable":true,"href":"https:\/\/stage.shop-cellularswiss.ch\/de\/wp-json\/wp\/v2\/product_cat?post=52507"},{"taxonomy":"product_tag","embeddable":true,"href":"https:\/\/stage.shop-cellularswiss.ch\/de\/wp-json\/wp\/v2\/product_tag?post=52507"},{"taxonomy":"compatibilite","embeddable":true,"href":"https:\/\/stage.shop-cellularswiss.ch\/de\/wp-json\/wp\/v2\/compatibilite?post=52507"},{"taxonomy":"compatibilite_smartphone","embeddable":true,"href":"https:\/\/stage.shop-cellularswiss.ch\/de\/wp-json\/wp\/v2\/compatibilite_smartphone?post=52507"}],"curies":[{"name":"wp","href":"https:\/\/api.w.org\/{rel}","templated":true}]}}