
{"id":52510,"date":"2021-03-20T11:41:22","date_gmt":"2021-03-20T13:21:01","guid":{"rendered":"https:\/\/stage.shop-cellularswiss.ch\/produit\/usb-car-charger-family-iphone-samsung-huawei-and-other-smartphones-and-tablets\/"},"modified":"2021-03-20T14:21:03","modified_gmt":"2021-03-20T13:21:03","slug":"usb-car-charger-family-iphone-samsung-huawei-and-other-smartphones-and-tablets","status":"publish","type":"product","link":"https:\/\/stage.shop-cellularswiss.ch\/de\/produit\/usb-car-charger-family-iphone-samsung-huawei-and-other-smartphones-and-tablets\/","title":{"rendered":"USB Car Charger Family &#8211; iPhone, Samsung, Huawei and other Smartphones and Tablets"},"content":{"rendered":"<p>USB CAR CHARGER FAMILY 36W ist das Autoladeger\u00e4t, das f\u00fcr diejenigen entwickelt wurde, die bis zu 4 Ger\u00e4te gleichzeitig laden m\u00fcssen. Es ist die ideale L\u00f6sung, um Ihre Ger\u00e4te und die anderer Fahrg\u00e4ste w\u00e4hrend der Autofahrt aufgeladen und einsatzbereit zu halten.Dank der beiden USB-Ports, die sich am Ladeger\u00e4t dort befinden, wo es sich an der Tasche der Vordersitze befestigen l\u00e4sst, k\u00f6nnen auch die Fahrg\u00e4ste, die hinten sitzen, ihre Ger\u00e4te absolut bequem aufladen.Ausgestattet mit der innovativen Smartphone Detect-Technologie erkennt USB Car Charger Family die angeschlossenen Ger\u00e4te und gibt die richtige Ladung in absoluter Sicherheit ab.Die 4 USB-Ports geben bis zu 36W Leistung ab und erm\u00f6glichen es, bis zu 4 Ger\u00e4te aufzuladen, die mit 5W- und 10W-Aufladung kompatibel sind. Es gibt keinerlei Abmachung, Lizenz oder Verbindung zwischen Cellularline S.p.A. und den in den Texten und Bildern dieser Website angegebenen Markeninhabern und Namen. Alle Telefonmarken, -namen und -modelle sind Eigentum der jeweiligen Inhaber.<\/p>\n","protected":false},"excerpt":{"rendered":"<p>Schnelles Autoladeger\u00e4t mit vier Ports, 36W<\/p>\n","protected":false},"featured_media":62864,"comment_status":"closed","ping_status":"closed","template":"","meta":{"_et_pb_use_builder":"","_et_pb_old_content":"","_et_gb_content_width":""},"pwb-brand":[],"product_cat":[3848,1781],"product_tag":[],"compatibilite":[],"compatibilite_smartphone":[4366,4369,4363,4370,4354,4365,4375,4376,4436,4355,4383,4357,4368,4373,4381,4361,4450,4437,4378,4356,4359,4377,4364,4379,4353,4372,4449,4447,4362,4448,4435,4433,4434,4453,4371,4360,4367,4388,4386,4387,4390,4402,4396,4406,4414,4405,4394,4403,4407,4395,4409,4399,4398,4427,4428,4423,4401,4400,4393,4412,4397,4416,4392,4391],"brands":[],"_links":{"self":[{"href":"https:\/\/stage.shop-cellularswiss.ch\/de\/wp-json\/wp\/v2\/product\/52510"}],"collection":[{"href":"https:\/\/stage.shop-cellularswiss.ch\/de\/wp-json\/wp\/v2\/product"}],"about":[{"href":"https:\/\/stage.shop-cellularswiss.ch\/de\/wp-json\/wp\/v2\/types\/product"}],"replies":[{"embeddable":true,"href":"https:\/\/stage.shop-cellularswiss.ch\/de\/wp-json\/wp\/v2\/comments?post=52510"}],"wp:featuredmedia":[{"embeddable":true,"href":"https:\/\/stage.shop-cellularswiss.ch\/de\/wp-json\/wp\/v2\/media\/62864"}],"wp:attachment":[{"href":"https:\/\/stage.shop-cellularswiss.ch\/de\/wp-json\/wp\/v2\/media?parent=52510"}],"wp:term":[{"taxonomy":"pwb-brand","embeddable":true,"href":"https:\/\/stage.shop-cellularswiss.ch\/de\/wp-json\/wp\/v2\/pwb-brand?post=52510"},{"taxonomy":"product_cat","embeddable":true,"href":"https:\/\/stage.shop-cellularswiss.ch\/de\/wp-json\/wp\/v2\/product_cat?post=52510"},{"taxonomy":"product_tag","embeddable":true,"href":"https:\/\/stage.shop-cellularswiss.ch\/de\/wp-json\/wp\/v2\/product_tag?post=52510"},{"taxonomy":"compatibilite","embeddable":true,"href":"https:\/\/stage.shop-cellularswiss.ch\/de\/wp-json\/wp\/v2\/compatibilite?post=52510"},{"taxonomy":"compatibilite_smartphone","embeddable":true,"href":"https:\/\/stage.shop-cellularswiss.ch\/de\/wp-json\/wp\/v2\/compatibilite_smartphone?post=52510"}],"curies":[{"name":"wp","href":"https:\/\/api.w.org\/{rel}","templated":true}]}}