
{"id":52511,"date":"2021-03-20T11:41:25","date_gmt":"2021-03-20T13:21:01","guid":{"rendered":"https:\/\/stage.shop-cellularswiss.ch\/produit\/usb-car-charger-fast-charge-stylecolor-universal\/"},"modified":"2021-03-20T14:21:11","modified_gmt":"2021-03-20T13:21:11","slug":"usb-car-charger-fast-charge-stylecolor-universal","status":"publish","type":"product","link":"https:\/\/stage.shop-cellularswiss.ch\/de\/produit\/usb-car-charger-fast-charge-stylecolor-universal\/","title":{"rendered":"USB Car Charger Fast Charge #Stylecolor &#8211; Universal"},"content":{"rendered":"<p>USB CAR CHARGER QUICK ist das Autoladeger\u00e4t der Produktlinie #StyleColor, das dank des 10W-Ausgangs erm\u00f6glicht, Telefone w\u00e4hrend der Fahrt schnell aufzuladen. USB Car Charger Quick ist das praktische Ladeger\u00e4t mit essentiellem Design und bunten Farben, das dem Armaturenbrett etwas Farbe verleiht und mit den anderen Produkten der #StyleColor Produktlinie kombinierbar ist.<\/p>\n","protected":false},"excerpt":{"rendered":"<p>Schnelles Autoladeger\u00e4t 10W, bunt<\/p>\n","protected":false},"featured_media":56090,"comment_status":"closed","ping_status":"closed","template":"","meta":{"_et_pb_use_builder":"","_et_pb_old_content":"","_et_gb_content_width":""},"pwb-brand":[],"product_cat":[3848,1781],"product_tag":[],"compatibilite":[],"compatibilite_smartphone":[4375,4381,4382,4449,4447,4448,4396,4394,4399,4398],"brands":[],"_links":{"self":[{"href":"https:\/\/stage.shop-cellularswiss.ch\/de\/wp-json\/wp\/v2\/product\/52511"}],"collection":[{"href":"https:\/\/stage.shop-cellularswiss.ch\/de\/wp-json\/wp\/v2\/product"}],"about":[{"href":"https:\/\/stage.shop-cellularswiss.ch\/de\/wp-json\/wp\/v2\/types\/product"}],"replies":[{"embeddable":true,"href":"https:\/\/stage.shop-cellularswiss.ch\/de\/wp-json\/wp\/v2\/comments?post=52511"}],"wp:featuredmedia":[{"embeddable":true,"href":"https:\/\/stage.shop-cellularswiss.ch\/de\/wp-json\/wp\/v2\/media\/56090"}],"wp:attachment":[{"href":"https:\/\/stage.shop-cellularswiss.ch\/de\/wp-json\/wp\/v2\/media?parent=52511"}],"wp:term":[{"taxonomy":"pwb-brand","embeddable":true,"href":"https:\/\/stage.shop-cellularswiss.ch\/de\/wp-json\/wp\/v2\/pwb-brand?post=52511"},{"taxonomy":"product_cat","embeddable":true,"href":"https:\/\/stage.shop-cellularswiss.ch\/de\/wp-json\/wp\/v2\/product_cat?post=52511"},{"taxonomy":"product_tag","embeddable":true,"href":"https:\/\/stage.shop-cellularswiss.ch\/de\/wp-json\/wp\/v2\/product_tag?post=52511"},{"taxonomy":"compatibilite","embeddable":true,"href":"https:\/\/stage.shop-cellularswiss.ch\/de\/wp-json\/wp\/v2\/compatibilite?post=52511"},{"taxonomy":"compatibilite_smartphone","embeddable":true,"href":"https:\/\/stage.shop-cellularswiss.ch\/de\/wp-json\/wp\/v2\/compatibilite_smartphone?post=52511"}],"curies":[{"name":"wp","href":"https:\/\/api.w.org\/{rel}","templated":true}]}}