
{"id":52523,"date":"2021-03-20T11:41:52","date_gmt":"2021-03-20T13:21:19","guid":{"rendered":"https:\/\/stage.shop-cellularswiss.ch\/produit\/usb-car-charger-unique-design-apple\/"},"modified":"2021-03-20T14:21:24","modified_gmt":"2021-03-20T13:21:24","slug":"usb-car-charger-unique-design-apple","status":"publish","type":"product","link":"https:\/\/stage.shop-cellularswiss.ch\/de\/produit\/usb-car-charger-unique-design-apple\/","title":{"rendered":"USB Car Charger UNIQUE DESIGN &#8211; Apple"},"content":{"rendered":"<p>USB Car Charger ist das Akkuladeger\u00e4t f\u00fcr das Auto der exklusiven Unique Design-Produktlinie, das dein iPhone um bis zu 30% schneller l\u00e4dt. Das Akkuladeger\u00e4t wird unter Einsatz innovativer Elektronik gefertigt, um w\u00e4hrend des gesamten Ladevorgangs den Schutz vor \u00dcberhitzung, \u00dcberlastung und Kurzschl\u00fcssen sicherzustellen. USB Car Charger wird in vier Farben angeboten, die sich perfekt dem iPhone-Design anpassen. Dieses Akkuladeger\u00e4t ist perfekt geeignet f\u00fcr alle, die ihr Ger\u00e4t auch im Auto maximal aufwerten m\u00f6chten.<\/p>\n","protected":false},"excerpt":{"rendered":"<p>Akkuladeger\u00e4t f\u00fcr das Auto f\u00fcr Apple-Ger\u00e4te<\/p>\n","protected":false},"featured_media":55666,"comment_status":"closed","ping_status":"closed","template":"","meta":{"_et_pb_use_builder":"","_et_pb_old_content":"","_et_gb_content_width":""},"pwb-brand":[],"product_cat":[3848,1781],"product_tag":[],"compatibilite":[],"compatibilite_smartphone":[4369,4363,4370,4354,4375,4376,4355,4383,4357,4368,4373,4381,4382,4361,4450,4378,4356,4359,4377,4364,4379,4353,4374,4372,4449,4447,4380,4362,4448,4358,4453,4371,4360,4367],"brands":[],"_links":{"self":[{"href":"https:\/\/stage.shop-cellularswiss.ch\/de\/wp-json\/wp\/v2\/product\/52523"}],"collection":[{"href":"https:\/\/stage.shop-cellularswiss.ch\/de\/wp-json\/wp\/v2\/product"}],"about":[{"href":"https:\/\/stage.shop-cellularswiss.ch\/de\/wp-json\/wp\/v2\/types\/product"}],"replies":[{"embeddable":true,"href":"https:\/\/stage.shop-cellularswiss.ch\/de\/wp-json\/wp\/v2\/comments?post=52523"}],"wp:featuredmedia":[{"embeddable":true,"href":"https:\/\/stage.shop-cellularswiss.ch\/de\/wp-json\/wp\/v2\/media\/55666"}],"wp:attachment":[{"href":"https:\/\/stage.shop-cellularswiss.ch\/de\/wp-json\/wp\/v2\/media?parent=52523"}],"wp:term":[{"taxonomy":"pwb-brand","embeddable":true,"href":"https:\/\/stage.shop-cellularswiss.ch\/de\/wp-json\/wp\/v2\/pwb-brand?post=52523"},{"taxonomy":"product_cat","embeddable":true,"href":"https:\/\/stage.shop-cellularswiss.ch\/de\/wp-json\/wp\/v2\/product_cat?post=52523"},{"taxonomy":"product_tag","embeddable":true,"href":"https:\/\/stage.shop-cellularswiss.ch\/de\/wp-json\/wp\/v2\/product_tag?post=52523"},{"taxonomy":"compatibilite","embeddable":true,"href":"https:\/\/stage.shop-cellularswiss.ch\/de\/wp-json\/wp\/v2\/compatibilite?post=52523"},{"taxonomy":"compatibilite_smartphone","embeddable":true,"href":"https:\/\/stage.shop-cellularswiss.ch\/de\/wp-json\/wp\/v2\/compatibilite_smartphone?post=52523"}],"curies":[{"name":"wp","href":"https:\/\/api.w.org\/{rel}","templated":true}]}}