
{"id":52524,"date":"2021-03-20T11:41:54","date_gmt":"2021-03-20T13:21:23","guid":{"rendered":"https:\/\/stage.shop-cellularswiss.ch\/produit\/usb-car-micro-charger-fast-charge-universale\/"},"modified":"2021-03-20T14:21:25","modified_gmt":"2021-03-20T13:21:25","slug":"usb-car-micro-charger-fast-charge-universale","status":"publish","type":"product","link":"https:\/\/stage.shop-cellularswiss.ch\/de\/produit\/usb-car-micro-charger-fast-charge-universale\/","title":{"rendered":"USB Car Micro Charger &#8211; Fast Charge Universale"},"content":{"rendered":"<p>Micro-USB-Autoladeger\u00e4t f\u00fcr Tablets und einziehbares Design: verwandelt die Zigarettenanz\u00fcnderbuchse in einen USB-Ladeanschluss. Laden mit maximaler Geschwindigkeit dank seines 2A-Ausgangs. Mit praktischem Ring zur einfachen Entnahme.<\/p>\n","protected":false},"excerpt":{"rendered":"<p>Schnelles Aufladen mit 10W, versenkbar<\/p>\n","protected":false},"featured_media":54542,"comment_status":"closed","ping_status":"closed","template":"","meta":{"_et_pb_use_builder":"","_et_pb_old_content":"","_et_gb_content_width":""},"pwb-brand":[],"product_cat":[3848,1781,539],"product_tag":[],"compatibilite":[],"compatibilite_smartphone":[],"brands":[],"_links":{"self":[{"href":"https:\/\/stage.shop-cellularswiss.ch\/de\/wp-json\/wp\/v2\/product\/52524"}],"collection":[{"href":"https:\/\/stage.shop-cellularswiss.ch\/de\/wp-json\/wp\/v2\/product"}],"about":[{"href":"https:\/\/stage.shop-cellularswiss.ch\/de\/wp-json\/wp\/v2\/types\/product"}],"replies":[{"embeddable":true,"href":"https:\/\/stage.shop-cellularswiss.ch\/de\/wp-json\/wp\/v2\/comments?post=52524"}],"wp:featuredmedia":[{"embeddable":true,"href":"https:\/\/stage.shop-cellularswiss.ch\/de\/wp-json\/wp\/v2\/media\/54542"}],"wp:attachment":[{"href":"https:\/\/stage.shop-cellularswiss.ch\/de\/wp-json\/wp\/v2\/media?parent=52524"}],"wp:term":[{"taxonomy":"pwb-brand","embeddable":true,"href":"https:\/\/stage.shop-cellularswiss.ch\/de\/wp-json\/wp\/v2\/pwb-brand?post=52524"},{"taxonomy":"product_cat","embeddable":true,"href":"https:\/\/stage.shop-cellularswiss.ch\/de\/wp-json\/wp\/v2\/product_cat?post=52524"},{"taxonomy":"product_tag","embeddable":true,"href":"https:\/\/stage.shop-cellularswiss.ch\/de\/wp-json\/wp\/v2\/product_tag?post=52524"},{"taxonomy":"compatibilite","embeddable":true,"href":"https:\/\/stage.shop-cellularswiss.ch\/de\/wp-json\/wp\/v2\/compatibilite?post=52524"},{"taxonomy":"compatibilite_smartphone","embeddable":true,"href":"https:\/\/stage.shop-cellularswiss.ch\/de\/wp-json\/wp\/v2\/compatibilite_smartphone?post=52524"}],"curies":[{"name":"wp","href":"https:\/\/api.w.org\/{rel}","templated":true}]}}