
{"id":52526,"date":"2021-03-20T11:41:59","date_gmt":"2021-03-20T13:21:26","guid":{"rendered":"https:\/\/stage.shop-cellularswiss.ch\/produit\/usb-charger-stylecolor-universal\/"},"modified":"2021-03-20T14:21:34","modified_gmt":"2021-03-20T13:21:34","slug":"usb-charger-stylecolor-universal","status":"publish","type":"product","link":"https:\/\/stage.shop-cellularswiss.ch\/de\/produit\/usb-charger-stylecolor-universal\/","title":{"rendered":"USB Charger #Stylecolor &#8211; Universal"},"content":{"rendered":"<p>USB CHARGER ist das Ladeger\u00e4t der Produktlinie #StyleColor, das eine sichere Standard-Ladung f\u00fcr alle Ger\u00e4te erm\u00f6glicht, die keine hohe Ladeleistung erfordern. USB Charger ist das praktische Ladeger\u00e4t mit essentiellem Design und bunten Farben, das mit den anderen Produkten der #StyleColor Produktlinie kombinierbar ist.<\/p>\n","protected":false},"excerpt":{"rendered":"<p>Netzladeger\u00e4t 5 W, bunt<\/p>\n","protected":false},"featured_media":54810,"comment_status":"closed","ping_status":"closed","template":"","meta":{"_et_pb_use_builder":"","_et_pb_old_content":"","_et_gb_content_width":""},"pwb-brand":[],"product_cat":[1781,539,1784],"product_tag":[],"compatibilite":[],"compatibilite_smartphone":[],"brands":[],"_links":{"self":[{"href":"https:\/\/stage.shop-cellularswiss.ch\/de\/wp-json\/wp\/v2\/product\/52526"}],"collection":[{"href":"https:\/\/stage.shop-cellularswiss.ch\/de\/wp-json\/wp\/v2\/product"}],"about":[{"href":"https:\/\/stage.shop-cellularswiss.ch\/de\/wp-json\/wp\/v2\/types\/product"}],"replies":[{"embeddable":true,"href":"https:\/\/stage.shop-cellularswiss.ch\/de\/wp-json\/wp\/v2\/comments?post=52526"}],"wp:featuredmedia":[{"embeddable":true,"href":"https:\/\/stage.shop-cellularswiss.ch\/de\/wp-json\/wp\/v2\/media\/54810"}],"wp:attachment":[{"href":"https:\/\/stage.shop-cellularswiss.ch\/de\/wp-json\/wp\/v2\/media?parent=52526"}],"wp:term":[{"taxonomy":"pwb-brand","embeddable":true,"href":"https:\/\/stage.shop-cellularswiss.ch\/de\/wp-json\/wp\/v2\/pwb-brand?post=52526"},{"taxonomy":"product_cat","embeddable":true,"href":"https:\/\/stage.shop-cellularswiss.ch\/de\/wp-json\/wp\/v2\/product_cat?post=52526"},{"taxonomy":"product_tag","embeddable":true,"href":"https:\/\/stage.shop-cellularswiss.ch\/de\/wp-json\/wp\/v2\/product_tag?post=52526"},{"taxonomy":"compatibilite","embeddable":true,"href":"https:\/\/stage.shop-cellularswiss.ch\/de\/wp-json\/wp\/v2\/compatibilite?post=52526"},{"taxonomy":"compatibilite_smartphone","embeddable":true,"href":"https:\/\/stage.shop-cellularswiss.ch\/de\/wp-json\/wp\/v2\/compatibilite_smartphone?post=52526"}],"curies":[{"name":"wp","href":"https:\/\/api.w.org\/{rel}","templated":true}]}}