
{"id":52533,"date":"2021-03-20T14:21:36","date_gmt":"2021-03-20T13:21:36","guid":{"rendered":"https:\/\/stage.shop-cellularswiss.ch\/produit\/usb-charger-18w-huawei-lg-asus-and-other-smartphone\/"},"modified":"2021-03-20T14:21:40","modified_gmt":"2021-03-20T13:21:40","slug":"usb-charger-18w-huawei-lg-asus-and-other-smartphone","status":"publish","type":"product","link":"https:\/\/stage.shop-cellularswiss.ch\/de\/produit\/usb-charger-18w-huawei-lg-asus-and-other-smartphone\/","title":{"rendered":"USB Charger 18W &#8211; Huawei, LG, Asus and other smartphone"},"content":{"rendered":"<p>USB CHARGER 18W ist das ideale Netzladeger\u00e4t, um Huawei-Ger\u00e4te und andere Marken mit einem USB-C-Anschluss, die mit der Qualcomm\u00ae Quick Charge\u2122-Technologie kompatibel sind, bei h\u00f6chster Geschwindigkeit und absoluter Sicherheit zu laden. Das USB-zu-USB-C-Kabel ist nicht im Lieferumfang enthalten. Es gibt keinerlei Abmachung, Lizenz oder Verbindung zwischen Cellularline S.p.A. und den in den Texten und Bildern dieser Website angegebenen Markeninhabern und Namen. Alle Telefonmarken, -namen und -modelle sind Eigentum der jeweiligen Inhaber. Qualcomm is a trademark of Qualcomm Incorporated, registered in the United States and other countries. Quick Charge is a trademark of Qualcomm Incorporated. Qualcomm Quick Charge is a product of Qualcomm Technologies, Inc. and\/or its subsidiaries.<\/p>\n","protected":false},"excerpt":{"rendered":"<p>Schnelles Akkuladeger\u00e4t f\u00fcr Ger\u00e4te der neuesten Generation<\/p>\n","protected":false},"featured_media":48469,"comment_status":"closed","ping_status":"open","template":"","meta":{"_et_pb_use_builder":"","_et_pb_old_content":"","_et_gb_content_width":""},"pwb-brand":[],"product_cat":[1781,1784],"product_tag":[4545],"compatibilite":[],"compatibilite_smartphone":[4388,4386,4389,4387,4421,4390,4392,4391],"brands":[],"_links":{"self":[{"href":"https:\/\/stage.shop-cellularswiss.ch\/de\/wp-json\/wp\/v2\/product\/52533"}],"collection":[{"href":"https:\/\/stage.shop-cellularswiss.ch\/de\/wp-json\/wp\/v2\/product"}],"about":[{"href":"https:\/\/stage.shop-cellularswiss.ch\/de\/wp-json\/wp\/v2\/types\/product"}],"replies":[{"embeddable":true,"href":"https:\/\/stage.shop-cellularswiss.ch\/de\/wp-json\/wp\/v2\/comments?post=52533"}],"wp:featuredmedia":[{"embeddable":true,"href":"https:\/\/stage.shop-cellularswiss.ch\/de\/wp-json\/wp\/v2\/media\/48469"}],"wp:attachment":[{"href":"https:\/\/stage.shop-cellularswiss.ch\/de\/wp-json\/wp\/v2\/media?parent=52533"}],"wp:term":[{"taxonomy":"pwb-brand","embeddable":true,"href":"https:\/\/stage.shop-cellularswiss.ch\/de\/wp-json\/wp\/v2\/pwb-brand?post=52533"},{"taxonomy":"product_cat","embeddable":true,"href":"https:\/\/stage.shop-cellularswiss.ch\/de\/wp-json\/wp\/v2\/product_cat?post=52533"},{"taxonomy":"product_tag","embeddable":true,"href":"https:\/\/stage.shop-cellularswiss.ch\/de\/wp-json\/wp\/v2\/product_tag?post=52533"},{"taxonomy":"compatibilite","embeddable":true,"href":"https:\/\/stage.shop-cellularswiss.ch\/de\/wp-json\/wp\/v2\/compatibilite?post=52533"},{"taxonomy":"compatibilite_smartphone","embeddable":true,"href":"https:\/\/stage.shop-cellularswiss.ch\/de\/wp-json\/wp\/v2\/compatibilite_smartphone?post=52533"}],"curies":[{"name":"wp","href":"https:\/\/api.w.org\/{rel}","templated":true}]}}