
{"id":52543,"date":"2021-03-20T14:21:55","date_gmt":"2021-03-20T13:21:55","guid":{"rendered":"https:\/\/stage.shop-cellularswiss.ch\/produit\/usb-charger-kit-10w-micro-usb-samsung\/"},"modified":"2021-03-20T14:22:00","modified_gmt":"2021-03-20T13:22:00","slug":"usb-charger-kit-10w-micro-usb-samsung","status":"publish","type":"product","link":"https:\/\/stage.shop-cellularswiss.ch\/de\/produit\/usb-charger-kit-10w-micro-usb-samsung\/","title":{"rendered":"USB Charger Kit 10W &#8211; Micro USB &#8211; Samsung"},"content":{"rendered":"<p>USB CHARGER KIT 10W ist das ideale Netzladeger\u00e4t f\u00fcr Samsung-Ger\u00e4te zum schnellen und sicheren Aufladen aller Samsung-Ger\u00e4te mit Micro-USB-Anschluss, die mit der 5W-, 10W-Aufladung kompatibel sind.Das im Lieferumfang inbegriffene 100cm Kabel mit USB-C-Anschluss erm\u00f6glicht das Aufladen und \u00dcbertragen von Daten.Es gibt keinerlei Abmachung, Lizenz oder Verbindung zwischen Cellularline S.p.A. und den in den Texten und Bildern dieser Website angegebenen Markeninhabern und Namen. Alle Telefonmarken, -namen und -modelle sind Eigentum der jeweiligen Inhaber.<\/p>\n","protected":false},"excerpt":{"rendered":"<p>Schnelles Akkuladeger\u00e4t mit Micro-USB-Kabel f\u00fcr Samsung-Ger\u00e4te<\/p>\n","protected":false},"featured_media":47741,"comment_status":"closed","ping_status":"open","template":"","meta":{"_et_pb_use_builder":"","_et_pb_old_content":"","_et_gb_content_width":""},"pwb-brand":[],"product_cat":[1781,1784],"product_tag":[],"compatibilite":[],"compatibilite_smartphone":[4395],"brands":[],"_links":{"self":[{"href":"https:\/\/stage.shop-cellularswiss.ch\/de\/wp-json\/wp\/v2\/product\/52543"}],"collection":[{"href":"https:\/\/stage.shop-cellularswiss.ch\/de\/wp-json\/wp\/v2\/product"}],"about":[{"href":"https:\/\/stage.shop-cellularswiss.ch\/de\/wp-json\/wp\/v2\/types\/product"}],"replies":[{"embeddable":true,"href":"https:\/\/stage.shop-cellularswiss.ch\/de\/wp-json\/wp\/v2\/comments?post=52543"}],"wp:featuredmedia":[{"embeddable":true,"href":"https:\/\/stage.shop-cellularswiss.ch\/de\/wp-json\/wp\/v2\/media\/47741"}],"wp:attachment":[{"href":"https:\/\/stage.shop-cellularswiss.ch\/de\/wp-json\/wp\/v2\/media?parent=52543"}],"wp:term":[{"taxonomy":"pwb-brand","embeddable":true,"href":"https:\/\/stage.shop-cellularswiss.ch\/de\/wp-json\/wp\/v2\/pwb-brand?post=52543"},{"taxonomy":"product_cat","embeddable":true,"href":"https:\/\/stage.shop-cellularswiss.ch\/de\/wp-json\/wp\/v2\/product_cat?post=52543"},{"taxonomy":"product_tag","embeddable":true,"href":"https:\/\/stage.shop-cellularswiss.ch\/de\/wp-json\/wp\/v2\/product_tag?post=52543"},{"taxonomy":"compatibilite","embeddable":true,"href":"https:\/\/stage.shop-cellularswiss.ch\/de\/wp-json\/wp\/v2\/compatibilite?post=52543"},{"taxonomy":"compatibilite_smartphone","embeddable":true,"href":"https:\/\/stage.shop-cellularswiss.ch\/de\/wp-json\/wp\/v2\/compatibilite_smartphone?post=52543"}],"curies":[{"name":"wp","href":"https:\/\/api.w.org\/{rel}","templated":true}]}}