
{"id":52544,"date":"2021-03-20T11:42:43","date_gmt":"2021-03-20T13:21:59","guid":{"rendered":"https:\/\/stage.shop-cellularswiss.ch\/produit\/usb-charger-kit-12w-lightning-iphone-ipad-ipod\/"},"modified":"2021-03-20T14:22:01","modified_gmt":"2021-03-20T13:22:01","slug":"usb-charger-kit-12w-lightning-iphone-ipad-ipod","status":"publish","type":"product","link":"https:\/\/stage.shop-cellularswiss.ch\/de\/produit\/usb-charger-kit-12w-lightning-iphone-ipad-ipod\/","title":{"rendered":"USB Charger Kit 12W &#8211; Lightning &#8211; iPhone, iPad, iPod"},"content":{"rendered":"<p>USB CHARGER KIT 12W ist das Netzladeger\u00e4t f\u00fcr Apple-Ger\u00e4te, das dank des 12 W-Ausgangs schnell und absolut sicher iPhones und iPads aufladen kann.Das im Lieferumfang inbegriffene 100cm USB-zu-Lightning-Kabel erm\u00f6glicht das Aufladen und \u00dcbertragen von Daten.Es gibt keinerlei Abmachung, Lizenz oder Verbindung zwischen Cellularline S.p.A. und den in den Texten und Bildern dieser Website angegebenen Markeninhabern und Namen. Alle Telefonmarken, -namen und -modelle sind Eigentum der jeweiligen Inhaber.<\/p>\n","protected":false},"excerpt":{"rendered":"<p>Kabel und schnelles Akkuladeger\u00e4t mit 12W Leistung in einer einzigen L\u00f6sung<\/p>\n","protected":false},"featured_media":48329,"comment_status":"closed","ping_status":"closed","template":"","meta":{"_et_pb_use_builder":"","_et_pb_old_content":"","_et_gb_content_width":""},"pwb-brand":[],"product_cat":[1781,1784],"product_tag":[4545],"compatibilite":[],"compatibilite_smartphone":[4366,4469,4354,4365,4376,4436,4443,4355,4383,4441,4357,4368,4373,4381,4382,4361,4450,4437,4446,4445,4359,4377,4364,4379,4353,4374,4372,4449,4447,4380,4362,4448,4440,4358,4435,4433,4434,4453,4371,4360,4367,4465],"brands":[],"_links":{"self":[{"href":"https:\/\/stage.shop-cellularswiss.ch\/de\/wp-json\/wp\/v2\/product\/52544"}],"collection":[{"href":"https:\/\/stage.shop-cellularswiss.ch\/de\/wp-json\/wp\/v2\/product"}],"about":[{"href":"https:\/\/stage.shop-cellularswiss.ch\/de\/wp-json\/wp\/v2\/types\/product"}],"replies":[{"embeddable":true,"href":"https:\/\/stage.shop-cellularswiss.ch\/de\/wp-json\/wp\/v2\/comments?post=52544"}],"wp:featuredmedia":[{"embeddable":true,"href":"https:\/\/stage.shop-cellularswiss.ch\/de\/wp-json\/wp\/v2\/media\/48329"}],"wp:attachment":[{"href":"https:\/\/stage.shop-cellularswiss.ch\/de\/wp-json\/wp\/v2\/media?parent=52544"}],"wp:term":[{"taxonomy":"pwb-brand","embeddable":true,"href":"https:\/\/stage.shop-cellularswiss.ch\/de\/wp-json\/wp\/v2\/pwb-brand?post=52544"},{"taxonomy":"product_cat","embeddable":true,"href":"https:\/\/stage.shop-cellularswiss.ch\/de\/wp-json\/wp\/v2\/product_cat?post=52544"},{"taxonomy":"product_tag","embeddable":true,"href":"https:\/\/stage.shop-cellularswiss.ch\/de\/wp-json\/wp\/v2\/product_tag?post=52544"},{"taxonomy":"compatibilite","embeddable":true,"href":"https:\/\/stage.shop-cellularswiss.ch\/de\/wp-json\/wp\/v2\/compatibilite?post=52544"},{"taxonomy":"compatibilite_smartphone","embeddable":true,"href":"https:\/\/stage.shop-cellularswiss.ch\/de\/wp-json\/wp\/v2\/compatibilite_smartphone?post=52544"}],"curies":[{"name":"wp","href":"https:\/\/api.w.org\/{rel}","templated":true}]}}