
{"id":52545,"date":"2021-03-20T14:21:59","date_gmt":"2021-03-20T13:21:59","guid":{"rendered":"https:\/\/stage.shop-cellularswiss.ch\/produit\/usb-charger-kit-18w-usb-c-huawei-lg-asus-and-other-smartphone\/"},"modified":"2021-10-06T16:45:22","modified_gmt":"2021-10-06T14:45:22","slug":"usb-charger-kit-18w-usb-c-huawei-lg-asus-and-other-smartphone","status":"publish","type":"product","link":"https:\/\/stage.shop-cellularswiss.ch\/de\/produit\/usb-charger-kit-18w-usb-c-huawei-lg-asus-and-other-smartphone\/","title":{"rendered":"USB Charger Kit 18W &#8211; USB-C &#8211; Huawei, LG, Asus and other smartphone"},"content":{"rendered":"<p>USB CHARGER KIT 18W ist das ideale Netzladeger\u00e4t, um Huawei-Ger\u00e4te und Ger\u00e4te anderer Marken mit USB-C-Anschluss und kompatibel mit der Qualcomm\u00ae Quick Charge\u2122-Technologie bei h\u00f6chster Geschwindigkeit und absoluter Sicherheit aufzuladen. Das im Lieferumfang inbegriffene 100cm Kabel mit USB-C-Anschluss erm\u00f6glicht das Aufladen und \u00dcbertragen von Daten. Es gibt keinerlei Abmachung, Lizenz oder Verbindung zwischen Cellularline S.p.A. und den in den Texten und Bildern dieser Website angegebenen Markeninhabern und Namen. Alle Telefonmarken, -namen und -modelle sind Eigentum der jeweiligen Inhaber. Qualcomm is a trademark of Qualcomm Incorporated, registered in the United States and other countries. Quick Charge is a trademark of Qualcomm Incorporated. Qualcomm Quick Charge is a product of Qualcomm Technologies, Inc. and\/or its subsidiaries.<\/p>\n","protected":false},"excerpt":{"rendered":"<p>Schnelles Akkuladeger\u00e4t inklusive Typ-C-Ladekabel<\/p>\n","protected":false},"featured_media":48449,"comment_status":"closed","ping_status":"open","template":"","meta":{"_et_pb_use_builder":"","_et_pb_old_content":"","_et_gb_content_width":""},"pwb-brand":[],"product_cat":[1781,1784],"product_tag":[],"compatibilite":[],"compatibilite_smartphone":[4385,4389,4387,4421,4390,4392,4391],"brands":[],"_links":{"self":[{"href":"https:\/\/stage.shop-cellularswiss.ch\/de\/wp-json\/wp\/v2\/product\/52545"}],"collection":[{"href":"https:\/\/stage.shop-cellularswiss.ch\/de\/wp-json\/wp\/v2\/product"}],"about":[{"href":"https:\/\/stage.shop-cellularswiss.ch\/de\/wp-json\/wp\/v2\/types\/product"}],"replies":[{"embeddable":true,"href":"https:\/\/stage.shop-cellularswiss.ch\/de\/wp-json\/wp\/v2\/comments?post=52545"}],"wp:featuredmedia":[{"embeddable":true,"href":"https:\/\/stage.shop-cellularswiss.ch\/de\/wp-json\/wp\/v2\/media\/48449"}],"wp:attachment":[{"href":"https:\/\/stage.shop-cellularswiss.ch\/de\/wp-json\/wp\/v2\/media?parent=52545"}],"wp:term":[{"taxonomy":"pwb-brand","embeddable":true,"href":"https:\/\/stage.shop-cellularswiss.ch\/de\/wp-json\/wp\/v2\/pwb-brand?post=52545"},{"taxonomy":"product_cat","embeddable":true,"href":"https:\/\/stage.shop-cellularswiss.ch\/de\/wp-json\/wp\/v2\/product_cat?post=52545"},{"taxonomy":"product_tag","embeddable":true,"href":"https:\/\/stage.shop-cellularswiss.ch\/de\/wp-json\/wp\/v2\/product_tag?post=52545"},{"taxonomy":"compatibilite","embeddable":true,"href":"https:\/\/stage.shop-cellularswiss.ch\/de\/wp-json\/wp\/v2\/compatibilite?post=52545"},{"taxonomy":"compatibilite_smartphone","embeddable":true,"href":"https:\/\/stage.shop-cellularswiss.ch\/de\/wp-json\/wp\/v2\/compatibilite_smartphone?post=52545"}],"curies":[{"name":"wp","href":"https:\/\/api.w.org\/{rel}","templated":true}]}}