
{"id":52546,"date":"2021-03-20T11:42:49","date_gmt":"2021-03-20T13:22:04","guid":{"rendered":"https:\/\/stage.shop-cellularswiss.ch\/produit\/usb-charger-kit-2a-micro-usb-huawei-lg-asus-and-other-smartphone\/"},"modified":"2021-03-20T14:22:06","modified_gmt":"2021-03-20T13:22:06","slug":"usb-charger-kit-2a-micro-usb-huawei-lg-asus-and-other-smartphone","status":"publish","type":"product","link":"https:\/\/stage.shop-cellularswiss.ch\/de\/produit\/usb-charger-kit-2a-micro-usb-huawei-lg-asus-and-other-smartphone\/","title":{"rendered":"USB Charger Kit 2A &#8211; Micro USB &#8211; Huawei, LG, Asus and other smartphone"},"content":{"rendered":"<p>USB CHARGER KIT 2A ist das Netzladeger\u00e4t f\u00fcr Huawei-Ger\u00e4te und Ger\u00e4te anderer Marken, das dank des 2A-Ausgangs die meisten Ger\u00e4te mit Micro-USB-Anschluss, die mit einer Ladetechnologie von 1A und 2A kompatibel sind, schnell und sicher aufladen kann. Das im Lieferumfang inbegriffene 100cm Kabel mit Micro-USB-Anschluss erm\u00f6glicht das Aufladen und \u00dcbertragen von Daten. Es gibt keinerlei Abmachung, Lizenz oder Verbindung zwischen Cellularline S.p.A. und den in den Texten und Bildern dieser Website angegebenen Markeninhabern und Namen. Alle Telefonmarken, -namen und -modelle sind Eigentum der jeweiligen Inhaber.<\/p>\n","protected":false},"excerpt":{"rendered":"<p>Kabel und schnelles Akkuladeger\u00e4t mit 10W Leistung in einer einzigen L\u00f6sung<\/p>\n","protected":false},"featured_media":48425,"comment_status":"closed","ping_status":"closed","template":"","meta":{"_et_pb_use_builder":"","_et_pb_old_content":"","_et_gb_content_width":""},"pwb-brand":[],"product_cat":[1781,1784],"product_tag":[4545],"compatibilite":[],"compatibilite_smartphone":[4388,4386],"brands":[],"_links":{"self":[{"href":"https:\/\/stage.shop-cellularswiss.ch\/de\/wp-json\/wp\/v2\/product\/52546"}],"collection":[{"href":"https:\/\/stage.shop-cellularswiss.ch\/de\/wp-json\/wp\/v2\/product"}],"about":[{"href":"https:\/\/stage.shop-cellularswiss.ch\/de\/wp-json\/wp\/v2\/types\/product"}],"replies":[{"embeddable":true,"href":"https:\/\/stage.shop-cellularswiss.ch\/de\/wp-json\/wp\/v2\/comments?post=52546"}],"wp:featuredmedia":[{"embeddable":true,"href":"https:\/\/stage.shop-cellularswiss.ch\/de\/wp-json\/wp\/v2\/media\/48425"}],"wp:attachment":[{"href":"https:\/\/stage.shop-cellularswiss.ch\/de\/wp-json\/wp\/v2\/media?parent=52546"}],"wp:term":[{"taxonomy":"pwb-brand","embeddable":true,"href":"https:\/\/stage.shop-cellularswiss.ch\/de\/wp-json\/wp\/v2\/pwb-brand?post=52546"},{"taxonomy":"product_cat","embeddable":true,"href":"https:\/\/stage.shop-cellularswiss.ch\/de\/wp-json\/wp\/v2\/product_cat?post=52546"},{"taxonomy":"product_tag","embeddable":true,"href":"https:\/\/stage.shop-cellularswiss.ch\/de\/wp-json\/wp\/v2\/product_tag?post=52546"},{"taxonomy":"compatibilite","embeddable":true,"href":"https:\/\/stage.shop-cellularswiss.ch\/de\/wp-json\/wp\/v2\/compatibilite?post=52546"},{"taxonomy":"compatibilite_smartphone","embeddable":true,"href":"https:\/\/stage.shop-cellularswiss.ch\/de\/wp-json\/wp\/v2\/compatibilite_smartphone?post=52546"}],"curies":[{"name":"wp","href":"https:\/\/api.w.org\/{rel}","templated":true}]}}