
{"id":52547,"date":"2021-03-20T11:42:52","date_gmt":"2021-03-20T13:22:04","guid":{"rendered":"https:\/\/stage.shop-cellularswiss.ch\/produit\/usb-charger-kit-3-in-1-micro-usb\/"},"modified":"2021-03-20T14:22:08","modified_gmt":"2021-03-20T13:22:08","slug":"usb-charger-kit-3-in-1-micro-usb","status":"publish","type":"product","link":"https:\/\/stage.shop-cellularswiss.ch\/de\/produit\/usb-charger-kit-3-in-1-micro-usb\/","title":{"rendered":"USB Charger Kit 3 In 1 &#8211; Micro USB"},"content":{"rendered":"<p>Das Kit besteht aus einem Netzladeger\u00e4t, einem Akkuladeger\u00e4t f\u00fcr das Auto und einem abnehmbaren USB-Kabel zum Aufladen von Smartphones mit Micro-USB-Anschluss in jeder Situation, auch indem man es an die USB-Buchse des Computers anschlie\u00dft.<\/p>\n","protected":false},"excerpt":{"rendered":"<p>Netzladeger\u00e4t, Akkuladeger\u00e4t f\u00fcr das Auto und Kabel in einer einzigen L\u00f6sung<\/p>\n","protected":false},"featured_media":54678,"comment_status":"closed","ping_status":"closed","template":"","meta":{"_et_pb_use_builder":"","_et_pb_old_content":"","_et_gb_content_width":""},"pwb-brand":[],"product_cat":[1781,539,1809],"product_tag":[],"compatibilite":[],"compatibilite_smartphone":[],"brands":[],"_links":{"self":[{"href":"https:\/\/stage.shop-cellularswiss.ch\/de\/wp-json\/wp\/v2\/product\/52547"}],"collection":[{"href":"https:\/\/stage.shop-cellularswiss.ch\/de\/wp-json\/wp\/v2\/product"}],"about":[{"href":"https:\/\/stage.shop-cellularswiss.ch\/de\/wp-json\/wp\/v2\/types\/product"}],"replies":[{"embeddable":true,"href":"https:\/\/stage.shop-cellularswiss.ch\/de\/wp-json\/wp\/v2\/comments?post=52547"}],"wp:featuredmedia":[{"embeddable":true,"href":"https:\/\/stage.shop-cellularswiss.ch\/de\/wp-json\/wp\/v2\/media\/54678"}],"wp:attachment":[{"href":"https:\/\/stage.shop-cellularswiss.ch\/de\/wp-json\/wp\/v2\/media?parent=52547"}],"wp:term":[{"taxonomy":"pwb-brand","embeddable":true,"href":"https:\/\/stage.shop-cellularswiss.ch\/de\/wp-json\/wp\/v2\/pwb-brand?post=52547"},{"taxonomy":"product_cat","embeddable":true,"href":"https:\/\/stage.shop-cellularswiss.ch\/de\/wp-json\/wp\/v2\/product_cat?post=52547"},{"taxonomy":"product_tag","embeddable":true,"href":"https:\/\/stage.shop-cellularswiss.ch\/de\/wp-json\/wp\/v2\/product_tag?post=52547"},{"taxonomy":"compatibilite","embeddable":true,"href":"https:\/\/stage.shop-cellularswiss.ch\/de\/wp-json\/wp\/v2\/compatibilite?post=52547"},{"taxonomy":"compatibilite_smartphone","embeddable":true,"href":"https:\/\/stage.shop-cellularswiss.ch\/de\/wp-json\/wp\/v2\/compatibilite_smartphone?post=52547"}],"curies":[{"name":"wp","href":"https:\/\/api.w.org\/{rel}","templated":true}]}}