
{"id":52548,"date":"2021-03-20T11:42:54","date_gmt":"2021-03-20T13:22:07","guid":{"rendered":"https:\/\/stage.shop-cellularswiss.ch\/produit\/usb-charger-kit-3-in-1-5w-lightning-iphone-and-ipod\/"},"modified":"2021-03-20T14:22:09","modified_gmt":"2021-03-20T13:22:09","slug":"usb-charger-kit-3-in-1-5w-lightning-iphone-and-ipod","status":"publish","type":"product","link":"https:\/\/stage.shop-cellularswiss.ch\/de\/produit\/usb-charger-kit-3-in-1-5w-lightning-iphone-and-ipod\/","title":{"rendered":"USB Charger Kit 3 In 1 5W &#8211; Lightning &#8211; iPhone and iPod"},"content":{"rendered":"<p>Set mit Akkuladeger\u00e4t f\u00fcr das Auto, Netzladeger\u00e4t und abnehmbarem USB-Kabel zur Aufladung von iPhone und iPod in jeder Situation \u2013 auch \u00fcber die USB-Buchse des PC. Zertifiziert Made for iPhone<\/p>\n","protected":false},"excerpt":{"rendered":"<p>Autoladeger\u00e4t 5W + Netzladeger\u00e4t 5W mit Lightning-Kabel<\/p>\n","protected":false},"featured_media":54682,"comment_status":"closed","ping_status":"closed","template":"","meta":{"_et_pb_use_builder":"","_et_pb_old_content":"","_et_gb_content_width":""},"pwb-brand":[],"product_cat":[3848,1781],"product_tag":[],"compatibilite":[],"compatibilite_smartphone":[],"brands":[],"_links":{"self":[{"href":"https:\/\/stage.shop-cellularswiss.ch\/de\/wp-json\/wp\/v2\/product\/52548"}],"collection":[{"href":"https:\/\/stage.shop-cellularswiss.ch\/de\/wp-json\/wp\/v2\/product"}],"about":[{"href":"https:\/\/stage.shop-cellularswiss.ch\/de\/wp-json\/wp\/v2\/types\/product"}],"replies":[{"embeddable":true,"href":"https:\/\/stage.shop-cellularswiss.ch\/de\/wp-json\/wp\/v2\/comments?post=52548"}],"wp:featuredmedia":[{"embeddable":true,"href":"https:\/\/stage.shop-cellularswiss.ch\/de\/wp-json\/wp\/v2\/media\/54682"}],"wp:attachment":[{"href":"https:\/\/stage.shop-cellularswiss.ch\/de\/wp-json\/wp\/v2\/media?parent=52548"}],"wp:term":[{"taxonomy":"pwb-brand","embeddable":true,"href":"https:\/\/stage.shop-cellularswiss.ch\/de\/wp-json\/wp\/v2\/pwb-brand?post=52548"},{"taxonomy":"product_cat","embeddable":true,"href":"https:\/\/stage.shop-cellularswiss.ch\/de\/wp-json\/wp\/v2\/product_cat?post=52548"},{"taxonomy":"product_tag","embeddable":true,"href":"https:\/\/stage.shop-cellularswiss.ch\/de\/wp-json\/wp\/v2\/product_tag?post=52548"},{"taxonomy":"compatibilite","embeddable":true,"href":"https:\/\/stage.shop-cellularswiss.ch\/de\/wp-json\/wp\/v2\/compatibilite?post=52548"},{"taxonomy":"compatibilite_smartphone","embeddable":true,"href":"https:\/\/stage.shop-cellularswiss.ch\/de\/wp-json\/wp\/v2\/compatibilite_smartphone?post=52548"}],"curies":[{"name":"wp","href":"https:\/\/api.w.org\/{rel}","templated":true}]}}