
{"id":52552,"date":"2021-03-20T11:43:04","date_gmt":"2021-03-20T13:22:14","guid":{"rendered":"https:\/\/stage.shop-cellularswiss.ch\/produit\/usb-charger-unique-design-apple\/"},"modified":"2021-03-20T14:22:16","modified_gmt":"2021-03-20T13:22:16","slug":"usb-charger-unique-design-apple","status":"publish","type":"product","link":"https:\/\/stage.shop-cellularswiss.ch\/de\/produit\/usb-charger-unique-design-apple\/","title":{"rendered":"USB Charger UNIQUE DESIGN &#8211; Apple"},"content":{"rendered":"<p>USB Charger ist das Netzladeger\u00e4t der exklusiven Unique Design-Produktlinie, das dein iPhone um bis zu 30% schneller l\u00e4dt. Das Ladeger\u00e4t wird unter Einsatz innovativer Elektronik gefertigt, um w\u00e4hrend des gesamten Ladevorgangs den Schutz vor \u00dcberhitzung, \u00dcberlastung und Kurzschl\u00fcssen sicherzustellen. USB Charger wird in vier Farben angeboten, die sich perfekt dem iPhone-Design anpassen. Dieses Ladeger\u00e4t ist perfekt f\u00fcr alle,die ihr Ger\u00e4t maximal aufwerten m\u00f6chten.<\/p>\n","protected":false},"excerpt":{"rendered":"<p>USB-Netzladeger\u00e4t f\u00fcr Apple-Ger\u00e4te<\/p>\n","protected":false},"featured_media":54558,"comment_status":"closed","ping_status":"closed","template":"","meta":{"_et_pb_use_builder":"","_et_pb_old_content":"","_et_gb_content_width":""},"pwb-brand":[],"product_cat":[1781,539,1784],"product_tag":[],"compatibilite":[],"compatibilite_smartphone":[],"brands":[],"_links":{"self":[{"href":"https:\/\/stage.shop-cellularswiss.ch\/de\/wp-json\/wp\/v2\/product\/52552"}],"collection":[{"href":"https:\/\/stage.shop-cellularswiss.ch\/de\/wp-json\/wp\/v2\/product"}],"about":[{"href":"https:\/\/stage.shop-cellularswiss.ch\/de\/wp-json\/wp\/v2\/types\/product"}],"replies":[{"embeddable":true,"href":"https:\/\/stage.shop-cellularswiss.ch\/de\/wp-json\/wp\/v2\/comments?post=52552"}],"wp:featuredmedia":[{"embeddable":true,"href":"https:\/\/stage.shop-cellularswiss.ch\/de\/wp-json\/wp\/v2\/media\/54558"}],"wp:attachment":[{"href":"https:\/\/stage.shop-cellularswiss.ch\/de\/wp-json\/wp\/v2\/media?parent=52552"}],"wp:term":[{"taxonomy":"pwb-brand","embeddable":true,"href":"https:\/\/stage.shop-cellularswiss.ch\/de\/wp-json\/wp\/v2\/pwb-brand?post=52552"},{"taxonomy":"product_cat","embeddable":true,"href":"https:\/\/stage.shop-cellularswiss.ch\/de\/wp-json\/wp\/v2\/product_cat?post=52552"},{"taxonomy":"product_tag","embeddable":true,"href":"https:\/\/stage.shop-cellularswiss.ch\/de\/wp-json\/wp\/v2\/product_tag?post=52552"},{"taxonomy":"compatibilite","embeddable":true,"href":"https:\/\/stage.shop-cellularswiss.ch\/de\/wp-json\/wp\/v2\/compatibilite?post=52552"},{"taxonomy":"compatibilite_smartphone","embeddable":true,"href":"https:\/\/stage.shop-cellularswiss.ch\/de\/wp-json\/wp\/v2\/compatibilite_smartphone?post=52552"}],"curies":[{"name":"wp","href":"https:\/\/api.w.org\/{rel}","templated":true}]}}