
{"id":52554,"date":"2021-03-20T11:43:09","date_gmt":"2021-03-20T13:22:17","guid":{"rendered":"https:\/\/stage.shop-cellularswiss.ch\/produit\/usb-data-cable-longlife-lightning\/"},"modified":"2021-03-20T14:22:19","modified_gmt":"2021-03-20T13:22:19","slug":"usb-data-cable-longlife-lightning","status":"publish","type":"product","link":"https:\/\/stage.shop-cellularswiss.ch\/de\/produit\/usb-data-cable-longlife-lightning\/","title":{"rendered":"USB Data Cable Longlife &#8211; Lightning"},"content":{"rendered":"<p>Dank des rei\u00dffesten Kabels und des Metall-Steckers ist es viel widerstandsf\u00e4higer als Standard-Datenkabel. Mit Lightning Anschluss ist es in den iPhone Farben verf\u00fcgbar. Zertifiziert Made for iPhone, iPod und iPad.<\/p>\n","protected":false},"excerpt":{"rendered":"<p>Rei\u00dffestes Kabel und maximale Widerstandsf\u00e4higkeit<\/p>\n","protected":false},"featured_media":54258,"comment_status":"closed","ping_status":"closed","template":"","meta":{"_et_pb_use_builder":"","_et_pb_old_content":"","_et_gb_content_width":""},"pwb-brand":[],"product_cat":[3863,1781],"product_tag":[],"compatibilite":[],"compatibilite_smartphone":[4366,4469,4384,4365,4436,4443,4441,4381,4382,4361,4437,4439,4438,4446,4442,4445,4444,4449,4447,4380,4362,4440,4358,4435,4433,4434],"brands":[],"_links":{"self":[{"href":"https:\/\/stage.shop-cellularswiss.ch\/de\/wp-json\/wp\/v2\/product\/52554"}],"collection":[{"href":"https:\/\/stage.shop-cellularswiss.ch\/de\/wp-json\/wp\/v2\/product"}],"about":[{"href":"https:\/\/stage.shop-cellularswiss.ch\/de\/wp-json\/wp\/v2\/types\/product"}],"replies":[{"embeddable":true,"href":"https:\/\/stage.shop-cellularswiss.ch\/de\/wp-json\/wp\/v2\/comments?post=52554"}],"wp:featuredmedia":[{"embeddable":true,"href":"https:\/\/stage.shop-cellularswiss.ch\/de\/wp-json\/wp\/v2\/media\/54258"}],"wp:attachment":[{"href":"https:\/\/stage.shop-cellularswiss.ch\/de\/wp-json\/wp\/v2\/media?parent=52554"}],"wp:term":[{"taxonomy":"pwb-brand","embeddable":true,"href":"https:\/\/stage.shop-cellularswiss.ch\/de\/wp-json\/wp\/v2\/pwb-brand?post=52554"},{"taxonomy":"product_cat","embeddable":true,"href":"https:\/\/stage.shop-cellularswiss.ch\/de\/wp-json\/wp\/v2\/product_cat?post=52554"},{"taxonomy":"product_tag","embeddable":true,"href":"https:\/\/stage.shop-cellularswiss.ch\/de\/wp-json\/wp\/v2\/product_tag?post=52554"},{"taxonomy":"compatibilite","embeddable":true,"href":"https:\/\/stage.shop-cellularswiss.ch\/de\/wp-json\/wp\/v2\/compatibilite?post=52554"},{"taxonomy":"compatibilite_smartphone","embeddable":true,"href":"https:\/\/stage.shop-cellularswiss.ch\/de\/wp-json\/wp\/v2\/compatibilite_smartphone?post=52554"}],"curies":[{"name":"wp","href":"https:\/\/api.w.org\/{rel}","templated":true}]}}