
{"id":52555,"date":"2021-03-20T11:43:11","date_gmt":"2021-03-20T13:22:17","guid":{"rendered":"https:\/\/stage.shop-cellularswiss.ch\/produit\/usb-data-cable-longlife-micro-usb\/"},"modified":"2021-03-20T14:22:21","modified_gmt":"2021-03-20T13:22:21","slug":"usb-data-cable-longlife-micro-usb","status":"publish","type":"product","link":"https:\/\/stage.shop-cellularswiss.ch\/de\/produit\/usb-data-cable-longlife-micro-usb\/","title":{"rendered":"USB Data Cable Longlife &#8211; Micro USB"},"content":{"rendered":"<p>Dank des rei\u00dffesten Kabels und des Metall-Steckers ist es viel widerstandsf\u00e4higer als Standard-Datenkabel. Mit Micro-USB-Anschluss ausgestattet, ist es in den Farben der g\u00e4ngigsten Smartphones verf\u00fcgbar.<\/p>\n","protected":false},"excerpt":{"rendered":"<p>Rei\u00dffestes Kabel und maximale Widerstandsf\u00e4higkeit<\/p>\n","protected":false},"featured_media":54254,"comment_status":"closed","ping_status":"closed","template":"","meta":{"_et_pb_use_builder":"","_et_pb_old_content":"","_et_gb_content_width":""},"pwb-brand":[],"product_cat":[3863,1781,539],"product_tag":[],"compatibilite":[],"compatibilite_smartphone":[4388,4386,4395,4398],"brands":[],"_links":{"self":[{"href":"https:\/\/stage.shop-cellularswiss.ch\/de\/wp-json\/wp\/v2\/product\/52555"}],"collection":[{"href":"https:\/\/stage.shop-cellularswiss.ch\/de\/wp-json\/wp\/v2\/product"}],"about":[{"href":"https:\/\/stage.shop-cellularswiss.ch\/de\/wp-json\/wp\/v2\/types\/product"}],"replies":[{"embeddable":true,"href":"https:\/\/stage.shop-cellularswiss.ch\/de\/wp-json\/wp\/v2\/comments?post=52555"}],"wp:featuredmedia":[{"embeddable":true,"href":"https:\/\/stage.shop-cellularswiss.ch\/de\/wp-json\/wp\/v2\/media\/54254"}],"wp:attachment":[{"href":"https:\/\/stage.shop-cellularswiss.ch\/de\/wp-json\/wp\/v2\/media?parent=52555"}],"wp:term":[{"taxonomy":"pwb-brand","embeddable":true,"href":"https:\/\/stage.shop-cellularswiss.ch\/de\/wp-json\/wp\/v2\/pwb-brand?post=52555"},{"taxonomy":"product_cat","embeddable":true,"href":"https:\/\/stage.shop-cellularswiss.ch\/de\/wp-json\/wp\/v2\/product_cat?post=52555"},{"taxonomy":"product_tag","embeddable":true,"href":"https:\/\/stage.shop-cellularswiss.ch\/de\/wp-json\/wp\/v2\/product_tag?post=52555"},{"taxonomy":"compatibilite","embeddable":true,"href":"https:\/\/stage.shop-cellularswiss.ch\/de\/wp-json\/wp\/v2\/compatibilite?post=52555"},{"taxonomy":"compatibilite_smartphone","embeddable":true,"href":"https:\/\/stage.shop-cellularswiss.ch\/de\/wp-json\/wp\/v2\/compatibilite_smartphone?post=52555"}],"curies":[{"name":"wp","href":"https:\/\/api.w.org\/{rel}","templated":true}]}}