
{"id":52559,"date":"2021-03-20T11:43:20","date_gmt":"2021-03-20T13:22:23","guid":{"rendered":"https:\/\/stage.shop-cellularswiss.ch\/produit\/usb-practicable-usb-c\/"},"modified":"2021-03-20T14:22:27","modified_gmt":"2021-03-20T13:22:27","slug":"usb-practicable-usb-c","status":"publish","type":"product","link":"https:\/\/stage.shop-cellularswiss.ch\/de\/produit\/usb-practicable-usb-c\/","title":{"rendered":"USB PractiCable &#8211; USB-C"},"content":{"rendered":"<p>Practicable ist ein Kabel mit einem 90\u00b0-Stecker, mit dem das Kabel an das Ladeger\u00e4t angeschlossen werden kann, ohne dass es zu weit von der Wand absteht. So lassen sich Sto\u00dfeinwirkungen vermeiden und es wird kein Platz vergeudet. Au\u00dferdem kann das Telefon dank dieser besonderen Form des Steckers auch dann verwendet werden, wenn der Benutzer liegt oder das Ger\u00e4t auf einem Tisch ablegt. F\u00fcr alle Ger\u00e4te mit USB-C-Buchse.<\/p>\n","protected":false},"excerpt":{"rendered":"<p>Platzsparendes Kabel zum Laden und Datensynchronisieren<\/p>\n","protected":false},"featured_media":63042,"comment_status":"closed","ping_status":"closed","template":"","meta":{"_et_pb_use_builder":"","_et_pb_old_content":"","_et_gb_content_width":""},"pwb-brand":[],"product_cat":[3863,1781],"product_tag":[],"compatibilite":[],"compatibilite_smartphone":[4417,4419,4420,4418,4385,4389,4387,4421,4390,4415,4402,4406,4414,4405,4408,4403,4407,4404,4410,4422,4409,4427,4428,4423,4401,4400,4431,4425,4424,4429,4430,4397,4416,4411,4426,4392,4391],"brands":[],"_links":{"self":[{"href":"https:\/\/stage.shop-cellularswiss.ch\/de\/wp-json\/wp\/v2\/product\/52559"}],"collection":[{"href":"https:\/\/stage.shop-cellularswiss.ch\/de\/wp-json\/wp\/v2\/product"}],"about":[{"href":"https:\/\/stage.shop-cellularswiss.ch\/de\/wp-json\/wp\/v2\/types\/product"}],"replies":[{"embeddable":true,"href":"https:\/\/stage.shop-cellularswiss.ch\/de\/wp-json\/wp\/v2\/comments?post=52559"}],"wp:featuredmedia":[{"embeddable":true,"href":"https:\/\/stage.shop-cellularswiss.ch\/de\/wp-json\/wp\/v2\/media\/63042"}],"wp:attachment":[{"href":"https:\/\/stage.shop-cellularswiss.ch\/de\/wp-json\/wp\/v2\/media?parent=52559"}],"wp:term":[{"taxonomy":"pwb-brand","embeddable":true,"href":"https:\/\/stage.shop-cellularswiss.ch\/de\/wp-json\/wp\/v2\/pwb-brand?post=52559"},{"taxonomy":"product_cat","embeddable":true,"href":"https:\/\/stage.shop-cellularswiss.ch\/de\/wp-json\/wp\/v2\/product_cat?post=52559"},{"taxonomy":"product_tag","embeddable":true,"href":"https:\/\/stage.shop-cellularswiss.ch\/de\/wp-json\/wp\/v2\/product_tag?post=52559"},{"taxonomy":"compatibilite","embeddable":true,"href":"https:\/\/stage.shop-cellularswiss.ch\/de\/wp-json\/wp\/v2\/compatibilite?post=52559"},{"taxonomy":"compatibilite_smartphone","embeddable":true,"href":"https:\/\/stage.shop-cellularswiss.ch\/de\/wp-json\/wp\/v2\/compatibilite_smartphone?post=52559"}],"curies":[{"name":"wp","href":"https:\/\/api.w.org\/{rel}","templated":true}]}}