
{"id":52562,"date":"2021-03-20T11:43:28","date_gmt":"2021-03-20T13:22:30","guid":{"rendered":"https:\/\/stage.shop-cellularswiss.ch\/produit\/usb-c-charger-20w-iphone-8-or-later\/"},"modified":"2021-12-29T16:47:01","modified_gmt":"2021-12-29T15:47:01","slug":"usb-c-charger-20w-iphone-8-or-later","status":"publish","type":"product","link":"https:\/\/stage.shop-cellularswiss.ch\/de\/produit\/usb-c-charger-20w-iphone-8-or-later\/","title":{"rendered":"USB-C Charger 20W &#8211; iPhone 8 or later"},"content":{"rendered":"<p>USB-C CHARGER 20W ist das Netzladeger\u00e4t, das die perfekte L\u00f6sung bietet, um alle Apple-Ger\u00e4te, die mit der USB-C 20W-Ladetechnologie kompatibel sind, mit maximaler Geschwindigkeit und in v\u00f6lliger Sicherheit zu laden. Das 20W USB-C Ladeger\u00e4t l\u00e4dt das iPhone 8 und neuere Modelle sowie iPads mit maximaler Geschwindigkeit.<\/p>\n","protected":false},"excerpt":{"rendered":"<p>Netzladeger\u00e4t USB-C 20 W zum Aufladen von iPhone 8 und sp\u00e4teren Modellen bei der h\u00f6chsten Geschwindigkeit<\/p>\n","protected":false},"featured_media":62832,"comment_status":"closed","ping_status":"closed","template":"","meta":{"_et_pb_use_builder":"","_et_pb_old_content":"","_et_gb_content_width":""},"pwb-brand":[],"product_cat":[4540,1781,1784],"product_tag":[],"compatibilite":[],"compatibilite_smartphone":[4443,4446,4442,4445,4444,4468],"brands":[],"_links":{"self":[{"href":"https:\/\/stage.shop-cellularswiss.ch\/de\/wp-json\/wp\/v2\/product\/52562"}],"collection":[{"href":"https:\/\/stage.shop-cellularswiss.ch\/de\/wp-json\/wp\/v2\/product"}],"about":[{"href":"https:\/\/stage.shop-cellularswiss.ch\/de\/wp-json\/wp\/v2\/types\/product"}],"replies":[{"embeddable":true,"href":"https:\/\/stage.shop-cellularswiss.ch\/de\/wp-json\/wp\/v2\/comments?post=52562"}],"wp:featuredmedia":[{"embeddable":true,"href":"https:\/\/stage.shop-cellularswiss.ch\/de\/wp-json\/wp\/v2\/media\/62832"}],"wp:attachment":[{"href":"https:\/\/stage.shop-cellularswiss.ch\/de\/wp-json\/wp\/v2\/media?parent=52562"}],"wp:term":[{"taxonomy":"pwb-brand","embeddable":true,"href":"https:\/\/stage.shop-cellularswiss.ch\/de\/wp-json\/wp\/v2\/pwb-brand?post=52562"},{"taxonomy":"product_cat","embeddable":true,"href":"https:\/\/stage.shop-cellularswiss.ch\/de\/wp-json\/wp\/v2\/product_cat?post=52562"},{"taxonomy":"product_tag","embeddable":true,"href":"https:\/\/stage.shop-cellularswiss.ch\/de\/wp-json\/wp\/v2\/product_tag?post=52562"},{"taxonomy":"compatibilite","embeddable":true,"href":"https:\/\/stage.shop-cellularswiss.ch\/de\/wp-json\/wp\/v2\/compatibilite?post=52562"},{"taxonomy":"compatibilite_smartphone","embeddable":true,"href":"https:\/\/stage.shop-cellularswiss.ch\/de\/wp-json\/wp\/v2\/compatibilite_smartphone?post=52562"}],"curies":[{"name":"wp","href":"https:\/\/api.w.org\/{rel}","templated":true}]}}