
{"id":52563,"date":"2021-03-20T11:43:30","date_gmt":"2021-03-20T13:22:30","guid":{"rendered":"https:\/\/stage.shop-cellularswiss.ch\/produit\/usb-c-charger-kit-20w-usb-c-to-lightning-iphone-8-or-later\/"},"modified":"2021-03-20T14:22:34","modified_gmt":"2021-03-20T13:22:34","slug":"usb-c-charger-kit-20w-usb-c-to-lightning-iphone-8-or-later","status":"publish","type":"product","link":"https:\/\/stage.shop-cellularswiss.ch\/de\/produit\/usb-c-charger-kit-20w-usb-c-to-lightning-iphone-8-or-later\/","title":{"rendered":"USB-C Charger Kit 20W &#8211; USB-C to Lightning &#8211; iPhone 8 or later"},"content":{"rendered":"<p>USB-C CHARGER KIT 20W ist das Netzladeger\u00e4t, das die perfekte L\u00f6sung f\u00fcr das Aufladen aller Apple-Ger\u00e4te bietet, die mit der USB-C-Ladetechnologie 20W kompatibel sind, mit maximaler Geschwindigkeit und in v\u00f6lliger Sicherheit. Das 20-W-USB-C-Ladeger\u00e4t l\u00e4dt das iPhone 8 und neuere Modelle sowie iPads mit Lightning-Anschluss mit maximaler Geschwindigkeit auf. Das Paket enth\u00e4lt ein 100 cm langes USB-C-auf-Lightning-Kabel, mit dem Sie Ger\u00e4te aufladen und Daten \u00fcbertragen k\u00f6nnen, auch mit MacBooks und anderen Laptops mit USB-C-Anschluss.<\/p>\n","protected":false},"excerpt":{"rendered":"<p>Netzladeger\u00e4t USB-C 20 W zum Aufladen von iPhone 8 und sp\u00e4teren Modellen mit USB-C auf Lightning-Kabel bei der h\u00f6chsten Geschwindigkeit<\/p>\n","protected":false},"featured_media":34152,"comment_status":"closed","ping_status":"closed","template":"","meta":{"_et_pb_use_builder":"","_et_pb_old_content":"","_et_gb_content_width":""},"pwb-brand":[],"product_cat":[1781,1784],"product_tag":[],"compatibilite":[],"compatibilite_smartphone":[4446,4442,4445,4444,4468],"brands":[],"_links":{"self":[{"href":"https:\/\/stage.shop-cellularswiss.ch\/de\/wp-json\/wp\/v2\/product\/52563"}],"collection":[{"href":"https:\/\/stage.shop-cellularswiss.ch\/de\/wp-json\/wp\/v2\/product"}],"about":[{"href":"https:\/\/stage.shop-cellularswiss.ch\/de\/wp-json\/wp\/v2\/types\/product"}],"replies":[{"embeddable":true,"href":"https:\/\/stage.shop-cellularswiss.ch\/de\/wp-json\/wp\/v2\/comments?post=52563"}],"wp:featuredmedia":[{"embeddable":true,"href":"https:\/\/stage.shop-cellularswiss.ch\/de\/wp-json\/wp\/v2\/media\/34152"}],"wp:attachment":[{"href":"https:\/\/stage.shop-cellularswiss.ch\/de\/wp-json\/wp\/v2\/media?parent=52563"}],"wp:term":[{"taxonomy":"pwb-brand","embeddable":true,"href":"https:\/\/stage.shop-cellularswiss.ch\/de\/wp-json\/wp\/v2\/pwb-brand?post=52563"},{"taxonomy":"product_cat","embeddable":true,"href":"https:\/\/stage.shop-cellularswiss.ch\/de\/wp-json\/wp\/v2\/product_cat?post=52563"},{"taxonomy":"product_tag","embeddable":true,"href":"https:\/\/stage.shop-cellularswiss.ch\/de\/wp-json\/wp\/v2\/product_tag?post=52563"},{"taxonomy":"compatibilite","embeddable":true,"href":"https:\/\/stage.shop-cellularswiss.ch\/de\/wp-json\/wp\/v2\/compatibilite?post=52563"},{"taxonomy":"compatibilite_smartphone","embeddable":true,"href":"https:\/\/stage.shop-cellularswiss.ch\/de\/wp-json\/wp\/v2\/compatibilite_smartphone?post=52563"}],"curies":[{"name":"wp","href":"https:\/\/api.w.org\/{rel}","templated":true}]}}