
{"id":52564,"date":"2021-03-20T11:43:33","date_gmt":"2021-03-20T13:22:33","guid":{"rendered":"https:\/\/stage.shop-cellularswiss.ch\/produit\/usb-c-super-fast-charger-pd-25w-samsung-a70-a80-a90-note-10-note-10\/"},"modified":"2022-04-04T12:00:53","modified_gmt":"2022-04-04T10:00:53","slug":"usb-c-super-fast-charger-pd-25w-samsung-a70-a80-a90-note-10-note-10","status":"publish","type":"product","link":"https:\/\/stage.shop-cellularswiss.ch\/de\/produit\/usb-c-super-fast-charger-pd-25w-samsung-a70-a80-a90-note-10-note-10\/","title":{"rendered":"USB-C Super Fast Charger PD 25W &#8211; Samsung A70, A80, A90, Note 10, Note 10+"},"content":{"rendered":"<p>USB-C SUPER FAST CHARGER PD 25W ist das ideale Netzladeger\u00e4t zum schnellstm\u00f6glichen und sicheren Aufladen aller mit der Ladetechnologie Super Fast Charge PD 25W kompatiblen und mit USB-C-Buchse ausgestatteten Samsung-Ger\u00e4te.* Das Kabel USB-C to USB-C mit einer L\u00e4nge von 100 cm ist nicht im Lieferumfang enthalten. *Einige Samsung USB-C-Ger\u00e4te k\u00f6nnen noch schneller mit USB-C-Ladeger\u00e4ten mit 45 W geladen werden. Es gibt keinerlei Abmachung, Lizenz oder Verbindung zwischen Cellularline S.p.A. und den in den Texten und Bildern dieser Website angegebenen Markeninhabern und Namen. Alle Telefonmarken, -namen und -modelle sind Eigentum der jeweiligen Inhaber.<\/p>\n","protected":false},"excerpt":{"rendered":"<p>Netzladeger\u00e4t USB-C Super Fast Charge PD 25W<\/p>\n","protected":false},"featured_media":62836,"comment_status":"closed","ping_status":"closed","template":"","meta":{"_et_pb_use_builder":"","_et_pb_old_content":"","_et_gb_content_width":""},"pwb-brand":[],"product_cat":[1781,1784],"product_tag":[],"compatibilite":[],"compatibilite_smartphone":[4404,4410,4422,4409,4427,4428,4423,4425,4424,4429,4430],"brands":[],"_links":{"self":[{"href":"https:\/\/stage.shop-cellularswiss.ch\/de\/wp-json\/wp\/v2\/product\/52564"}],"collection":[{"href":"https:\/\/stage.shop-cellularswiss.ch\/de\/wp-json\/wp\/v2\/product"}],"about":[{"href":"https:\/\/stage.shop-cellularswiss.ch\/de\/wp-json\/wp\/v2\/types\/product"}],"replies":[{"embeddable":true,"href":"https:\/\/stage.shop-cellularswiss.ch\/de\/wp-json\/wp\/v2\/comments?post=52564"}],"wp:featuredmedia":[{"embeddable":true,"href":"https:\/\/stage.shop-cellularswiss.ch\/de\/wp-json\/wp\/v2\/media\/62836"}],"wp:attachment":[{"href":"https:\/\/stage.shop-cellularswiss.ch\/de\/wp-json\/wp\/v2\/media?parent=52564"}],"wp:term":[{"taxonomy":"pwb-brand","embeddable":true,"href":"https:\/\/stage.shop-cellularswiss.ch\/de\/wp-json\/wp\/v2\/pwb-brand?post=52564"},{"taxonomy":"product_cat","embeddable":true,"href":"https:\/\/stage.shop-cellularswiss.ch\/de\/wp-json\/wp\/v2\/product_cat?post=52564"},{"taxonomy":"product_tag","embeddable":true,"href":"https:\/\/stage.shop-cellularswiss.ch\/de\/wp-json\/wp\/v2\/product_tag?post=52564"},{"taxonomy":"compatibilite","embeddable":true,"href":"https:\/\/stage.shop-cellularswiss.ch\/de\/wp-json\/wp\/v2\/compatibilite?post=52564"},{"taxonomy":"compatibilite_smartphone","embeddable":true,"href":"https:\/\/stage.shop-cellularswiss.ch\/de\/wp-json\/wp\/v2\/compatibilite_smartphone?post=52564"}],"curies":[{"name":"wp","href":"https:\/\/api.w.org\/{rel}","templated":true}]}}