
{"id":52565,"date":"2021-03-20T11:43:35","date_gmt":"2021-03-20T13:22:33","guid":{"rendered":"https:\/\/stage.shop-cellularswiss.ch\/produit\/usb-c-car-charger-dual-18w-12w-iphone-8-or-later-and-ipad-pro-2018\/"},"modified":"2022-04-04T12:00:53","modified_gmt":"2022-04-04T10:00:53","slug":"usb-c-car-charger-dual-18w-12w-iphone-8-or-later-and-ipad-pro-2018","status":"publish","type":"product","link":"https:\/\/stage.shop-cellularswiss.ch\/de\/produit\/usb-c-car-charger-dual-18w-12w-iphone-8-or-later-and-ipad-pro-2018\/","title":{"rendered":"USB-C\u2122 Car Charger Dual 18W + 12W &#8211; iPhone 8 or later and iPad Pro (2018)"},"content":{"rendered":"<p>USB-C CAR CHARGER ist das Autoladeger\u00e4t mit zwei Buchsen, das die perfekte L\u00f6sung bietet, um alle Apple-Ger\u00e4te, die mit der USB-C 18 W Ladetechnologie kompatibel sind, schnellstm\u00f6glich und absolut sicher aufzuladen. Das Ladeger\u00e4t USB-C Car Charger verf\u00fcgt \u00fcber einen USB-Anschluss und einen USB-C-Anschluss, mit denen zwei Apple-Ger\u00e4te gleichzeitig geladen werden k\u00f6nnen.Dank der USB-C 18 W-Technologie l\u00e4dt der USB-C-Anschluss das iPhone 8 und h\u00f6her sowie das iPad Pro 11&#8243; und das iPad Pro 12,9&#8243; mit h\u00f6chster Geschwindigkeit, w\u00e4hrend der 12 W USB-Anschluss ein schnelles Aufladen f\u00fcr alle anderen iPhone- und iPad-Modelle erm\u00f6glicht.Das USB-C-zu-Lightning-Kabel und das USB-C-zu-USB-C-Kabel sind nicht im Lieferumfang enthalten.Es gibt keinerlei Abmachung, Lizenz oder Verbindung zwischen Cellularline S.p.A. und den in den Texten und Bildern dieser Website angegebenen Markeninhabern und Namen. Alle Telefonmarken, -namen und -modelle sind Eigentum der jeweiligen Inhaber.<\/p>\n","protected":false},"excerpt":{"rendered":"<p>Autoladeger\u00e4t mit USB-C-Port 18 W und USB-A-Port 12 W zum schnellen Aufladen von iPhone 8 oder sp\u00e4teren Modellen<\/p>\n","protected":false},"featured_media":56134,"comment_status":"closed","ping_status":"closed","template":"","meta":{"_et_pb_use_builder":"","_et_pb_old_content":"","_et_gb_content_width":""},"pwb-brand":[],"product_cat":[3848,1781],"product_tag":[],"compatibilite":[],"compatibilite_smartphone":[4366,4354,4365,4376,4436,4355,4383,4441,4357,4368,4373,4381,4417,4419,4382,4420,4361,4418,4450,4437,4359,4377,4364,4379,4353,4374,4372,4449,4447,4380,4362,4448,4440,4358,4435,4433,4434,4367,4465,4468],"brands":[],"_links":{"self":[{"href":"https:\/\/stage.shop-cellularswiss.ch\/de\/wp-json\/wp\/v2\/product\/52565"}],"collection":[{"href":"https:\/\/stage.shop-cellularswiss.ch\/de\/wp-json\/wp\/v2\/product"}],"about":[{"href":"https:\/\/stage.shop-cellularswiss.ch\/de\/wp-json\/wp\/v2\/types\/product"}],"replies":[{"embeddable":true,"href":"https:\/\/stage.shop-cellularswiss.ch\/de\/wp-json\/wp\/v2\/comments?post=52565"}],"wp:featuredmedia":[{"embeddable":true,"href":"https:\/\/stage.shop-cellularswiss.ch\/de\/wp-json\/wp\/v2\/media\/56134"}],"wp:attachment":[{"href":"https:\/\/stage.shop-cellularswiss.ch\/de\/wp-json\/wp\/v2\/media?parent=52565"}],"wp:term":[{"taxonomy":"pwb-brand","embeddable":true,"href":"https:\/\/stage.shop-cellularswiss.ch\/de\/wp-json\/wp\/v2\/pwb-brand?post=52565"},{"taxonomy":"product_cat","embeddable":true,"href":"https:\/\/stage.shop-cellularswiss.ch\/de\/wp-json\/wp\/v2\/product_cat?post=52565"},{"taxonomy":"product_tag","embeddable":true,"href":"https:\/\/stage.shop-cellularswiss.ch\/de\/wp-json\/wp\/v2\/product_tag?post=52565"},{"taxonomy":"compatibilite","embeddable":true,"href":"https:\/\/stage.shop-cellularswiss.ch\/de\/wp-json\/wp\/v2\/compatibilite?post=52565"},{"taxonomy":"compatibilite_smartphone","embeddable":true,"href":"https:\/\/stage.shop-cellularswiss.ch\/de\/wp-json\/wp\/v2\/compatibilite_smartphone?post=52565"}],"curies":[{"name":"wp","href":"https:\/\/api.w.org\/{rel}","templated":true}]}}