
{"id":52566,"date":"2021-03-20T11:43:38","date_gmt":"2021-03-20T13:22:37","guid":{"rendered":"https:\/\/stage.shop-cellularswiss.ch\/produit\/usb-c-car-charger-dual-kit-18w-12w-usb-c-to-lightning-iphone-8-or-later\/"},"modified":"2021-07-02T14:22:49","modified_gmt":"2021-07-02T12:22:49","slug":"usb-c-car-charger-dual-kit-18w-12w-usb-c-to-lightning-iphone-8-or-later","status":"publish","type":"product","link":"https:\/\/stage.shop-cellularswiss.ch\/de\/produit\/usb-c-car-charger-dual-kit-18w-12w-usb-c-to-lightning-iphone-8-or-later\/","title":{"rendered":"USB-C\u2122 Car Charger Dual Kit 18W + 12W &#8211; USB-C to Lightning &#8211; iPhone 8 or later"},"content":{"rendered":"<p>USB-C CAR CHARGER KIT ist das Autoladeger\u00e4t mit zwei Buchsen, das die perfekte L\u00f6sung bietet, um alle Apple-Ger\u00e4te, die mit der USB-C 18 W Ladetechnologie kompatibel sind, schnellstm\u00f6glich und absolut sicher aufzuladen. Das Ladeger\u00e4t USB-C Car Charger Kit verf\u00fcgt \u00fcber einen USB-Anschluss und einen USB-C-Anschluss, mit denen zwei Apple-Ger\u00e4te gleichzeitig geladen werden k\u00f6nnen.Dank der USB-C 18 W-Technologie l\u00e4dt der USB-C-Anschluss das iPhone 8 und h\u00f6her sowie das iPad Pro 11&#8243; und das iPad Pro 12,9&#8243; mit h\u00f6chster Geschwindigkeit, w\u00e4hrend der 12 W USB-Anschluss ein schnelles Aufladen f\u00fcr alle anderen iPhone- und iPad-Modelle erm\u00f6glicht.Im Lieferumfang enthalten ist das 100cm USB-C-zu-Lightning-Kabel f\u00fcr iPhones, das das Laden und \u00dcbertragen von Daten auch mit Macbooks und anderen Laptops mit USB-C-Anschluss erm\u00f6glicht.Das USB-C-auf-USB-C-Kabel f\u00fcr iPads Pro ist nicht im Lieferumfang enthalten.Es gibt keinerlei Abmachung, Lizenz oder Verbindung zwischen Cellularline S.p.A. und den in den Texten und Bildern dieser Website angegebenen Markeninhabern und Namen. Alle Telefonmarken, -namen und -modelle sind Eigentum der jeweiligen Inhaber.<\/p>\n","protected":false},"excerpt":{"rendered":"<p>Autoladeger\u00e4t mit USB-C-Port 18 W und USB-A-Port 12 W mit USB-C auf Lightning-Kabel zum schnellen Aufladen von iPhone 8 oder sp\u00e4teren Modellen<\/p>\n","protected":false},"featured_media":56138,"comment_status":"closed","ping_status":"closed","template":"","meta":{"_et_pb_use_builder":"","_et_pb_old_content":"","_et_gb_content_width":""},"pwb-brand":[],"product_cat":[3848,1781],"product_tag":[],"compatibilite":[],"compatibilite_smartphone":[4366,4354,4365,4376,4436,4355,4383,4441,4357,4368,4373,4381,4417,4382,4420,4361,4450,4437,4359,4377,4364,4379,4353,4374,4372,4449,4447,4380,4362,4448,4440,4358,4435,4433,4434,4367,4465,4468],"brands":[],"_links":{"self":[{"href":"https:\/\/stage.shop-cellularswiss.ch\/de\/wp-json\/wp\/v2\/product\/52566"}],"collection":[{"href":"https:\/\/stage.shop-cellularswiss.ch\/de\/wp-json\/wp\/v2\/product"}],"about":[{"href":"https:\/\/stage.shop-cellularswiss.ch\/de\/wp-json\/wp\/v2\/types\/product"}],"replies":[{"embeddable":true,"href":"https:\/\/stage.shop-cellularswiss.ch\/de\/wp-json\/wp\/v2\/comments?post=52566"}],"wp:featuredmedia":[{"embeddable":true,"href":"https:\/\/stage.shop-cellularswiss.ch\/de\/wp-json\/wp\/v2\/media\/56138"}],"wp:attachment":[{"href":"https:\/\/stage.shop-cellularswiss.ch\/de\/wp-json\/wp\/v2\/media?parent=52566"}],"wp:term":[{"taxonomy":"pwb-brand","embeddable":true,"href":"https:\/\/stage.shop-cellularswiss.ch\/de\/wp-json\/wp\/v2\/pwb-brand?post=52566"},{"taxonomy":"product_cat","embeddable":true,"href":"https:\/\/stage.shop-cellularswiss.ch\/de\/wp-json\/wp\/v2\/product_cat?post=52566"},{"taxonomy":"product_tag","embeddable":true,"href":"https:\/\/stage.shop-cellularswiss.ch\/de\/wp-json\/wp\/v2\/product_tag?post=52566"},{"taxonomy":"compatibilite","embeddable":true,"href":"https:\/\/stage.shop-cellularswiss.ch\/de\/wp-json\/wp\/v2\/compatibilite?post=52566"},{"taxonomy":"compatibilite_smartphone","embeddable":true,"href":"https:\/\/stage.shop-cellularswiss.ch\/de\/wp-json\/wp\/v2\/compatibilite_smartphone?post=52566"}],"curies":[{"name":"wp","href":"https:\/\/api.w.org\/{rel}","templated":true}]}}