
{"id":52567,"date":"2021-03-20T11:43:40","date_gmt":"2021-03-20T13:22:37","guid":{"rendered":"https:\/\/stage.shop-cellularswiss.ch\/produit\/vision-clip-headset-iphone\/"},"modified":"2021-03-20T14:22:41","modified_gmt":"2021-03-20T13:22:41","slug":"vision-clip-headset-iphone","status":"publish","type":"product","link":"https:\/\/stage.shop-cellularswiss.ch\/de\/produit\/vision-clip-headset-iphone\/","title":{"rendered":"Vision Clip Headset &#8211; iPhone"},"content":{"rendered":"<p>Vision CLIP HEADSET ist der Clip mit Bluetooth\u00ae-Technologie, Stereo-Headset und LCD-Display. Bei einem eingehenden Anruf kannst du sehen, wer dich anruft, und hast stets den Ladestatus des Ger\u00e4ts unter Kontrolle. Rufannahme- und Audio-Einstellungs-Taste machen aus ihm ein praktisches und funktionales Ger\u00e4t f\u00fcr Musikh\u00f6rerlebnisse und Telefonieren in vollkommener Freiheit.<\/p>\n","protected":false},"excerpt":{"rendered":"<p>Stereo-Headset mit Bluetooth\u00ae<\/p>\n","protected":false},"featured_media":54778,"comment_status":"closed","ping_status":"closed","template":"","meta":{"_et_pb_use_builder":"","_et_pb_old_content":"","_et_gb_content_width":""},"pwb-brand":[],"product_cat":[493,509,539],"product_tag":[],"compatibilite":[],"compatibilite_smartphone":[],"brands":[],"_links":{"self":[{"href":"https:\/\/stage.shop-cellularswiss.ch\/de\/wp-json\/wp\/v2\/product\/52567"}],"collection":[{"href":"https:\/\/stage.shop-cellularswiss.ch\/de\/wp-json\/wp\/v2\/product"}],"about":[{"href":"https:\/\/stage.shop-cellularswiss.ch\/de\/wp-json\/wp\/v2\/types\/product"}],"replies":[{"embeddable":true,"href":"https:\/\/stage.shop-cellularswiss.ch\/de\/wp-json\/wp\/v2\/comments?post=52567"}],"wp:featuredmedia":[{"embeddable":true,"href":"https:\/\/stage.shop-cellularswiss.ch\/de\/wp-json\/wp\/v2\/media\/54778"}],"wp:attachment":[{"href":"https:\/\/stage.shop-cellularswiss.ch\/de\/wp-json\/wp\/v2\/media?parent=52567"}],"wp:term":[{"taxonomy":"pwb-brand","embeddable":true,"href":"https:\/\/stage.shop-cellularswiss.ch\/de\/wp-json\/wp\/v2\/pwb-brand?post=52567"},{"taxonomy":"product_cat","embeddable":true,"href":"https:\/\/stage.shop-cellularswiss.ch\/de\/wp-json\/wp\/v2\/product_cat?post=52567"},{"taxonomy":"product_tag","embeddable":true,"href":"https:\/\/stage.shop-cellularswiss.ch\/de\/wp-json\/wp\/v2\/product_tag?post=52567"},{"taxonomy":"compatibilite","embeddable":true,"href":"https:\/\/stage.shop-cellularswiss.ch\/de\/wp-json\/wp\/v2\/compatibilite?post=52567"},{"taxonomy":"compatibilite_smartphone","embeddable":true,"href":"https:\/\/stage.shop-cellularswiss.ch\/de\/wp-json\/wp\/v2\/compatibilite_smartphone?post=52567"}],"curies":[{"name":"wp","href":"https:\/\/api.w.org\/{rel}","templated":true}]}}