
{"id":52570,"date":"2021-03-20T14:22:43","date_gmt":"2021-03-20T13:22:43","guid":{"rendered":"https:\/\/stage.shop-cellularswiss.ch\/produit\/vox-headset-universale\/"},"modified":"2021-03-20T14:22:45","modified_gmt":"2021-03-20T13:22:45","slug":"vox-headset-universale","status":"publish","type":"product","link":"https:\/\/stage.shop-cellularswiss.ch\/de\/produit\/vox-headset-universale\/","title":{"rendered":"Vox Headset &#8211; Universale"},"content":{"rendered":"<p>Vox Headset ist ein Bluetooth\u00ae-Mono-Headset mit essentiellem und ergonomischen Design, das sich perfekt f\u00fcr all diejenigen eignet, die bei v\u00f6lliger Bewegungsfreiheit telefonieren m\u00f6chten. Der praktische, entfernbare B\u00fcgel erm\u00f6glicht das v\u00f6llig bequeme Tragen von Vox Headset, w\u00e4hrend die Multifunktions-Rufannahmetaste die Annahme von eingehenden Telefonaten mit einem einfachen Klick erm\u00f6glicht. Dar\u00fcber hinaus kann man dank der Multipairing-Dualphone-Technologie gleichzeitig drahtlos zwei Smartphones verbinden.<\/p>\n","protected":false},"excerpt":{"rendered":"<p>Essentielles und ergonomisches Bluetooth\u00ae-Mono-Headset<\/p>\n","protected":false},"featured_media":56154,"comment_status":"closed","ping_status":"open","template":"","meta":{"_et_pb_use_builder":"","_et_pb_old_content":"","_et_gb_content_width":""},"pwb-brand":[],"product_cat":[493,509],"product_tag":[4548],"compatibilite":[],"compatibilite_smartphone":[4366,4384,4363,4370,4354,4365,4375,4376,4436,4443,4383,4441,4373,4381,4417,4419,4382,4420,4361,4418,4450,4437,4439,4438,4446,4442,4445,4444,4378,4356,4359,4377,4364,4379,4353,4374,4372,4449,4447,4380,4362,4448,4440,4358,4435,4433,4434,4367,4385,4388,4386,4389,4387,4421,4390,4415,4402,4413,4396,4406,4414,4405,4408,4394,4403,4407,4404,4410,4395,4422,4409,4399,4427,4428,4423,4401,4400,4431,4425,4424,4429,4430,4393,4412,4397,4416,4411,4426,4392,4391],"brands":[],"_links":{"self":[{"href":"https:\/\/stage.shop-cellularswiss.ch\/de\/wp-json\/wp\/v2\/product\/52570"}],"collection":[{"href":"https:\/\/stage.shop-cellularswiss.ch\/de\/wp-json\/wp\/v2\/product"}],"about":[{"href":"https:\/\/stage.shop-cellularswiss.ch\/de\/wp-json\/wp\/v2\/types\/product"}],"replies":[{"embeddable":true,"href":"https:\/\/stage.shop-cellularswiss.ch\/de\/wp-json\/wp\/v2\/comments?post=52570"}],"wp:featuredmedia":[{"embeddable":true,"href":"https:\/\/stage.shop-cellularswiss.ch\/de\/wp-json\/wp\/v2\/media\/56154"}],"wp:attachment":[{"href":"https:\/\/stage.shop-cellularswiss.ch\/de\/wp-json\/wp\/v2\/media?parent=52570"}],"wp:term":[{"taxonomy":"pwb-brand","embeddable":true,"href":"https:\/\/stage.shop-cellularswiss.ch\/de\/wp-json\/wp\/v2\/pwb-brand?post=52570"},{"taxonomy":"product_cat","embeddable":true,"href":"https:\/\/stage.shop-cellularswiss.ch\/de\/wp-json\/wp\/v2\/product_cat?post=52570"},{"taxonomy":"product_tag","embeddable":true,"href":"https:\/\/stage.shop-cellularswiss.ch\/de\/wp-json\/wp\/v2\/product_tag?post=52570"},{"taxonomy":"compatibilite","embeddable":true,"href":"https:\/\/stage.shop-cellularswiss.ch\/de\/wp-json\/wp\/v2\/compatibilite?post=52570"},{"taxonomy":"compatibilite_smartphone","embeddable":true,"href":"https:\/\/stage.shop-cellularswiss.ch\/de\/wp-json\/wp\/v2\/compatibilite_smartphone?post=52570"}],"curies":[{"name":"wp","href":"https:\/\/api.w.org\/{rel}","templated":true}]}}