
{"id":52572,"date":"2021-03-20T11:43:51","date_gmt":"2021-03-20T13:22:47","guid":{"rendered":"https:\/\/stage.shop-cellularswiss.ch\/produit\/voyager-universale\/"},"modified":"2021-03-20T14:23:01","modified_gmt":"2021-03-20T13:23:01","slug":"voyager-universale","status":"publish","type":"product","link":"https:\/\/stage.shop-cellularswiss.ch\/de\/produit\/voyager-universale\/","title":{"rendered":"Voyager &#8211; Universale"},"content":{"rendered":"<p>Voyager ist die superbunte wasserfeste Schutzh\u00fclle f\u00fcr alle, die ihr Smartphone an den empfindlichsten Stellen (wie Buchsen, Tasten und Mikrofon) vor Sch\u00e4den durch Wasser, Creme, Sand, Chlor und Salz sch\u00fctzen wollen. Die Schutzh\u00fclle Voyager besteht aus ultra-ber\u00fchrungsempfindlichem und weichem Touch-Material, das mit Force Touch, Home-Taste und 3D Touch kompatibel ist, und ist mit einem bequemen Armband sowie einem praktischen Band an der R\u00fcckseite ausgestattet, um das Smartphone zu jedem Zeitpunkt fest und sicher im Griff zu haben. Mit den durchsichtigen R\u00e4ndern l\u00e4sst sich Voyager auch bequem mit geschwungenen Displays verwenden. Dank IPX8-Zertifizierung ist die Schutzh\u00fclle bis zu einer Tiefe von 20 Metern garantiert wasserdicht.<\/p>\n","protected":false},"excerpt":{"rendered":"<p>Wasserfeste Schutzh\u00fclle f\u00fcr Smartphones<\/p>\n","protected":false},"featured_media":40266,"comment_status":"closed","ping_status":"closed","template":"","meta":{"_et_pb_use_builder":"","_et_pb_old_content":"","_et_gb_content_width":""},"pwb-brand":[],"product_cat":[542,559],"product_tag":[],"compatibilite":[],"compatibilite_smartphone":[],"brands":[],"_links":{"self":[{"href":"https:\/\/stage.shop-cellularswiss.ch\/de\/wp-json\/wp\/v2\/product\/52572"}],"collection":[{"href":"https:\/\/stage.shop-cellularswiss.ch\/de\/wp-json\/wp\/v2\/product"}],"about":[{"href":"https:\/\/stage.shop-cellularswiss.ch\/de\/wp-json\/wp\/v2\/types\/product"}],"replies":[{"embeddable":true,"href":"https:\/\/stage.shop-cellularswiss.ch\/de\/wp-json\/wp\/v2\/comments?post=52572"}],"wp:featuredmedia":[{"embeddable":true,"href":"https:\/\/stage.shop-cellularswiss.ch\/de\/wp-json\/wp\/v2\/media\/40266"}],"wp:attachment":[{"href":"https:\/\/stage.shop-cellularswiss.ch\/de\/wp-json\/wp\/v2\/media?parent=52572"}],"wp:term":[{"taxonomy":"pwb-brand","embeddable":true,"href":"https:\/\/stage.shop-cellularswiss.ch\/de\/wp-json\/wp\/v2\/pwb-brand?post=52572"},{"taxonomy":"product_cat","embeddable":true,"href":"https:\/\/stage.shop-cellularswiss.ch\/de\/wp-json\/wp\/v2\/product_cat?post=52572"},{"taxonomy":"product_tag","embeddable":true,"href":"https:\/\/stage.shop-cellularswiss.ch\/de\/wp-json\/wp\/v2\/product_tag?post=52572"},{"taxonomy":"compatibilite","embeddable":true,"href":"https:\/\/stage.shop-cellularswiss.ch\/de\/wp-json\/wp\/v2\/compatibilite?post=52572"},{"taxonomy":"compatibilite_smartphone","embeddable":true,"href":"https:\/\/stage.shop-cellularswiss.ch\/de\/wp-json\/wp\/v2\/compatibilite_smartphone?post=52572"}],"curies":[{"name":"wp","href":"https:\/\/api.w.org\/{rel}","templated":true}]}}