
{"id":52580,"date":"2021-03-20T11:44:09","date_gmt":"2021-03-20T13:23:00","guid":{"rendered":"https:\/\/stage.shop-cellularswiss.ch\/produit\/voyager-compact-iphone-6s-6\/"},"modified":"2021-03-20T14:23:02","modified_gmt":"2021-03-20T13:23:02","slug":"voyager-compact-iphone-6s-6","status":"publish","type":"product","link":"https:\/\/stage.shop-cellularswiss.ch\/de\/produit\/voyager-compact-iphone-6s-6\/","title":{"rendered":"Voyager Compact &#8211; iPhone 6S\/6"},"content":{"rendered":"<p>Voyager Compact f\u00fcr iPhone 6S\/6 ist die Schutzh\u00fclle f\u00fcr Vorder- und R\u00fcckseite, die dein Smartphone im Urlaub am Meer perfekt sch\u00fctzt und ihm einen Hauch von Farbe verleiht. Dank IPX6-Zertifizierung ist sie spritzwassergesch\u00fctzt und h\u00e4lt zudem Sonnencreme, Sandk\u00f6rnchen und Salz zuverl\u00e4ssig von deinem Telefon fern. Das d\u00fcnne Design der Schutzh\u00fclle Voyager Compact passt sich perfekt an die Form des Telefons an und hebt diese hervor. Da sie mit allen Anschl\u00fcssen kompatibel ist, k\u00f6nnen s\u00e4mtliche Smartphone-Funktionen wie Home-Taste, 3D Touch, Touch ID und Aktivierung der Kamera problemlos verwendet werden. Urlaubsfotos schie\u00dfen und teilen, Anrufe annehmen, mit Freunden chatten \u2013 all das kannst du direkt am Strand erledigen, ohne auf den richtigen Schutz f\u00fcr dein Telefon verzichten zu m\u00fcssen.<\/p>\n","protected":false},"excerpt":{"rendered":"<p>Wasserfeste Schutzh\u00fclle f\u00fcr Smartphones<\/p>\n","protected":false},"featured_media":54234,"comment_status":"closed","ping_status":"closed","template":"","meta":{"_et_pb_use_builder":"","_et_pb_old_content":"","_et_gb_content_width":""},"pwb-brand":[],"product_cat":[542,559],"product_tag":[],"compatibilite":[],"compatibilite_smartphone":[],"brands":[],"_links":{"self":[{"href":"https:\/\/stage.shop-cellularswiss.ch\/de\/wp-json\/wp\/v2\/product\/52580"}],"collection":[{"href":"https:\/\/stage.shop-cellularswiss.ch\/de\/wp-json\/wp\/v2\/product"}],"about":[{"href":"https:\/\/stage.shop-cellularswiss.ch\/de\/wp-json\/wp\/v2\/types\/product"}],"replies":[{"embeddable":true,"href":"https:\/\/stage.shop-cellularswiss.ch\/de\/wp-json\/wp\/v2\/comments?post=52580"}],"wp:featuredmedia":[{"embeddable":true,"href":"https:\/\/stage.shop-cellularswiss.ch\/de\/wp-json\/wp\/v2\/media\/54234"}],"wp:attachment":[{"href":"https:\/\/stage.shop-cellularswiss.ch\/de\/wp-json\/wp\/v2\/media?parent=52580"}],"wp:term":[{"taxonomy":"pwb-brand","embeddable":true,"href":"https:\/\/stage.shop-cellularswiss.ch\/de\/wp-json\/wp\/v2\/pwb-brand?post=52580"},{"taxonomy":"product_cat","embeddable":true,"href":"https:\/\/stage.shop-cellularswiss.ch\/de\/wp-json\/wp\/v2\/product_cat?post=52580"},{"taxonomy":"product_tag","embeddable":true,"href":"https:\/\/stage.shop-cellularswiss.ch\/de\/wp-json\/wp\/v2\/product_tag?post=52580"},{"taxonomy":"compatibilite","embeddable":true,"href":"https:\/\/stage.shop-cellularswiss.ch\/de\/wp-json\/wp\/v2\/compatibilite?post=52580"},{"taxonomy":"compatibilite_smartphone","embeddable":true,"href":"https:\/\/stage.shop-cellularswiss.ch\/de\/wp-json\/wp\/v2\/compatibilite_smartphone?post=52580"}],"curies":[{"name":"wp","href":"https:\/\/api.w.org\/{rel}","templated":true}]}}