
{"id":52581,"date":"2021-03-20T11:44:12","date_gmt":"2021-03-20T13:23:00","guid":{"rendered":"https:\/\/stage.shop-cellularswiss.ch\/produit\/voyager-extreme-15l\/"},"modified":"2021-03-20T14:23:04","modified_gmt":"2021-03-20T13:23:04","slug":"voyager-extreme-15l","status":"publish","type":"product","link":"https:\/\/stage.shop-cellularswiss.ch\/de\/produit\/voyager-extreme-15l\/","title":{"rendered":"Voyager Extreme &#8211; 15L"},"content":{"rendered":"<p>Voyager Extreme ist die wasserundurchl\u00e4ssige Tasche, die Gegenst\u00e4nde beim Sport im Freien sch\u00fctzt. Mit dem Umh\u00e4ngeriemen und transparentem Fenster f\u00fcr das Smartphone sehr bequem zu verwenden, der Eingang von Nachrichten und Anrufen l\u00e4sst sich ganz leicht pr\u00fcfen. Dank des Gewebes an den R\u00e4ndern ist Voyager Extreme widerstandsf\u00e4hig und robust. Der lange Boden erm\u00f6glicht das stabile Absetzen und erleichterte Auffinden der verstauten Gegenst\u00e4nde an jedem Ort! Unverzichtbares Zubeh\u00f6r, um die Freizeit sorglos genie\u00dfen zu k\u00f6nnen.<\/p>\n","protected":false},"excerpt":{"rendered":"<p>Wasserundurchl\u00e4ssige Tasche<\/p>\n","protected":false},"featured_media":54230,"comment_status":"closed","ping_status":"closed","template":"","meta":{"_et_pb_use_builder":"","_et_pb_old_content":"","_et_gb_content_width":""},"pwb-brand":[],"product_cat":[542,559],"product_tag":[],"compatibilite":[],"compatibilite_smartphone":[4388,4386,4389,4387,4421,4390,4402,4406,4405,4403,4404,4422],"brands":[],"_links":{"self":[{"href":"https:\/\/stage.shop-cellularswiss.ch\/de\/wp-json\/wp\/v2\/product\/52581"}],"collection":[{"href":"https:\/\/stage.shop-cellularswiss.ch\/de\/wp-json\/wp\/v2\/product"}],"about":[{"href":"https:\/\/stage.shop-cellularswiss.ch\/de\/wp-json\/wp\/v2\/types\/product"}],"replies":[{"embeddable":true,"href":"https:\/\/stage.shop-cellularswiss.ch\/de\/wp-json\/wp\/v2\/comments?post=52581"}],"wp:featuredmedia":[{"embeddable":true,"href":"https:\/\/stage.shop-cellularswiss.ch\/de\/wp-json\/wp\/v2\/media\/54230"}],"wp:attachment":[{"href":"https:\/\/stage.shop-cellularswiss.ch\/de\/wp-json\/wp\/v2\/media?parent=52581"}],"wp:term":[{"taxonomy":"pwb-brand","embeddable":true,"href":"https:\/\/stage.shop-cellularswiss.ch\/de\/wp-json\/wp\/v2\/pwb-brand?post=52581"},{"taxonomy":"product_cat","embeddable":true,"href":"https:\/\/stage.shop-cellularswiss.ch\/de\/wp-json\/wp\/v2\/product_cat?post=52581"},{"taxonomy":"product_tag","embeddable":true,"href":"https:\/\/stage.shop-cellularswiss.ch\/de\/wp-json\/wp\/v2\/product_tag?post=52581"},{"taxonomy":"compatibilite","embeddable":true,"href":"https:\/\/stage.shop-cellularswiss.ch\/de\/wp-json\/wp\/v2\/compatibilite?post=52581"},{"taxonomy":"compatibilite_smartphone","embeddable":true,"href":"https:\/\/stage.shop-cellularswiss.ch\/de\/wp-json\/wp\/v2\/compatibilite_smartphone?post=52581"}],"curies":[{"name":"wp","href":"https:\/\/api.w.org\/{rel}","templated":true}]}}