
{"id":52585,"date":"2021-03-20T11:44:21","date_gmt":"2021-03-20T13:23:06","guid":{"rendered":"https:\/\/stage.shop-cellularswiss.ch\/produit\/voyager-music-per-smartphone-fino-a-55\/"},"modified":"2021-03-20T14:23:11","modified_gmt":"2021-03-20T13:23:11","slug":"voyager-music-per-smartphone-fino-a-55","status":"publish","type":"product","link":"https:\/\/stage.shop-cellularswiss.ch\/de\/produit\/voyager-music-per-smartphone-fino-a-55\/","title":{"rendered":"Voyager Music &#8211; Per Smartphone fino a 5,5&#8243;"},"content":{"rendered":"<p>Mit der wasserdichten, bunten Schutztasche Voyager Music mit Kopfh\u00f6reranschluss kannst du dein Smartphone im Urlaub am Meer optimal sch\u00fctzen, ohne auf deine Lieblingsmusik verzichten zu m\u00fcssen. Die Playlist mit den neuesten Sommerhits erg\u00e4nzen, Urlaubsfotos schie\u00dfen und teilen, Anrufe annehmen \u2013 all das kannst du mit deinem perfekt vor Wasserspritzern, Sonnencreme, Sandk\u00f6rnchen und Salz gesch\u00fctzten Smartphone erledigen. Dank IPX8-Zertifizierung ist die Schutztasche Voyager Music bis zu einer Tiefe von 20 Metern garantiert wasserdicht. Mit der praktischen und komfortablen herausnehmbaren Innentasche hast du Karten und Geldscheine au\u00dferdem immer griffbereit und kannst deinen Urlaub vollauf genie\u00dfen.<\/p>\n","protected":false},"excerpt":{"rendered":"<p>Wasserfeste Schutzh\u00fclle f\u00fcr das Meer mit Headset-Anschluss<\/p>\n","protected":false},"featured_media":54214,"comment_status":"closed","ping_status":"closed","template":"","meta":{"_et_pb_use_builder":"","_et_pb_old_content":"","_et_gb_content_width":""},"pwb-brand":[],"product_cat":[542,559],"product_tag":[],"compatibilite":[],"compatibilite_smartphone":[],"brands":[],"_links":{"self":[{"href":"https:\/\/stage.shop-cellularswiss.ch\/de\/wp-json\/wp\/v2\/product\/52585"}],"collection":[{"href":"https:\/\/stage.shop-cellularswiss.ch\/de\/wp-json\/wp\/v2\/product"}],"about":[{"href":"https:\/\/stage.shop-cellularswiss.ch\/de\/wp-json\/wp\/v2\/types\/product"}],"replies":[{"embeddable":true,"href":"https:\/\/stage.shop-cellularswiss.ch\/de\/wp-json\/wp\/v2\/comments?post=52585"}],"wp:featuredmedia":[{"embeddable":true,"href":"https:\/\/stage.shop-cellularswiss.ch\/de\/wp-json\/wp\/v2\/media\/54214"}],"wp:attachment":[{"href":"https:\/\/stage.shop-cellularswiss.ch\/de\/wp-json\/wp\/v2\/media?parent=52585"}],"wp:term":[{"taxonomy":"pwb-brand","embeddable":true,"href":"https:\/\/stage.shop-cellularswiss.ch\/de\/wp-json\/wp\/v2\/pwb-brand?post=52585"},{"taxonomy":"product_cat","embeddable":true,"href":"https:\/\/stage.shop-cellularswiss.ch\/de\/wp-json\/wp\/v2\/product_cat?post=52585"},{"taxonomy":"product_tag","embeddable":true,"href":"https:\/\/stage.shop-cellularswiss.ch\/de\/wp-json\/wp\/v2\/product_tag?post=52585"},{"taxonomy":"compatibilite","embeddable":true,"href":"https:\/\/stage.shop-cellularswiss.ch\/de\/wp-json\/wp\/v2\/compatibilite?post=52585"},{"taxonomy":"compatibilite_smartphone","embeddable":true,"href":"https:\/\/stage.shop-cellularswiss.ch\/de\/wp-json\/wp\/v2\/compatibilite_smartphone?post=52585"}],"curies":[{"name":"wp","href":"https:\/\/api.w.org\/{rel}","templated":true}]}}