
{"id":52586,"date":"2021-03-20T11:44:23","date_gmt":"2021-03-20T13:23:10","guid":{"rendered":"https:\/\/stage.shop-cellularswiss.ch\/produit\/voyager-music-per-smartphone-fino-a-5-5\/"},"modified":"2021-03-20T14:23:11","modified_gmt":"2021-03-20T13:23:11","slug":"voyager-music-per-smartphone-fino-a-5-5","status":"publish","type":"product","link":"https:\/\/stage.shop-cellularswiss.ch\/de\/produit\/voyager-music-per-smartphone-fino-a-5-5\/","title":{"rendered":"Voyager Music &#8211; Per Smartphone fino a 5.5&#8243;"},"content":{"rendered":"<p>Die dichte Schutztasche Voyager Music mit Anschluss f\u00fcr Kopfh\u00f6rer ist ideal, um Musik zu h\u00f6ren und das Telefon problemlos mit an den Strand mitnehmen zu k\u00f6nnen. Sch\u00fctzt das Ger\u00e4t vor Sand, Cremes und Wasser: IPX8 zertifiziert, sch\u00fctzt bis zu einer Tiefe von 20 Metern. Die praktische, herausnehmbare Tasche wurde erdacht, damit man Geld, den F\u00fchrerschein, Karten und alle m\u00f6glichen kleinen Dinge mitnehmen kann. Voyager Music ist eine Universal-Schutztasche, die sich auch f\u00fcr die gr\u00f6\u00dften Smartphones eignet.<\/p>\n","protected":false},"excerpt":{"rendered":"<p>Wasserfeste Schutzh\u00fclle f\u00fcr das Meer mit Headset-Anschluss<\/p>\n","protected":false},"featured_media":54218,"comment_status":"closed","ping_status":"closed","template":"","meta":{"_et_pb_use_builder":"","_et_pb_old_content":"","_et_gb_content_width":""},"pwb-brand":[],"product_cat":[542,559],"product_tag":[],"compatibilite":[],"compatibilite_smartphone":[],"brands":[],"_links":{"self":[{"href":"https:\/\/stage.shop-cellularswiss.ch\/de\/wp-json\/wp\/v2\/product\/52586"}],"collection":[{"href":"https:\/\/stage.shop-cellularswiss.ch\/de\/wp-json\/wp\/v2\/product"}],"about":[{"href":"https:\/\/stage.shop-cellularswiss.ch\/de\/wp-json\/wp\/v2\/types\/product"}],"replies":[{"embeddable":true,"href":"https:\/\/stage.shop-cellularswiss.ch\/de\/wp-json\/wp\/v2\/comments?post=52586"}],"wp:featuredmedia":[{"embeddable":true,"href":"https:\/\/stage.shop-cellularswiss.ch\/de\/wp-json\/wp\/v2\/media\/54218"}],"wp:attachment":[{"href":"https:\/\/stage.shop-cellularswiss.ch\/de\/wp-json\/wp\/v2\/media?parent=52586"}],"wp:term":[{"taxonomy":"pwb-brand","embeddable":true,"href":"https:\/\/stage.shop-cellularswiss.ch\/de\/wp-json\/wp\/v2\/pwb-brand?post=52586"},{"taxonomy":"product_cat","embeddable":true,"href":"https:\/\/stage.shop-cellularswiss.ch\/de\/wp-json\/wp\/v2\/product_cat?post=52586"},{"taxonomy":"product_tag","embeddable":true,"href":"https:\/\/stage.shop-cellularswiss.ch\/de\/wp-json\/wp\/v2\/product_tag?post=52586"},{"taxonomy":"compatibilite","embeddable":true,"href":"https:\/\/stage.shop-cellularswiss.ch\/de\/wp-json\/wp\/v2\/compatibilite?post=52586"},{"taxonomy":"compatibilite_smartphone","embeddable":true,"href":"https:\/\/stage.shop-cellularswiss.ch\/de\/wp-json\/wp\/v2\/compatibilite_smartphone?post=52586"}],"curies":[{"name":"wp","href":"https:\/\/api.w.org\/{rel}","templated":true}]}}