
{"id":52587,"date":"2021-03-20T14:23:10","date_gmt":"2021-03-20T13:23:10","guid":{"rendered":"https:\/\/stage.shop-cellularswiss.ch\/produit\/voyager-music-universale\/"},"modified":"2021-03-20T14:23:14","modified_gmt":"2021-03-20T13:23:14","slug":"voyager-music-universale","status":"publish","type":"product","link":"https:\/\/stage.shop-cellularswiss.ch\/de\/produit\/voyager-music-universale\/","title":{"rendered":"Voyager Music- Universale"},"content":{"rendered":"<p>Voyager Music ist die wasserfeste Schutzh\u00fclle mit Steckverbindung f\u00fcr das Headset und 3,5-mm-Buchse f\u00fcr den richtigen Soundtrack in deinem Urlaub am Meer und gleichzeitigen Schutz des Smartphones vor Wasserspritzern, Sonnencreme, Sand und Salz. Voyager Music besteht aus ultra-ber\u00fchrungsempfindlichem und weichem Touch-Material, das mit Force Touch, Touch ID und 3D Touch kompatibel ist, und ist mit einem bequemen Armband sowie einem praktischen Band an der R\u00fcckseite ausgestattet, um das Smartphone zu jedem Zeitpunkt fest und sicher im Griff zu haben. Dank IPX8-Zertifizierung ist die Schutzh\u00fclle bis zu einer Tiefe von 20 Metern garantiert wasserdicht.<\/p>\n","protected":false},"excerpt":{"rendered":"<p>Wasserfeste Schutzh\u00fclle f\u00fcr das Meer mit Headset-Anschluss<\/p>\n","protected":false},"featured_media":54210,"comment_status":"closed","ping_status":"open","template":"","meta":{"_et_pb_use_builder":"","_et_pb_old_content":"","_et_gb_content_width":""},"pwb-brand":[],"product_cat":[542,559],"product_tag":[],"compatibilite":[],"compatibilite_smartphone":[],"brands":[],"_links":{"self":[{"href":"https:\/\/stage.shop-cellularswiss.ch\/de\/wp-json\/wp\/v2\/product\/52587"}],"collection":[{"href":"https:\/\/stage.shop-cellularswiss.ch\/de\/wp-json\/wp\/v2\/product"}],"about":[{"href":"https:\/\/stage.shop-cellularswiss.ch\/de\/wp-json\/wp\/v2\/types\/product"}],"replies":[{"embeddable":true,"href":"https:\/\/stage.shop-cellularswiss.ch\/de\/wp-json\/wp\/v2\/comments?post=52587"}],"wp:featuredmedia":[{"embeddable":true,"href":"https:\/\/stage.shop-cellularswiss.ch\/de\/wp-json\/wp\/v2\/media\/54210"}],"wp:attachment":[{"href":"https:\/\/stage.shop-cellularswiss.ch\/de\/wp-json\/wp\/v2\/media?parent=52587"}],"wp:term":[{"taxonomy":"pwb-brand","embeddable":true,"href":"https:\/\/stage.shop-cellularswiss.ch\/de\/wp-json\/wp\/v2\/pwb-brand?post=52587"},{"taxonomy":"product_cat","embeddable":true,"href":"https:\/\/stage.shop-cellularswiss.ch\/de\/wp-json\/wp\/v2\/product_cat?post=52587"},{"taxonomy":"product_tag","embeddable":true,"href":"https:\/\/stage.shop-cellularswiss.ch\/de\/wp-json\/wp\/v2\/product_tag?post=52587"},{"taxonomy":"compatibilite","embeddable":true,"href":"https:\/\/stage.shop-cellularswiss.ch\/de\/wp-json\/wp\/v2\/compatibilite?post=52587"},{"taxonomy":"compatibilite_smartphone","embeddable":true,"href":"https:\/\/stage.shop-cellularswiss.ch\/de\/wp-json\/wp\/v2\/compatibilite_smartphone?post=52587"}],"curies":[{"name":"wp","href":"https:\/\/api.w.org\/{rel}","templated":true}]}}