
{"id":52588,"date":"2021-03-20T11:44:29","date_gmt":"2021-03-20T13:23:13","guid":{"rendered":"https:\/\/stage.shop-cellularswiss.ch\/produit\/voyager-pochette-per-smartphone-fino-a-52\/"},"modified":"2021-03-20T14:23:14","modified_gmt":"2021-03-20T13:23:14","slug":"voyager-pochette-per-smartphone-fino-a-52","status":"publish","type":"product","link":"https:\/\/stage.shop-cellularswiss.ch\/de\/produit\/voyager-pochette-per-smartphone-fino-a-52\/","title":{"rendered":"Voyager Pochette &#8211; Per Smartphone fino a 5,2&#8243;"},"content":{"rendered":"<p>Die Schutztasche Voyager Pochette ist die perfekte L\u00f6sung f\u00fcr all jene, die optimalen Schutz und Komfort f\u00fcr ihr Smartphone im Urlaub suchen. Die dank IPX4-Zertifizierung spritzwassergesch\u00fctzte Tasche verf\u00fcgt \u00fcber ein dichtes, transparentes Fach zum Schutz des Telefons vor Sand und Sonnencreme, das die Anwendung aller Telefonfunktionen erm\u00f6glicht, ohne es aus der H\u00fclle zu nehmen. Mit der praktischen und komfortablen Handgelenkschlaufe ist die Voyager Pochette immer griffbereit und unverlierbar. In den ger\u00e4umigen Innentaschen k\u00f6nnen zudem M\u00fcnzen, Geldscheine, Karten und Schl\u00fcssel verstaut werden. Voyager Pochette ist in vier verschiedenen Farbkombinationen erh\u00e4ltlich: W\u00e4hle deinen Favoriten und verbringe sorglose Urlaubstage.<\/p>\n","protected":false},"excerpt":{"rendered":"<p>Schutzh\u00fclle f\u00fcr das Meer mit Tasche f\u00fcr Geldscheine und Karten<\/p>\n","protected":false},"featured_media":54202,"comment_status":"closed","ping_status":"closed","template":"","meta":{"_et_pb_use_builder":"","_et_pb_old_content":"","_et_gb_content_width":""},"pwb-brand":[],"product_cat":[539,542,559],"product_tag":[],"compatibilite":[],"compatibilite_smartphone":[],"brands":[],"_links":{"self":[{"href":"https:\/\/stage.shop-cellularswiss.ch\/de\/wp-json\/wp\/v2\/product\/52588"}],"collection":[{"href":"https:\/\/stage.shop-cellularswiss.ch\/de\/wp-json\/wp\/v2\/product"}],"about":[{"href":"https:\/\/stage.shop-cellularswiss.ch\/de\/wp-json\/wp\/v2\/types\/product"}],"replies":[{"embeddable":true,"href":"https:\/\/stage.shop-cellularswiss.ch\/de\/wp-json\/wp\/v2\/comments?post=52588"}],"wp:featuredmedia":[{"embeddable":true,"href":"https:\/\/stage.shop-cellularswiss.ch\/de\/wp-json\/wp\/v2\/media\/54202"}],"wp:attachment":[{"href":"https:\/\/stage.shop-cellularswiss.ch\/de\/wp-json\/wp\/v2\/media?parent=52588"}],"wp:term":[{"taxonomy":"pwb-brand","embeddable":true,"href":"https:\/\/stage.shop-cellularswiss.ch\/de\/wp-json\/wp\/v2\/pwb-brand?post=52588"},{"taxonomy":"product_cat","embeddable":true,"href":"https:\/\/stage.shop-cellularswiss.ch\/de\/wp-json\/wp\/v2\/product_cat?post=52588"},{"taxonomy":"product_tag","embeddable":true,"href":"https:\/\/stage.shop-cellularswiss.ch\/de\/wp-json\/wp\/v2\/product_tag?post=52588"},{"taxonomy":"compatibilite","embeddable":true,"href":"https:\/\/stage.shop-cellularswiss.ch\/de\/wp-json\/wp\/v2\/compatibilite?post=52588"},{"taxonomy":"compatibilite_smartphone","embeddable":true,"href":"https:\/\/stage.shop-cellularswiss.ch\/de\/wp-json\/wp\/v2\/compatibilite_smartphone?post=52588"}],"curies":[{"name":"wp","href":"https:\/\/api.w.org\/{rel}","templated":true}]}}