
{"id":52589,"date":"2021-03-20T11:44:31","date_gmt":"2021-03-20T13:23:13","guid":{"rendered":"https:\/\/stage.shop-cellularswiss.ch\/produit\/voyager-pochette-per-smartphone-fino-a-53\/"},"modified":"2021-03-20T14:23:17","modified_gmt":"2021-03-20T13:23:17","slug":"voyager-pochette-per-smartphone-fino-a-53","status":"publish","type":"product","link":"https:\/\/stage.shop-cellularswiss.ch\/de\/produit\/voyager-pochette-per-smartphone-fino-a-53\/","title":{"rendered":"Voyager Pochette &#8211; Per Smartphone fino a 5,3&#8243;"},"content":{"rendered":"<p>Voyager Pochette ist viel mehr als eine dichte Schutztasche: Dank ihr kann man sicher all das mit an den Strand nehmen, das man f\u00fcr einen Strandtag braucht. Neben dem durchsichtigen Fach f\u00fcr das Smartphone, hat sie F\u00e4cher f\u00fcr Karten und Geldscheine und ein Fach f\u00fcr andere Dinge. Sch\u00fctzt vor Sand, Cremes, Wasserspritzern, Schmutz und dank der Handgelenkschlaufe kann man sie leicht \u00fcberall mit hinnehmen.<\/p>\n","protected":false},"excerpt":{"rendered":"<p>Schutzh\u00fclle f\u00fcr das Meer mit Tasche f\u00fcr Geldscheine und Karten<\/p>\n","protected":false},"featured_media":54206,"comment_status":"closed","ping_status":"closed","template":"","meta":{"_et_pb_use_builder":"","_et_pb_old_content":"","_et_gb_content_width":""},"pwb-brand":[],"product_cat":[539,542,559],"product_tag":[],"compatibilite":[],"compatibilite_smartphone":[],"brands":[],"_links":{"self":[{"href":"https:\/\/stage.shop-cellularswiss.ch\/de\/wp-json\/wp\/v2\/product\/52589"}],"collection":[{"href":"https:\/\/stage.shop-cellularswiss.ch\/de\/wp-json\/wp\/v2\/product"}],"about":[{"href":"https:\/\/stage.shop-cellularswiss.ch\/de\/wp-json\/wp\/v2\/types\/product"}],"replies":[{"embeddable":true,"href":"https:\/\/stage.shop-cellularswiss.ch\/de\/wp-json\/wp\/v2\/comments?post=52589"}],"wp:featuredmedia":[{"embeddable":true,"href":"https:\/\/stage.shop-cellularswiss.ch\/de\/wp-json\/wp\/v2\/media\/54206"}],"wp:attachment":[{"href":"https:\/\/stage.shop-cellularswiss.ch\/de\/wp-json\/wp\/v2\/media?parent=52589"}],"wp:term":[{"taxonomy":"pwb-brand","embeddable":true,"href":"https:\/\/stage.shop-cellularswiss.ch\/de\/wp-json\/wp\/v2\/pwb-brand?post=52589"},{"taxonomy":"product_cat","embeddable":true,"href":"https:\/\/stage.shop-cellularswiss.ch\/de\/wp-json\/wp\/v2\/product_cat?post=52589"},{"taxonomy":"product_tag","embeddable":true,"href":"https:\/\/stage.shop-cellularswiss.ch\/de\/wp-json\/wp\/v2\/product_tag?post=52589"},{"taxonomy":"compatibilite","embeddable":true,"href":"https:\/\/stage.shop-cellularswiss.ch\/de\/wp-json\/wp\/v2\/compatibilite?post=52589"},{"taxonomy":"compatibilite_smartphone","embeddable":true,"href":"https:\/\/stage.shop-cellularswiss.ch\/de\/wp-json\/wp\/v2\/compatibilite_smartphone?post=52589"}],"curies":[{"name":"wp","href":"https:\/\/api.w.org\/{rel}","templated":true}]}}