
{"id":52590,"date":"2021-03-20T11:44:33","date_gmt":"2021-03-20T13:23:16","guid":{"rendered":"https:\/\/stage.shop-cellularswiss.ch\/produit\/voyager-pochette-smartphone-fino-a-5-2\/"},"modified":"2021-03-20T14:23:21","modified_gmt":"2021-03-20T13:23:21","slug":"voyager-pochette-smartphone-fino-a-5-2","status":"publish","type":"product","link":"https:\/\/stage.shop-cellularswiss.ch\/de\/produit\/voyager-pochette-smartphone-fino-a-5-2\/","title":{"rendered":"Voyager Pochette &#8211; Smartphone fino a 5.2&#8243;"},"content":{"rendered":"<p>Voyager Pochette ist die wasserdichte Schutztasche mit doppelter Tasche, um das Smartphone sowie Geldscheine und Dokumente zu verstauen und zu sch\u00fctzen und um alles N\u00f6tige immer bei sich zu tragen und den Urlaub am Meer voll auszukosten. Voyager Pochette verf\u00fcgt \u00fcber IPX4-Zertifizierung und garantiert Schutz und Dichtigkeit bei Spritzwasser. Mit der praktischen und komfortablen Handgelenkschlaufe ist die Schutztasche immer griffbereit und unverlierbar. W\u00e4hle das Muster, das am besten zu deinem Stil passt, und genie\u00dfe den Sommer in vollen Z\u00fcgen!<\/p>\n","protected":false},"excerpt":{"rendered":"<p>Schutzh\u00fclle f\u00fcr das Meer mit Tasche f\u00fcr Geldscheine und Karten<\/p>\n","protected":false},"featured_media":54886,"comment_status":"closed","ping_status":"closed","template":"","meta":{"_et_pb_use_builder":"","_et_pb_old_content":"","_et_gb_content_width":""},"pwb-brand":[],"product_cat":[542,559],"product_tag":[],"compatibilite":[],"compatibilite_smartphone":[4375,4380,4358,4394,4395,4393,4412],"brands":[],"_links":{"self":[{"href":"https:\/\/stage.shop-cellularswiss.ch\/de\/wp-json\/wp\/v2\/product\/52590"}],"collection":[{"href":"https:\/\/stage.shop-cellularswiss.ch\/de\/wp-json\/wp\/v2\/product"}],"about":[{"href":"https:\/\/stage.shop-cellularswiss.ch\/de\/wp-json\/wp\/v2\/types\/product"}],"replies":[{"embeddable":true,"href":"https:\/\/stage.shop-cellularswiss.ch\/de\/wp-json\/wp\/v2\/comments?post=52590"}],"wp:featuredmedia":[{"embeddable":true,"href":"https:\/\/stage.shop-cellularswiss.ch\/de\/wp-json\/wp\/v2\/media\/54886"}],"wp:attachment":[{"href":"https:\/\/stage.shop-cellularswiss.ch\/de\/wp-json\/wp\/v2\/media?parent=52590"}],"wp:term":[{"taxonomy":"pwb-brand","embeddable":true,"href":"https:\/\/stage.shop-cellularswiss.ch\/de\/wp-json\/wp\/v2\/pwb-brand?post=52590"},{"taxonomy":"product_cat","embeddable":true,"href":"https:\/\/stage.shop-cellularswiss.ch\/de\/wp-json\/wp\/v2\/product_cat?post=52590"},{"taxonomy":"product_tag","embeddable":true,"href":"https:\/\/stage.shop-cellularswiss.ch\/de\/wp-json\/wp\/v2\/product_tag?post=52590"},{"taxonomy":"compatibilite","embeddable":true,"href":"https:\/\/stage.shop-cellularswiss.ch\/de\/wp-json\/wp\/v2\/compatibilite?post=52590"},{"taxonomy":"compatibilite_smartphone","embeddable":true,"href":"https:\/\/stage.shop-cellularswiss.ch\/de\/wp-json\/wp\/v2\/compatibilite_smartphone?post=52590"}],"curies":[{"name":"wp","href":"https:\/\/api.w.org\/{rel}","templated":true}]}}