
{"id":52593,"date":"2021-03-20T11:44:40","date_gmt":"2021-03-20T13:23:19","guid":{"rendered":"https:\/\/stage.shop-cellularswiss.ch\/produit\/voyager-pochette-universale\/"},"modified":"2021-03-20T14:23:23","modified_gmt":"2021-03-20T13:23:23","slug":"voyager-pochette-universale","status":"publish","type":"product","link":"https:\/\/stage.shop-cellularswiss.ch\/de\/produit\/voyager-pochette-universale\/","title":{"rendered":"Voyager Pochette &#8211; Universale"},"content":{"rendered":"<p>Voyager Pochette ist die wasserdichte Schutzh\u00fclle mit doppelter Tasche, in der das Smartphone sowie Geldscheine, Karten und Dokumente verstaut und gesch\u00fctzt werden k\u00f6nnen, um alles N\u00f6tige immer bei sich zu tragen und den Urlaub am Meer voll auszukosten. Voyager Pochette besteht aus ultra-ber\u00fchrungsempfindlichem und weichem Touch-Material, das mit Force Touch, Touch ID und 3D Touch kompatibel ist, und ist mit einem bequemen Armband ausgestattet. Dar\u00fcber hinaus garantiert die Schutzh\u00fclle dank IPX4-Zertifizierung Schutz und Dichtigkeit bei Spritzwasser.<\/p>\n","protected":false},"excerpt":{"rendered":"<p>Schutzh\u00fclle f\u00fcr das Meer mit Tasche f\u00fcr Geldscheine und Karten<\/p>\n","protected":false},"featured_media":54878,"comment_status":"closed","ping_status":"closed","template":"","meta":{"_et_pb_use_builder":"","_et_pb_old_content":"","_et_gb_content_width":""},"pwb-brand":[],"product_cat":[539,542,559],"product_tag":[],"compatibilite":[],"compatibilite_smartphone":[4449,4447,4380,4362,4358,4435,4433,4434,4385,4397],"brands":[],"_links":{"self":[{"href":"https:\/\/stage.shop-cellularswiss.ch\/de\/wp-json\/wp\/v2\/product\/52593"}],"collection":[{"href":"https:\/\/stage.shop-cellularswiss.ch\/de\/wp-json\/wp\/v2\/product"}],"about":[{"href":"https:\/\/stage.shop-cellularswiss.ch\/de\/wp-json\/wp\/v2\/types\/product"}],"replies":[{"embeddable":true,"href":"https:\/\/stage.shop-cellularswiss.ch\/de\/wp-json\/wp\/v2\/comments?post=52593"}],"wp:featuredmedia":[{"embeddable":true,"href":"https:\/\/stage.shop-cellularswiss.ch\/de\/wp-json\/wp\/v2\/media\/54878"}],"wp:attachment":[{"href":"https:\/\/stage.shop-cellularswiss.ch\/de\/wp-json\/wp\/v2\/media?parent=52593"}],"wp:term":[{"taxonomy":"pwb-brand","embeddable":true,"href":"https:\/\/stage.shop-cellularswiss.ch\/de\/wp-json\/wp\/v2\/pwb-brand?post=52593"},{"taxonomy":"product_cat","embeddable":true,"href":"https:\/\/stage.shop-cellularswiss.ch\/de\/wp-json\/wp\/v2\/product_cat?post=52593"},{"taxonomy":"product_tag","embeddable":true,"href":"https:\/\/stage.shop-cellularswiss.ch\/de\/wp-json\/wp\/v2\/product_tag?post=52593"},{"taxonomy":"compatibilite","embeddable":true,"href":"https:\/\/stage.shop-cellularswiss.ch\/de\/wp-json\/wp\/v2\/compatibilite?post=52593"},{"taxonomy":"compatibilite_smartphone","embeddable":true,"href":"https:\/\/stage.shop-cellularswiss.ch\/de\/wp-json\/wp\/v2\/compatibilite_smartphone?post=52593"}],"curies":[{"name":"wp","href":"https:\/\/api.w.org\/{rel}","templated":true}]}}