
{"id":52594,"date":"2021-03-20T11:44:42","date_gmt":"2021-03-20T13:23:22","guid":{"rendered":"https:\/\/stage.shop-cellularswiss.ch\/produit\/voyager-wallet-universale\/"},"modified":"2021-03-20T14:23:24","modified_gmt":"2021-03-20T13:23:24","slug":"voyager-wallet-universale","status":"publish","type":"product","link":"https:\/\/stage.shop-cellularswiss.ch\/de\/produit\/voyager-wallet-universale\/","title":{"rendered":"Voyager Wallet &#8211; Universale"},"content":{"rendered":"<p>Voyager Wallet ist die Schutzh\u00fclle, in der Smartphone und Karten verstaut und gesch\u00fctzt werden k\u00f6nnen, um alles N\u00f6tige immer bei sich zu tragen und den Urlaub am Meer voll auszukosten. Voyager Wallet besteht aus ultra-ber\u00fchrungsempfindlichem und weichem Touch-Material, das mit Force Touch, Touch ID und 3D Touch kompatibel ist, und ist mit einem bequemen Armband ausgestattet.<\/p>\n","protected":false},"excerpt":{"rendered":"<p>Schutzh\u00fclle f\u00fcr das Meer mit Tasche f\u00fcr Karten<\/p>\n","protected":false},"featured_media":54874,"comment_status":"closed","ping_status":"closed","template":"","meta":{"_et_pb_use_builder":"","_et_pb_old_content":"","_et_gb_content_width":""},"pwb-brand":[],"product_cat":[542,559],"product_tag":[],"compatibilite":[],"compatibilite_smartphone":[4449,4447,4380,4362,4358,4434,4385,4397],"brands":[],"_links":{"self":[{"href":"https:\/\/stage.shop-cellularswiss.ch\/de\/wp-json\/wp\/v2\/product\/52594"}],"collection":[{"href":"https:\/\/stage.shop-cellularswiss.ch\/de\/wp-json\/wp\/v2\/product"}],"about":[{"href":"https:\/\/stage.shop-cellularswiss.ch\/de\/wp-json\/wp\/v2\/types\/product"}],"replies":[{"embeddable":true,"href":"https:\/\/stage.shop-cellularswiss.ch\/de\/wp-json\/wp\/v2\/comments?post=52594"}],"wp:featuredmedia":[{"embeddable":true,"href":"https:\/\/stage.shop-cellularswiss.ch\/de\/wp-json\/wp\/v2\/media\/54874"}],"wp:attachment":[{"href":"https:\/\/stage.shop-cellularswiss.ch\/de\/wp-json\/wp\/v2\/media?parent=52594"}],"wp:term":[{"taxonomy":"pwb-brand","embeddable":true,"href":"https:\/\/stage.shop-cellularswiss.ch\/de\/wp-json\/wp\/v2\/pwb-brand?post=52594"},{"taxonomy":"product_cat","embeddable":true,"href":"https:\/\/stage.shop-cellularswiss.ch\/de\/wp-json\/wp\/v2\/product_cat?post=52594"},{"taxonomy":"product_tag","embeddable":true,"href":"https:\/\/stage.shop-cellularswiss.ch\/de\/wp-json\/wp\/v2\/product_tag?post=52594"},{"taxonomy":"compatibilite","embeddable":true,"href":"https:\/\/stage.shop-cellularswiss.ch\/de\/wp-json\/wp\/v2\/compatibilite?post=52594"},{"taxonomy":"compatibilite_smartphone","embeddable":true,"href":"https:\/\/stage.shop-cellularswiss.ch\/de\/wp-json\/wp\/v2\/compatibilite_smartphone?post=52594"}],"curies":[{"name":"wp","href":"https:\/\/api.w.org\/{rel}","templated":true}]}}