
{"id":52595,"date":"2021-03-20T11:44:47","date_gmt":"2021-03-20T13:23:22","guid":{"rendered":"https:\/\/stage.shop-cellularswiss.ch\/produit\/whirl\/"},"modified":"2021-03-20T14:23:30","modified_gmt":"2021-03-20T13:23:30","slug":"whirl","status":"publish","type":"product","link":"https:\/\/stage.shop-cellularswiss.ch\/de\/produit\/whirl\/","title":{"rendered":"Whirl"},"content":{"rendered":"<p>Whirl ist das Headset mit Lightning-Steckverbinder f\u00fcr Apple-Ger\u00e4te, das dich dank In-Ear-Kapsel vor st\u00f6renden Au\u00dfenger\u00e4uschen sch\u00fctzt, damit du sowohl kraftvolle B\u00e4sse als auch h\u00f6chste H\u00f6hen voll und ganz genie\u00dfen kannst. \u00dcber die Fernbedienung kannst du Playlists und Lautst\u00e4rke ganz einfach steuern.<\/p>\n","protected":false},"excerpt":{"rendered":"<p>In-Ear-Headset mit Lightning-Steckverbinder<\/p>\n","protected":false},"featured_media":40348,"comment_status":"closed","ping_status":"closed","template":"","meta":{"_et_pb_use_builder":"","_et_pb_old_content":"","_et_gb_content_width":""},"pwb-brand":[],"product_cat":[472,489],"product_tag":[],"compatibilite":[],"compatibilite_smartphone":[4366,4365,4375,4376,4443,4355,4357,4368,4373,4451,4381,4417,4419,4382,4418,4437,4439,4438,4446,4442,4445,4444,4359,4377,4364,4379,4353,4374,4372,4449,4447,4380,4362,4448,4440,4358,4435,4433,4434],"brands":[],"_links":{"self":[{"href":"https:\/\/stage.shop-cellularswiss.ch\/de\/wp-json\/wp\/v2\/product\/52595"}],"collection":[{"href":"https:\/\/stage.shop-cellularswiss.ch\/de\/wp-json\/wp\/v2\/product"}],"about":[{"href":"https:\/\/stage.shop-cellularswiss.ch\/de\/wp-json\/wp\/v2\/types\/product"}],"replies":[{"embeddable":true,"href":"https:\/\/stage.shop-cellularswiss.ch\/de\/wp-json\/wp\/v2\/comments?post=52595"}],"wp:featuredmedia":[{"embeddable":true,"href":"https:\/\/stage.shop-cellularswiss.ch\/de\/wp-json\/wp\/v2\/media\/40348"}],"wp:attachment":[{"href":"https:\/\/stage.shop-cellularswiss.ch\/de\/wp-json\/wp\/v2\/media?parent=52595"}],"wp:term":[{"taxonomy":"pwb-brand","embeddable":true,"href":"https:\/\/stage.shop-cellularswiss.ch\/de\/wp-json\/wp\/v2\/pwb-brand?post=52595"},{"taxonomy":"product_cat","embeddable":true,"href":"https:\/\/stage.shop-cellularswiss.ch\/de\/wp-json\/wp\/v2\/product_cat?post=52595"},{"taxonomy":"product_tag","embeddable":true,"href":"https:\/\/stage.shop-cellularswiss.ch\/de\/wp-json\/wp\/v2\/product_tag?post=52595"},{"taxonomy":"compatibilite","embeddable":true,"href":"https:\/\/stage.shop-cellularswiss.ch\/de\/wp-json\/wp\/v2\/compatibilite?post=52595"},{"taxonomy":"compatibilite_smartphone","embeddable":true,"href":"https:\/\/stage.shop-cellularswiss.ch\/de\/wp-json\/wp\/v2\/compatibilite_smartphone?post=52595"}],"curies":[{"name":"wp","href":"https:\/\/api.w.org\/{rel}","templated":true}]}}