
{"id":52598,"date":"2021-03-20T11:44:55","date_gmt":"2021-03-20T13:23:29","guid":{"rendered":"https:\/\/stage.shop-cellularswiss.ch\/produit\/wireless-charger-samsung-apple-and-other-wireless-smartphones\/"},"modified":"2021-03-20T14:23:31","modified_gmt":"2021-03-20T13:23:31","slug":"wireless-charger-samsung-apple-and-other-wireless-smartphones","status":"publish","type":"product","link":"https:\/\/stage.shop-cellularswiss.ch\/de\/produit\/wireless-charger-samsung-apple-and-other-wireless-smartphones\/","title":{"rendered":"Wireless Charger &#8211; Samsung, Apple and other Wireless Smartphones"},"content":{"rendered":"<p>WIRELESS CHARGER ist das kabellose 5W Akkuladeger\u00e4t von Cellularline mit vom Wireless Power Consortium ausgestellter Qi-Zertifizierung, das ein schnelles Aufladen aller mit dem kabellosen Qi-Ladestandard kompatiblen Telefone erm\u00f6glicht.Die Wideactive\u2122 1-Technologie mit einfacher Ladespule maximiert die Ladeoberfl\u00e4che des kabellosen Ladeger\u00e4ts und sorgt f\u00fcr eine effiziente, sichere und kontinuierliche Ladung, ohne das Telefon zu \u00fcberhitzen. Mit einem ultrad\u00fcnnen und leichten Design ist es perfekt f\u00fcr jede Verwendungssituation. Es ist auch mit LED-Leuchten ausgestattet, die zur \u00dcberpr\u00fcfung der Aktivierung des Ladestatus dienen.Im Lieferumfang ist das Micro-USB-Netzkabel mit einer L\u00e4nge von 160cm inbegriffen.Das Netzteil ist nicht im Lieferumfang enthalten.<\/p>\n","protected":false},"excerpt":{"rendered":"<p>Wireless Pad 5 W<\/p>\n","protected":false},"featured_media":54862,"comment_status":"closed","ping_status":"closed","template":"","meta":{"_et_pb_use_builder":"","_et_pb_old_content":"","_et_gb_content_width":""},"pwb-brand":[],"product_cat":[1781,539,1784],"product_tag":[],"compatibilite":[],"compatibilite_smartphone":[4454,4464,4437,4439,4438,4446,4442,4445,4444,4380,4362,4440,4358,4435,4433,4434,4421,4422,4427,4428,4401,4400,4431,4425,4424,4429,4430,4393,4412,4397],"brands":[],"_links":{"self":[{"href":"https:\/\/stage.shop-cellularswiss.ch\/de\/wp-json\/wp\/v2\/product\/52598"}],"collection":[{"href":"https:\/\/stage.shop-cellularswiss.ch\/de\/wp-json\/wp\/v2\/product"}],"about":[{"href":"https:\/\/stage.shop-cellularswiss.ch\/de\/wp-json\/wp\/v2\/types\/product"}],"replies":[{"embeddable":true,"href":"https:\/\/stage.shop-cellularswiss.ch\/de\/wp-json\/wp\/v2\/comments?post=52598"}],"wp:featuredmedia":[{"embeddable":true,"href":"https:\/\/stage.shop-cellularswiss.ch\/de\/wp-json\/wp\/v2\/media\/54862"}],"wp:attachment":[{"href":"https:\/\/stage.shop-cellularswiss.ch\/de\/wp-json\/wp\/v2\/media?parent=52598"}],"wp:term":[{"taxonomy":"pwb-brand","embeddable":true,"href":"https:\/\/stage.shop-cellularswiss.ch\/de\/wp-json\/wp\/v2\/pwb-brand?post=52598"},{"taxonomy":"product_cat","embeddable":true,"href":"https:\/\/stage.shop-cellularswiss.ch\/de\/wp-json\/wp\/v2\/product_cat?post=52598"},{"taxonomy":"product_tag","embeddable":true,"href":"https:\/\/stage.shop-cellularswiss.ch\/de\/wp-json\/wp\/v2\/product_tag?post=52598"},{"taxonomy":"compatibilite","embeddable":true,"href":"https:\/\/stage.shop-cellularswiss.ch\/de\/wp-json\/wp\/v2\/compatibilite?post=52598"},{"taxonomy":"compatibilite_smartphone","embeddable":true,"href":"https:\/\/stage.shop-cellularswiss.ch\/de\/wp-json\/wp\/v2\/compatibilite_smartphone?post=52598"}],"curies":[{"name":"wp","href":"https:\/\/api.w.org\/{rel}","templated":true}]}}