
{"id":52599,"date":"2021-03-20T11:44:58","date_gmt":"2021-03-20T13:23:29","guid":{"rendered":"https:\/\/stage.shop-cellularswiss.ch\/produit\/wireless-fast-charger-dual-samsung-apple-and-other-wireless-smartphones\/"},"modified":"2022-03-05T15:22:15","modified_gmt":"2022-03-05T14:22:15","slug":"wireless-fast-charger-dual-samsung-apple-and-other-wireless-smartphones","status":"publish","type":"product","link":"https:\/\/stage.shop-cellularswiss.ch\/de\/produit\/wireless-fast-charger-dual-samsung-apple-and-other-wireless-smartphones\/","title":{"rendered":"Wireless Fast Charger Dual &#8211; Samsung, Apple and other Wireless Smartphones"},"content":{"rendered":"<p>WIRELESS FAST CHARGER DUAL ist das kabellose Akkuladeger\u00e4t von Cellularline mit vom Wireless Power Consortium ausgestellter Qi-Zertifizierung, das ein gleichzeitiges Aufladen zweier mit dem kabellosen Qi-Ladestandard kompatiblen Telefone erm\u00f6glicht. Beide Ladepads sind mit der WIDEACTIVE\u2122 1-Technologie ausgestattet, die dank ihrer Elektronik mit Einzelspule ein effizientes und sicheres Laden ohne \u00dcberhitzung des Telefons garantiert. Auch zum kabellosen Aufladen von kompatiblem Zubeh\u00f6r geeignet. Im Lieferumfang enthalten ist das 30W Netzteil, das eine h\u00f6chste Geschwindigkeit beim gleichzeitigen Laden an beiden Stationen erm\u00f6glicht, selbst f\u00fcr die leistungsst\u00e4rksten Telefone.<\/p>\n","protected":false},"excerpt":{"rendered":"<p>Wireless mit doppelter Ladestation 10 W + 10 W, Netzteil inklusive<\/p>\n","protected":false},"featured_media":62840,"comment_status":"closed","ping_status":"closed","template":"","meta":{"_et_pb_use_builder":"","_et_pb_old_content":"","_et_gb_content_width":""},"pwb-brand":[],"product_cat":[1781,1784],"product_tag":[],"compatibilite":[],"compatibilite_smartphone":[4437,4439,4438,4446,4442,4445,4444,4380,4362,4440,4358,4435,4433,4434,4421,4422,4427,4428,4401,4400,4431,4425,4424,4429,4430,4393,4412,4397],"brands":[],"_links":{"self":[{"href":"https:\/\/stage.shop-cellularswiss.ch\/de\/wp-json\/wp\/v2\/product\/52599"}],"collection":[{"href":"https:\/\/stage.shop-cellularswiss.ch\/de\/wp-json\/wp\/v2\/product"}],"about":[{"href":"https:\/\/stage.shop-cellularswiss.ch\/de\/wp-json\/wp\/v2\/types\/product"}],"replies":[{"embeddable":true,"href":"https:\/\/stage.shop-cellularswiss.ch\/de\/wp-json\/wp\/v2\/comments?post=52599"}],"wp:featuredmedia":[{"embeddable":true,"href":"https:\/\/stage.shop-cellularswiss.ch\/de\/wp-json\/wp\/v2\/media\/62840"}],"wp:attachment":[{"href":"https:\/\/stage.shop-cellularswiss.ch\/de\/wp-json\/wp\/v2\/media?parent=52599"}],"wp:term":[{"taxonomy":"pwb-brand","embeddable":true,"href":"https:\/\/stage.shop-cellularswiss.ch\/de\/wp-json\/wp\/v2\/pwb-brand?post=52599"},{"taxonomy":"product_cat","embeddable":true,"href":"https:\/\/stage.shop-cellularswiss.ch\/de\/wp-json\/wp\/v2\/product_cat?post=52599"},{"taxonomy":"product_tag","embeddable":true,"href":"https:\/\/stage.shop-cellularswiss.ch\/de\/wp-json\/wp\/v2\/product_tag?post=52599"},{"taxonomy":"compatibilite","embeddable":true,"href":"https:\/\/stage.shop-cellularswiss.ch\/de\/wp-json\/wp\/v2\/compatibilite?post=52599"},{"taxonomy":"compatibilite_smartphone","embeddable":true,"href":"https:\/\/stage.shop-cellularswiss.ch\/de\/wp-json\/wp\/v2\/compatibilite_smartphone?post=52599"}],"curies":[{"name":"wp","href":"https:\/\/api.w.org\/{rel}","templated":true}]}}