
{"id":52600,"date":"2021-03-20T11:45:00","date_gmt":"2021-03-20T13:23:32","guid":{"rendered":"https:\/\/stage.shop-cellularswiss.ch\/produit\/wireless-fast-charger-easy-samsung-apple-and-other-wireless-smartphones\/"},"modified":"2021-03-20T14:23:34","modified_gmt":"2021-03-20T13:23:34","slug":"wireless-fast-charger-easy-samsung-apple-and-other-wireless-smartphones","status":"publish","type":"product","link":"https:\/\/stage.shop-cellularswiss.ch\/de\/produit\/wireless-fast-charger-easy-samsung-apple-and-other-wireless-smartphones\/","title":{"rendered":"Wireless Fast Charger Easy &#8211; Samsung, Apple and other Wireless Smartphones"},"content":{"rendered":"<p>WIRELESS FAST CHARGER EASY ist das kabellose 10W Akkuladeger\u00e4t von Cellularline mit vom Wireless Power Consortium ausgestellter Qi-Zertifizierung, das ein schnelles Aufladen aller mit dem kabellosen Ladestandard kompatiblen Telefone erm\u00f6glicht.Die Wideactive\u2122 1-Technologie mit einfacher Ladespule maximiert die Ladeoberfl\u00e4che des kabellosen Ladeger\u00e4ts und sorgt f\u00fcr eine effiziente, sichere und kontinuierliche Ladung, ohne das Telefon zu \u00fcberhitzen. Mit einem ultrad\u00fcnnen und leichten Design ist es perfekt f\u00fcr jede Verwendungssituation. Im Lieferumfang ist ein Micro-USB-Netzkabel mit einer L\u00e4nge von 160cm inbegriffen. Das Netzteil ist nicht im Lieferumfang enthalten. F\u00fcr die Schnellaufladung mit einer Ladeleistung von 10W ben\u00f6tigt der Wireless Charger Easy ein adaptives USB-Netzteil von mindestens 18W.<\/p>\n","protected":false},"excerpt":{"rendered":"<p>Wireless Pad 10 W<\/p>\n","protected":false},"featured_media":62844,"comment_status":"closed","ping_status":"closed","template":"","meta":{"_et_pb_use_builder":"","_et_pb_old_content":"","_et_gb_content_width":""},"pwb-brand":[],"product_cat":[1781,1784],"product_tag":[],"compatibilite":[],"compatibilite_smartphone":[4437,4439,4438,4446,4442,4445,4444,4380,4362,4440,4358,4435,4433,4434,4421,4422,4427,4428,4401,4400,4431,4425,4424,4429,4430,4393,4397],"brands":[],"_links":{"self":[{"href":"https:\/\/stage.shop-cellularswiss.ch\/de\/wp-json\/wp\/v2\/product\/52600"}],"collection":[{"href":"https:\/\/stage.shop-cellularswiss.ch\/de\/wp-json\/wp\/v2\/product"}],"about":[{"href":"https:\/\/stage.shop-cellularswiss.ch\/de\/wp-json\/wp\/v2\/types\/product"}],"replies":[{"embeddable":true,"href":"https:\/\/stage.shop-cellularswiss.ch\/de\/wp-json\/wp\/v2\/comments?post=52600"}],"wp:featuredmedia":[{"embeddable":true,"href":"https:\/\/stage.shop-cellularswiss.ch\/de\/wp-json\/wp\/v2\/media\/62844"}],"wp:attachment":[{"href":"https:\/\/stage.shop-cellularswiss.ch\/de\/wp-json\/wp\/v2\/media?parent=52600"}],"wp:term":[{"taxonomy":"pwb-brand","embeddable":true,"href":"https:\/\/stage.shop-cellularswiss.ch\/de\/wp-json\/wp\/v2\/pwb-brand?post=52600"},{"taxonomy":"product_cat","embeddable":true,"href":"https:\/\/stage.shop-cellularswiss.ch\/de\/wp-json\/wp\/v2\/product_cat?post=52600"},{"taxonomy":"product_tag","embeddable":true,"href":"https:\/\/stage.shop-cellularswiss.ch\/de\/wp-json\/wp\/v2\/product_tag?post=52600"},{"taxonomy":"compatibilite","embeddable":true,"href":"https:\/\/stage.shop-cellularswiss.ch\/de\/wp-json\/wp\/v2\/compatibilite?post=52600"},{"taxonomy":"compatibilite_smartphone","embeddable":true,"href":"https:\/\/stage.shop-cellularswiss.ch\/de\/wp-json\/wp\/v2\/compatibilite_smartphone?post=52600"}],"curies":[{"name":"wp","href":"https:\/\/api.w.org\/{rel}","templated":true}]}}