
{"id":52601,"date":"2021-03-20T14:23:32","date_gmt":"2021-03-20T13:23:32","guid":{"rendered":"https:\/\/stage.shop-cellularswiss.ch\/produit\/wireless-fast-charger-pad-iphone-8-or-later-and-airpods-with-wireless-case\/"},"modified":"2021-03-20T14:23:37","modified_gmt":"2021-03-20T13:23:37","slug":"wireless-fast-charger-pad-iphone-8-or-later-and-airpods-with-wireless-case","status":"publish","type":"product","link":"https:\/\/stage.shop-cellularswiss.ch\/de\/produit\/wireless-fast-charger-pad-iphone-8-or-later-and-airpods-with-wireless-case\/","title":{"rendered":"Wireless Fast Charger Pad &#8211; iPhone 8 or later and Airpods with Wireless Case"},"content":{"rendered":"<p>WIRELESS FAST CHARGER PAD ist das kabellose Akkuladeger\u00e4t von Cellularline speziell f\u00fcr Apple mit vom Wireless Power Consortium ausgestellter Qi-Zertifizierung, das ein Aufladen aller Apple-Ger\u00e4te, die mit dem kabellosen Ladestandard kompatibel sind, erm\u00f6glicht.Die Wideactive\u2122 1-Technologie mit einfacher Ladespule maximiert die Ladeoberfl\u00e4che des kabellosen Ladeger\u00e4ts und sorgt f\u00fcr eine effiziente, sichere und kontinuierliche Ladung, ohne das Telefon zu \u00fcberhitzen. Dank des innovativen, ultrad\u00fcnnen und leichten Designs ist es zur Verwendung in jeder Situation \u2013 egal ob zuhause oder im B\u00fcro \u2013 perfekt geeignet. Der Wireless Fast Charger Pad ist zudem mit einem LED-System ausgestattet, mit dem die Aktivierung des Ladevorgangs \u00fcberpr\u00fcft werden kann. Im Lieferumfang enthalten ist das 12W Netzteil, das eine h\u00f6chste Ladegeschwindigkeit f\u00fcr alle kompatiblen iPhones erm\u00f6glicht.Es gibt keinerlei Abmachung, Lizenz oder Verbindung zwischen Cellularline S.p.A. und den in den Texten und Bildern dieser Website angegebenen Markeninhabern und Namen. Alle Telefonmarken, -namen und -modelle sind Eigentum der jeweiligen Inhaber.<\/p>\n","protected":false},"excerpt":{"rendered":"<p>Wireless Pad 7,5 W mit Netzteil<\/p>\n","protected":false},"featured_media":54850,"comment_status":"closed","ping_status":"open","template":"","meta":{"_et_pb_use_builder":"","_et_pb_old_content":"","_et_gb_content_width":""},"pwb-brand":[],"product_cat":[1781,1784],"product_tag":[],"compatibilite":[],"compatibilite_smartphone":[4437,4439,4438,4446,4442,4445,4444,4380,4362,4440,4358,4435,4433,4434,4427,4428,4431,4425,4424,4429,4430],"brands":[],"_links":{"self":[{"href":"https:\/\/stage.shop-cellularswiss.ch\/de\/wp-json\/wp\/v2\/product\/52601"}],"collection":[{"href":"https:\/\/stage.shop-cellularswiss.ch\/de\/wp-json\/wp\/v2\/product"}],"about":[{"href":"https:\/\/stage.shop-cellularswiss.ch\/de\/wp-json\/wp\/v2\/types\/product"}],"replies":[{"embeddable":true,"href":"https:\/\/stage.shop-cellularswiss.ch\/de\/wp-json\/wp\/v2\/comments?post=52601"}],"wp:featuredmedia":[{"embeddable":true,"href":"https:\/\/stage.shop-cellularswiss.ch\/de\/wp-json\/wp\/v2\/media\/54850"}],"wp:attachment":[{"href":"https:\/\/stage.shop-cellularswiss.ch\/de\/wp-json\/wp\/v2\/media?parent=52601"}],"wp:term":[{"taxonomy":"pwb-brand","embeddable":true,"href":"https:\/\/stage.shop-cellularswiss.ch\/de\/wp-json\/wp\/v2\/pwb-brand?post=52601"},{"taxonomy":"product_cat","embeddable":true,"href":"https:\/\/stage.shop-cellularswiss.ch\/de\/wp-json\/wp\/v2\/product_cat?post=52601"},{"taxonomy":"product_tag","embeddable":true,"href":"https:\/\/stage.shop-cellularswiss.ch\/de\/wp-json\/wp\/v2\/product_tag?post=52601"},{"taxonomy":"compatibilite","embeddable":true,"href":"https:\/\/stage.shop-cellularswiss.ch\/de\/wp-json\/wp\/v2\/compatibilite?post=52601"},{"taxonomy":"compatibilite_smartphone","embeddable":true,"href":"https:\/\/stage.shop-cellularswiss.ch\/de\/wp-json\/wp\/v2\/compatibilite_smartphone?post=52601"}],"curies":[{"name":"wp","href":"https:\/\/api.w.org\/{rel}","templated":true}]}}