
{"id":52602,"date":"2021-03-20T14:23:36","date_gmt":"2021-03-20T13:23:36","guid":{"rendered":"https:\/\/stage.shop-cellularswiss.ch\/produit\/wireless-fast-charger-pad-samsung-apple-and-other-wireless-smartphones\/"},"modified":"2022-02-24T14:12:38","modified_gmt":"2022-02-24T13:12:38","slug":"wireless-fast-charger-pad-samsung-apple-and-other-wireless-smartphones","status":"publish","type":"product","link":"https:\/\/stage.shop-cellularswiss.ch\/de\/produit\/wireless-fast-charger-pad-samsung-apple-and-other-wireless-smartphones\/","title":{"rendered":"Wireless Fast Charger Pad &#8211; Samsung, Apple and other Wireless Smartphones"},"content":{"rendered":"<p>WIRELESS FAST CHARGER &#8211; PAD ist das kabellose Akkuladeger\u00e4t von Cellularline mit vom Wireless Power Consortium ausgestelltem Qi-Zertifikat, das ein SCHNELLES Aufladen aller mit dem kabellosen Qi-Ladestandard kompatiblen Telefone erm\u00f6glicht. Die WIDEACTIVE\u2122 1-Technologie garantiert dank ihrer exklusiven Elektronik mit Einzelspule ein effizientes und sicheres Laden OHNE \u00dcBERHITZUNG DES TELEFONS. Das Smartphone wird mit einer einfachen Geste geladen, indem es auf die Oberfl\u00e4che des Pads gelegt wird. Dar\u00fcber hinaus kann das Laden auch mit H\u00fclle erfolgen, die den Betrieb des Wireless Charger nicht beeintr\u00e4chtigt. Im Lieferumfang inbegriffen sind ein Typ-C-Kabel mit einer L\u00e4nge von 160 cm und ein adaptives USB-Netzteil mit 18 W f\u00fcr die richtige Versorgung des Pads und h\u00f6chste Ladegeschwindigkeit auch f\u00fcr die leistungsst\u00e4rksten Telefone.<\/p>\n","protected":false},"excerpt":{"rendered":"<p>Kabelloses Akkuladeger\u00e4t mit Netzteil und Kabel inklusive<\/p>\n","protected":false},"featured_media":54854,"comment_status":"closed","ping_status":"open","template":"","meta":{"_et_pb_use_builder":"","_et_pb_old_content":"","_et_gb_content_width":""},"pwb-brand":[],"product_cat":[1781,1784],"product_tag":[],"compatibilite":[],"compatibilite_smartphone":[4454,4464,4437,4439,4438,4446,4442,4445,4444,4380,4362,4440,4358,4435,4433,4434,4421,4422,4427,4428,4401,4400,4431,4425,4424,4429,4430,4393,4412,4397],"brands":[],"_links":{"self":[{"href":"https:\/\/stage.shop-cellularswiss.ch\/de\/wp-json\/wp\/v2\/product\/52602"}],"collection":[{"href":"https:\/\/stage.shop-cellularswiss.ch\/de\/wp-json\/wp\/v2\/product"}],"about":[{"href":"https:\/\/stage.shop-cellularswiss.ch\/de\/wp-json\/wp\/v2\/types\/product"}],"replies":[{"embeddable":true,"href":"https:\/\/stage.shop-cellularswiss.ch\/de\/wp-json\/wp\/v2\/comments?post=52602"}],"wp:featuredmedia":[{"embeddable":true,"href":"https:\/\/stage.shop-cellularswiss.ch\/de\/wp-json\/wp\/v2\/media\/54854"}],"wp:attachment":[{"href":"https:\/\/stage.shop-cellularswiss.ch\/de\/wp-json\/wp\/v2\/media?parent=52602"}],"wp:term":[{"taxonomy":"pwb-brand","embeddable":true,"href":"https:\/\/stage.shop-cellularswiss.ch\/de\/wp-json\/wp\/v2\/pwb-brand?post=52602"},{"taxonomy":"product_cat","embeddable":true,"href":"https:\/\/stage.shop-cellularswiss.ch\/de\/wp-json\/wp\/v2\/product_cat?post=52602"},{"taxonomy":"product_tag","embeddable":true,"href":"https:\/\/stage.shop-cellularswiss.ch\/de\/wp-json\/wp\/v2\/product_tag?post=52602"},{"taxonomy":"compatibilite","embeddable":true,"href":"https:\/\/stage.shop-cellularswiss.ch\/de\/wp-json\/wp\/v2\/compatibilite?post=52602"},{"taxonomy":"compatibilite_smartphone","embeddable":true,"href":"https:\/\/stage.shop-cellularswiss.ch\/de\/wp-json\/wp\/v2\/compatibilite_smartphone?post=52602"}],"curies":[{"name":"wp","href":"https:\/\/api.w.org\/{rel}","templated":true}]}}