
{"id":52603,"date":"2021-03-20T11:45:08","date_gmt":"2021-03-20T13:23:36","guid":{"rendered":"https:\/\/stage.shop-cellularswiss.ch\/produit\/wireless-fast-charger-stand-iphone-8-or-later-and-airpods-with-wireless-case\/"},"modified":"2021-07-02T14:22:50","modified_gmt":"2021-07-02T12:22:50","slug":"wireless-fast-charger-stand-iphone-8-or-later-and-airpods-with-wireless-case","status":"publish","type":"product","link":"https:\/\/stage.shop-cellularswiss.ch\/de\/produit\/wireless-fast-charger-stand-iphone-8-or-later-and-airpods-with-wireless-case\/","title":{"rendered":"Wireless Fast Charger Stand &#8211; iPhone 8 or later and Airpods with Wireless Case"},"content":{"rendered":"<p>WIRELESS FAST CHARGER STAND ist das kabellose Akkuladeger\u00e4t von Cellularline speziell f\u00fcr Apple mit vom Wireless Power Consortium ausgestellter Qi-Zertifizierung, das ein Aufladen aller Apple-Ger\u00e4te, die mit dem kabellosen Ladestandard kompatibel sind, erm\u00f6glicht. Die Wideactive\u2122 2-Technologie mit doppelter Ladespule maximiert die Ladeoberfl\u00e4che des kabellosen Ladeger\u00e4ts und sorgt f\u00fcr eine effiziente, sichere und kontinuierliche Ladung, ohne das Telefon zu \u00fcberhitzen. Dank der St\u00e4nderfunktion kann das Smartphone sowohl vertikal als auch horizontal positioniert werden, was eine komfortable Anzeige w\u00e4hrend der Ladephase erm\u00f6glicht. Der Wireless Fast Charger Stand ist zudem mit einem LED-System ausgestattet, mit dem die Aktivierung des Ladevorgangs \u00fcberpr\u00fcft werden kann.Im Lieferumfang enthalten ist das 12W Netzteil, das eine h\u00f6chste Ladegeschwindigkeit f\u00fcr alle kompatiblen iPhones erm\u00f6glicht.Es gibt keinerlei Abmachung, Lizenz oder Verbindung zwischen Cellularline S.p.A. und den in den Texten und Bildern dieser Website angegebenen Markeninhabern und Namen. Alle Telefonmarken, -namen und -modelle sind Eigentum der jeweiligen Inhaber.<\/p>\n","protected":false},"excerpt":{"rendered":"<p>Wireless Stand 7,5 W mit Netzteil<\/p>\n","protected":false},"featured_media":54842,"comment_status":"closed","ping_status":"closed","template":"","meta":{"_et_pb_use_builder":"","_et_pb_old_content":"","_et_gb_content_width":""},"pwb-brand":[],"product_cat":[4540,1781,1784],"product_tag":[],"compatibilite":[],"compatibilite_smartphone":[4437,4439,4438,4446,4445,4444,4380,4362,4440,4358,4435,4433,4434,4421,4422,4427,4428,4401,4400,4431,4425,4424],"brands":[],"_links":{"self":[{"href":"https:\/\/stage.shop-cellularswiss.ch\/de\/wp-json\/wp\/v2\/product\/52603"}],"collection":[{"href":"https:\/\/stage.shop-cellularswiss.ch\/de\/wp-json\/wp\/v2\/product"}],"about":[{"href":"https:\/\/stage.shop-cellularswiss.ch\/de\/wp-json\/wp\/v2\/types\/product"}],"replies":[{"embeddable":true,"href":"https:\/\/stage.shop-cellularswiss.ch\/de\/wp-json\/wp\/v2\/comments?post=52603"}],"wp:featuredmedia":[{"embeddable":true,"href":"https:\/\/stage.shop-cellularswiss.ch\/de\/wp-json\/wp\/v2\/media\/54842"}],"wp:attachment":[{"href":"https:\/\/stage.shop-cellularswiss.ch\/de\/wp-json\/wp\/v2\/media?parent=52603"}],"wp:term":[{"taxonomy":"pwb-brand","embeddable":true,"href":"https:\/\/stage.shop-cellularswiss.ch\/de\/wp-json\/wp\/v2\/pwb-brand?post=52603"},{"taxonomy":"product_cat","embeddable":true,"href":"https:\/\/stage.shop-cellularswiss.ch\/de\/wp-json\/wp\/v2\/product_cat?post=52603"},{"taxonomy":"product_tag","embeddable":true,"href":"https:\/\/stage.shop-cellularswiss.ch\/de\/wp-json\/wp\/v2\/product_tag?post=52603"},{"taxonomy":"compatibilite","embeddable":true,"href":"https:\/\/stage.shop-cellularswiss.ch\/de\/wp-json\/wp\/v2\/compatibilite?post=52603"},{"taxonomy":"compatibilite_smartphone","embeddable":true,"href":"https:\/\/stage.shop-cellularswiss.ch\/de\/wp-json\/wp\/v2\/compatibilite_smartphone?post=52603"}],"curies":[{"name":"wp","href":"https:\/\/api.w.org\/{rel}","templated":true}]}}