
{"id":52604,"date":"2021-03-20T11:45:10","date_gmt":"2021-03-20T13:23:39","guid":{"rendered":"https:\/\/stage.shop-cellularswiss.ch\/produit\/wireless-fast-charger-stand-samsung-apple-and-other-wireless-smartphones\/"},"modified":"2021-08-23T17:04:21","modified_gmt":"2021-08-23T15:04:21","slug":"wireless-fast-charger-stand-samsung-apple-and-other-wireless-smartphones","status":"publish","type":"product","link":"https:\/\/stage.shop-cellularswiss.ch\/de\/produit\/wireless-fast-charger-stand-samsung-apple-and-other-wireless-smartphones\/","title":{"rendered":"Wireless Fast Charger Stand &#8211; Samsung, Apple and other Wireless Smartphones"},"content":{"rendered":"<p>Wireless Fast Charger Stand ist ein kabelloses Ladeger\u00e4t, das mit Wideactive\u2122 2-Technologie ausgestattet ist, das dank der Elektronik mit doppelten Ladespiralen die Ladeoberfl\u00e4che erh\u00f6ht und ein noch effizienteres und kontinuierliches, kabelloses Laden garantiert, ohne dass das Telefon sich \u00fcberhitzt. Die doppelte Ladespirale erm\u00f6glicht in Kombination mit dem innovativen Design des St\u00e4nders das Aufladen des Telefons in jeder Position, wobei ein Winkel eingenommen wird, der eine Interaktion mit dem Telefon und die Anzeige des Displays w\u00e4hrend des Ladens erm\u00f6glicht. Der Wireless Fast Charger Stand ist zudem mit einem LED-System ausgestattet, mit dem die Aktivierung des Ladevorgangs \u00fcberpr\u00fcft werden kann.<\/p>\n","protected":false},"excerpt":{"rendered":"<p>Kabelloses Ladeger\u00e4t mit Wideactive\u2122 2-Technologie<\/p>\n","protected":false},"featured_media":54198,"comment_status":"closed","ping_status":"closed","template":"","meta":{"_et_pb_use_builder":"","_et_pb_old_content":"","_et_gb_content_width":""},"pwb-brand":[],"product_cat":[1781,539,1784],"product_tag":[],"compatibilite":[],"compatibilite_smartphone":[],"brands":[],"_links":{"self":[{"href":"https:\/\/stage.shop-cellularswiss.ch\/de\/wp-json\/wp\/v2\/product\/52604"}],"collection":[{"href":"https:\/\/stage.shop-cellularswiss.ch\/de\/wp-json\/wp\/v2\/product"}],"about":[{"href":"https:\/\/stage.shop-cellularswiss.ch\/de\/wp-json\/wp\/v2\/types\/product"}],"replies":[{"embeddable":true,"href":"https:\/\/stage.shop-cellularswiss.ch\/de\/wp-json\/wp\/v2\/comments?post=52604"}],"wp:featuredmedia":[{"embeddable":true,"href":"https:\/\/stage.shop-cellularswiss.ch\/de\/wp-json\/wp\/v2\/media\/54198"}],"wp:attachment":[{"href":"https:\/\/stage.shop-cellularswiss.ch\/de\/wp-json\/wp\/v2\/media?parent=52604"}],"wp:term":[{"taxonomy":"pwb-brand","embeddable":true,"href":"https:\/\/stage.shop-cellularswiss.ch\/de\/wp-json\/wp\/v2\/pwb-brand?post=52604"},{"taxonomy":"product_cat","embeddable":true,"href":"https:\/\/stage.shop-cellularswiss.ch\/de\/wp-json\/wp\/v2\/product_cat?post=52604"},{"taxonomy":"product_tag","embeddable":true,"href":"https:\/\/stage.shop-cellularswiss.ch\/de\/wp-json\/wp\/v2\/product_tag?post=52604"},{"taxonomy":"compatibilite","embeddable":true,"href":"https:\/\/stage.shop-cellularswiss.ch\/de\/wp-json\/wp\/v2\/compatibilite?post=52604"},{"taxonomy":"compatibilite_smartphone","embeddable":true,"href":"https:\/\/stage.shop-cellularswiss.ch\/de\/wp-json\/wp\/v2\/compatibilite_smartphone?post=52604"}],"curies":[{"name":"wp","href":"https:\/\/api.w.org\/{rel}","templated":true}]}}