
{"id":52607,"date":"2021-03-20T11:45:16","date_gmt":"2021-03-20T13:23:42","guid":{"rendered":"https:\/\/stage.shop-cellularswiss.ch\/produit\/wireless-passport-samsung-apple-and-other-wireless-smartphones\/"},"modified":"2021-03-20T14:23:46","modified_gmt":"2021-03-20T13:23:46","slug":"wireless-passport-samsung-apple-and-other-wireless-smartphones","status":"publish","type":"product","link":"https:\/\/stage.shop-cellularswiss.ch\/de\/produit\/wireless-passport-samsung-apple-and-other-wireless-smartphones\/","title":{"rendered":"Wireless Passport &#8211; Samsung, Apple and other Wireless Smartphones"},"content":{"rendered":"<p>WIRELESS PASSPORT ist das kabellose Akkuladeger\u00e4t von Cellularline mit vom Wireless Power Consortium ausgestellter Qi-Zertifizierung, das ein schnelles Aufladen aller mit dem kabellosen Ladestandard kompatiblen Telefone erm\u00f6glicht. Das zusammenklappbare Design sorgt f\u00fcr ein ultraschmales und kompaktes Produkt, ideal f\u00fcr Reisen. Durch die zusammenklappbare Struktur kann das Telefon auf zwei H\u00f6hen aufgestellt und sowohl vertikal als auch horizontal aufgeladen werden. Im Lieferumfang ist ein USB-C-Kabel mit einer L\u00e4nge von 160 cm inbegriffen.Das Netzteil ist nicht im Lieferumfang enthalten. F\u00fcr die Schnellaufladung mit einer Ladeleistung von 10W ben\u00f6tigt Wireless Passport ein adaptives USB-Netzteil von mindestens 18W.<\/p>\n","protected":false},"excerpt":{"rendered":"<p>Ultraflaches, klappbares Wireless 10 W<\/p>\n","protected":false},"featured_media":62776,"comment_status":"closed","ping_status":"closed","template":"","meta":{"_et_pb_use_builder":"","_et_pb_old_content":"","_et_gb_content_width":""},"pwb-brand":[],"product_cat":[1781,1784],"product_tag":[],"compatibilite":[],"compatibilite_smartphone":[4437,4439,4438,4446,4445,4444,4380,4362,4440,4358,4435,4433,4434,4421,4422,4427,4428,4401,4400,4431,4425,4424,4429,4430,4393,4412,4397],"brands":[],"_links":{"self":[{"href":"https:\/\/stage.shop-cellularswiss.ch\/de\/wp-json\/wp\/v2\/product\/52607"}],"collection":[{"href":"https:\/\/stage.shop-cellularswiss.ch\/de\/wp-json\/wp\/v2\/product"}],"about":[{"href":"https:\/\/stage.shop-cellularswiss.ch\/de\/wp-json\/wp\/v2\/types\/product"}],"replies":[{"embeddable":true,"href":"https:\/\/stage.shop-cellularswiss.ch\/de\/wp-json\/wp\/v2\/comments?post=52607"}],"wp:featuredmedia":[{"embeddable":true,"href":"https:\/\/stage.shop-cellularswiss.ch\/de\/wp-json\/wp\/v2\/media\/62776"}],"wp:attachment":[{"href":"https:\/\/stage.shop-cellularswiss.ch\/de\/wp-json\/wp\/v2\/media?parent=52607"}],"wp:term":[{"taxonomy":"pwb-brand","embeddable":true,"href":"https:\/\/stage.shop-cellularswiss.ch\/de\/wp-json\/wp\/v2\/pwb-brand?post=52607"},{"taxonomy":"product_cat","embeddable":true,"href":"https:\/\/stage.shop-cellularswiss.ch\/de\/wp-json\/wp\/v2\/product_cat?post=52607"},{"taxonomy":"product_tag","embeddable":true,"href":"https:\/\/stage.shop-cellularswiss.ch\/de\/wp-json\/wp\/v2\/product_tag?post=52607"},{"taxonomy":"compatibilite","embeddable":true,"href":"https:\/\/stage.shop-cellularswiss.ch\/de\/wp-json\/wp\/v2\/compatibilite?post=52607"},{"taxonomy":"compatibilite_smartphone","embeddable":true,"href":"https:\/\/stage.shop-cellularswiss.ch\/de\/wp-json\/wp\/v2\/compatibilite_smartphone?post=52607"}],"curies":[{"name":"wp","href":"https:\/\/api.w.org\/{rel}","templated":true}]}}