
{"id":52608,"date":"2021-03-20T11:45:19","date_gmt":"2021-03-20T13:23:45","guid":{"rendered":"https:\/\/stage.shop-cellularswiss.ch\/produit\/world-travel-adapter-universal\/"},"modified":"2021-03-20T14:23:47","modified_gmt":"2021-03-20T13:23:47","slug":"world-travel-adapter-universal","status":"publish","type":"product","link":"https:\/\/stage.shop-cellularswiss.ch\/de\/produit\/world-travel-adapter-universal\/","title":{"rendered":"World Travel Adapter &#8211; Universal"},"content":{"rendered":"<p>Der Reiseadapter mit vielen Steckern im Taschenformat eignet sich f\u00fcr die sichere Anpassung von Ger\u00e4ten aus der ganzen Welt, \u00fcberall auf der Welt.<\/p>\n","protected":false},"excerpt":{"rendered":"<p>Universal-Adapter f\u00fcr Steckdosen in der ganzen Welt<\/p>\n","protected":false},"featured_media":54838,"comment_status":"closed","ping_status":"closed","template":"","meta":{"_et_pb_use_builder":"","_et_pb_old_content":"","_et_gb_content_width":""},"pwb-brand":[],"product_cat":[3845,1781],"product_tag":[4545],"compatibilite":[],"compatibilite_smartphone":[4363,4370,4354,4450,4378,4356,4359,4377,4364,4379,4353,4374,4372,4448],"brands":[],"_links":{"self":[{"href":"https:\/\/stage.shop-cellularswiss.ch\/de\/wp-json\/wp\/v2\/product\/52608"}],"collection":[{"href":"https:\/\/stage.shop-cellularswiss.ch\/de\/wp-json\/wp\/v2\/product"}],"about":[{"href":"https:\/\/stage.shop-cellularswiss.ch\/de\/wp-json\/wp\/v2\/types\/product"}],"replies":[{"embeddable":true,"href":"https:\/\/stage.shop-cellularswiss.ch\/de\/wp-json\/wp\/v2\/comments?post=52608"}],"wp:featuredmedia":[{"embeddable":true,"href":"https:\/\/stage.shop-cellularswiss.ch\/de\/wp-json\/wp\/v2\/media\/54838"}],"wp:attachment":[{"href":"https:\/\/stage.shop-cellularswiss.ch\/de\/wp-json\/wp\/v2\/media?parent=52608"}],"wp:term":[{"taxonomy":"pwb-brand","embeddable":true,"href":"https:\/\/stage.shop-cellularswiss.ch\/de\/wp-json\/wp\/v2\/pwb-brand?post=52608"},{"taxonomy":"product_cat","embeddable":true,"href":"https:\/\/stage.shop-cellularswiss.ch\/de\/wp-json\/wp\/v2\/product_cat?post=52608"},{"taxonomy":"product_tag","embeddable":true,"href":"https:\/\/stage.shop-cellularswiss.ch\/de\/wp-json\/wp\/v2\/product_tag?post=52608"},{"taxonomy":"compatibilite","embeddable":true,"href":"https:\/\/stage.shop-cellularswiss.ch\/de\/wp-json\/wp\/v2\/compatibilite?post=52608"},{"taxonomy":"compatibilite_smartphone","embeddable":true,"href":"https:\/\/stage.shop-cellularswiss.ch\/de\/wp-json\/wp\/v2\/compatibilite_smartphone?post=52608"}],"curies":[{"name":"wp","href":"https:\/\/api.w.org\/{rel}","templated":true}]}}