
{"id":52613,"date":"2021-03-20T11:45:30","date_gmt":"2021-03-20T13:23:51","guid":{"rendered":"https:\/\/stage.shop-cellularswiss.ch\/produit\/zero-iphone-11-pro\/"},"modified":"2021-03-20T14:23:55","modified_gmt":"2021-03-20T13:23:55","slug":"zero-iphone-11-pro","status":"publish","type":"product","link":"https:\/\/stage.shop-cellularswiss.ch\/de\/produit\/zero-iphone-11-pro\/","title":{"rendered":"Zero &#8211; iPhone 11 Pro"},"content":{"rendered":"<p>Das starre und transparente Cover unterstreicht das Design des Smartphones. Das ultrad\u00fcnne Cover wahrt die Form und geringe Dicke des mobilen Endger\u00e4ts und erm\u00f6glicht vollst\u00e4ndigen Zugriff auf die Tasten, Bedienelemente und Anschl\u00fcsse bei gleichzeitig effizientem Schutz.<\/p>\n","protected":false},"excerpt":{"rendered":"<p>Unterstreicht das Design und sch\u00fctzt<\/p>\n","protected":false},"featured_media":54834,"comment_status":"closed","ping_status":"closed","template":"","meta":{"_et_pb_use_builder":"","_et_pb_old_content":"","_et_gb_content_width":""},"pwb-brand":[],"product_cat":[542,559],"product_tag":[],"compatibilite":[],"compatibilite_smartphone":[4439],"brands":[],"_links":{"self":[{"href":"https:\/\/stage.shop-cellularswiss.ch\/de\/wp-json\/wp\/v2\/product\/52613"}],"collection":[{"href":"https:\/\/stage.shop-cellularswiss.ch\/de\/wp-json\/wp\/v2\/product"}],"about":[{"href":"https:\/\/stage.shop-cellularswiss.ch\/de\/wp-json\/wp\/v2\/types\/product"}],"replies":[{"embeddable":true,"href":"https:\/\/stage.shop-cellularswiss.ch\/de\/wp-json\/wp\/v2\/comments?post=52613"}],"wp:featuredmedia":[{"embeddable":true,"href":"https:\/\/stage.shop-cellularswiss.ch\/de\/wp-json\/wp\/v2\/media\/54834"}],"wp:attachment":[{"href":"https:\/\/stage.shop-cellularswiss.ch\/de\/wp-json\/wp\/v2\/media?parent=52613"}],"wp:term":[{"taxonomy":"pwb-brand","embeddable":true,"href":"https:\/\/stage.shop-cellularswiss.ch\/de\/wp-json\/wp\/v2\/pwb-brand?post=52613"},{"taxonomy":"product_cat","embeddable":true,"href":"https:\/\/stage.shop-cellularswiss.ch\/de\/wp-json\/wp\/v2\/product_cat?post=52613"},{"taxonomy":"product_tag","embeddable":true,"href":"https:\/\/stage.shop-cellularswiss.ch\/de\/wp-json\/wp\/v2\/product_tag?post=52613"},{"taxonomy":"compatibilite","embeddable":true,"href":"https:\/\/stage.shop-cellularswiss.ch\/de\/wp-json\/wp\/v2\/compatibilite?post=52613"},{"taxonomy":"compatibilite_smartphone","embeddable":true,"href":"https:\/\/stage.shop-cellularswiss.ch\/de\/wp-json\/wp\/v2\/compatibilite_smartphone?post=52613"}],"curies":[{"name":"wp","href":"https:\/\/api.w.org\/{rel}","templated":true}]}}