
{"id":52629,"date":"2021-03-20T11:46:10","date_gmt":"2021-03-20T13:24:17","guid":{"rendered":"https:\/\/stage.shop-cellularswiss.ch\/produit\/zion-vr-universale\/"},"modified":"2021-03-20T14:24:23","modified_gmt":"2021-03-20T13:24:23","slug":"zion-vr-universale","status":"publish","type":"product","link":"https:\/\/stage.shop-cellularswiss.ch\/de\/produit\/zion-vr-universale\/","title":{"rendered":"Zion VR- Universale"},"content":{"rendered":"<p>Mach es dir bequem und genie\u00dfe mit Zion VR \u2013 der Virtual-Reality-Brille f\u00fcr Smartphones, die dich in eine Welt der virtuellen Realit\u00e4t einf\u00fchren wird \u2013 ein neues Spektakel. Das au\u00dfergew\u00f6hnliche und bequeme Design macht sie zum perfekten Accessoire, um bestm\u00f6glich eine Erfahrung in der Welt der Virtual Reality machen zu k\u00f6nnen, indem man Videos oder 3D\/360\u00b0 Filme ansieht, ein VR Spiel spielt oder die erweiterte Realit\u00e4t (augmented reality) in Katalogen, Museen, Videos und vielem mehr entdeckt. Um die Brille zu verwenden, muss man nur eine der vielen gratis im App Store oder bei Google Play verf\u00fcgbaren VR-Apps starten und das Smartphone in den Schlitz der Brille schieben. Nach der Einstellung des Linsenabstands, um eine klarere und angenehmere Sicht zu haben, kannst du dein Erlebnis in der Welt der virtuellen Realit\u00e4t beginnen. Zion VR ist mit allen Smartphones und Phablets bis 6&#8220; kompatibel.<\/p>\n","protected":false},"excerpt":{"rendered":"<p>Virtual-Reality-Brille f\u00fcr Smartphones<\/p>\n","protected":false},"featured_media":34144,"comment_status":"closed","ping_status":"closed","template":"","meta":{"_et_pb_use_builder":"","_et_pb_old_content":"","_et_gb_content_width":""},"pwb-brand":[],"product_cat":[572,562],"product_tag":[],"compatibilite":[],"compatibilite_smartphone":[],"brands":[],"_links":{"self":[{"href":"https:\/\/stage.shop-cellularswiss.ch\/de\/wp-json\/wp\/v2\/product\/52629"}],"collection":[{"href":"https:\/\/stage.shop-cellularswiss.ch\/de\/wp-json\/wp\/v2\/product"}],"about":[{"href":"https:\/\/stage.shop-cellularswiss.ch\/de\/wp-json\/wp\/v2\/types\/product"}],"replies":[{"embeddable":true,"href":"https:\/\/stage.shop-cellularswiss.ch\/de\/wp-json\/wp\/v2\/comments?post=52629"}],"wp:featuredmedia":[{"embeddable":true,"href":"https:\/\/stage.shop-cellularswiss.ch\/de\/wp-json\/wp\/v2\/media\/34144"}],"wp:attachment":[{"href":"https:\/\/stage.shop-cellularswiss.ch\/de\/wp-json\/wp\/v2\/media?parent=52629"}],"wp:term":[{"taxonomy":"pwb-brand","embeddable":true,"href":"https:\/\/stage.shop-cellularswiss.ch\/de\/wp-json\/wp\/v2\/pwb-brand?post=52629"},{"taxonomy":"product_cat","embeddable":true,"href":"https:\/\/stage.shop-cellularswiss.ch\/de\/wp-json\/wp\/v2\/product_cat?post=52629"},{"taxonomy":"product_tag","embeddable":true,"href":"https:\/\/stage.shop-cellularswiss.ch\/de\/wp-json\/wp\/v2\/product_tag?post=52629"},{"taxonomy":"compatibilite","embeddable":true,"href":"https:\/\/stage.shop-cellularswiss.ch\/de\/wp-json\/wp\/v2\/compatibilite?post=52629"},{"taxonomy":"compatibilite_smartphone","embeddable":true,"href":"https:\/\/stage.shop-cellularswiss.ch\/de\/wp-json\/wp\/v2\/compatibilite_smartphone?post=52629"}],"curies":[{"name":"wp","href":"https:\/\/api.w.org\/{rel}","templated":true}]}}