
{"id":61023,"date":"2021-07-27T16:53:15","date_gmt":"2021-07-27T15:27:56","guid":{"rendered":"https:\/\/stage.shop-cellularswiss.ch\/produit\/usb-c-charger-kit-20w-usb-c-to-usb-c-ipad-pro-2018-or-later-and-ipad-air-2020\/"},"modified":"2021-07-27T17:27:58","modified_gmt":"2021-07-27T15:27:58","slug":"usb-c-charger-kit-20w-usb-c-to-usb-c-ipad-pro-2018-or-later-and-ipad-air-2020","status":"publish","type":"product","link":"https:\/\/stage.shop-cellularswiss.ch\/de\/produit\/usb-c-charger-kit-20w-usb-c-to-usb-c-ipad-pro-2018-or-later-and-ipad-air-2020\/","title":{"rendered":"USB-C Charger Kit 20W &#8211; USB-C to USB-C &#8211; iPad Pro (2018 or later) and iPad Air (2020)"},"content":{"rendered":"<p>USB-C CHARGER KIT 20 W ist das Netzladeger\u00e4t, das die perfekte L\u00f6sung bietet, um alle Apple-Ger\u00e4te, die mit der USB-C 20 W Ladetechnologie kompatibel sind, schnellstm\u00f6glich und absolut sicher aufzuladen. Das Ladeger\u00e4t USB-C Charger 20 W l\u00e4dt das iPad Pro (2018 und sp\u00e4tere Modelle) und iPad Air (2020) mit USB-C-Anschluss bei der h\u00f6chsten Geschwindigkeit auf. Das im Lieferumfang inbegriffene 100cm lange USB-C-auf-USB-C-Kabel kann neben dem Aufladen auch f\u00fcr den Datenaustausch mit dem MacBook und anderen Laptops mit USB-C-Port verwendet werden.<\/p>\n","protected":false},"excerpt":{"rendered":"<p>Netzladeger\u00e4t USB-C 20 W zum Aufladen von iPad Pro (2018 und sp\u00e4tere Modelle) und iPad Air (2020) mit USB-C auf USB-C-Kabel bei der h\u00f6chsten Geschwindigkeit<\/p>\n","protected":false},"featured_media":48493,"comment_status":"closed","ping_status":"closed","template":"","meta":{"_et_pb_use_builder":"","_et_pb_old_content":"","_et_gb_content_width":""},"pwb-brand":[],"product_cat":[1781,1784],"product_tag":[],"compatibilite":[],"compatibilite_smartphone":[],"brands":[],"_links":{"self":[{"href":"https:\/\/stage.shop-cellularswiss.ch\/de\/wp-json\/wp\/v2\/product\/61023"}],"collection":[{"href":"https:\/\/stage.shop-cellularswiss.ch\/de\/wp-json\/wp\/v2\/product"}],"about":[{"href":"https:\/\/stage.shop-cellularswiss.ch\/de\/wp-json\/wp\/v2\/types\/product"}],"replies":[{"embeddable":true,"href":"https:\/\/stage.shop-cellularswiss.ch\/de\/wp-json\/wp\/v2\/comments?post=61023"}],"wp:featuredmedia":[{"embeddable":true,"href":"https:\/\/stage.shop-cellularswiss.ch\/de\/wp-json\/wp\/v2\/media\/48493"}],"wp:attachment":[{"href":"https:\/\/stage.shop-cellularswiss.ch\/de\/wp-json\/wp\/v2\/media?parent=61023"}],"wp:term":[{"taxonomy":"pwb-brand","embeddable":true,"href":"https:\/\/stage.shop-cellularswiss.ch\/de\/wp-json\/wp\/v2\/pwb-brand?post=61023"},{"taxonomy":"product_cat","embeddable":true,"href":"https:\/\/stage.shop-cellularswiss.ch\/de\/wp-json\/wp\/v2\/product_cat?post=61023"},{"taxonomy":"product_tag","embeddable":true,"href":"https:\/\/stage.shop-cellularswiss.ch\/de\/wp-json\/wp\/v2\/product_tag?post=61023"},{"taxonomy":"compatibilite","embeddable":true,"href":"https:\/\/stage.shop-cellularswiss.ch\/de\/wp-json\/wp\/v2\/compatibilite?post=61023"},{"taxonomy":"compatibilite_smartphone","embeddable":true,"href":"https:\/\/stage.shop-cellularswiss.ch\/de\/wp-json\/wp\/v2\/compatibilite_smartphone?post=61023"}],"curies":[{"name":"wp","href":"https:\/\/api.w.org\/{rel}","templated":true}]}}