
{"id":61026,"date":"2021-07-27T16:53:23","date_gmt":"2021-07-27T15:28:00","guid":{"rendered":"https:\/\/stage.shop-cellularswiss.ch\/produit\/dual-charger-iphone-8-or-later\/"},"modified":"2021-07-27T17:28:05","modified_gmt":"2021-07-27T15:28:05","slug":"dual-charger-iphone-8-or-later","status":"publish","type":"product","link":"https:\/\/stage.shop-cellularswiss.ch\/de\/produit\/dual-charger-iphone-8-or-later\/","title":{"rendered":"Dual Charger &#8211; iPhone 8 or later"},"content":{"rendered":"<p>DUAL CHARGER ist das Netzladeger\u00e4t mit der perfekten L\u00f6sung zum gleichzeitigen Aufladen von zwei Apple-Ger\u00e4ten, wobei es m\u00f6glich ist, sowohl das USB-C auf Lightning-Kabel zu verwenden, das mit den neuen iPhones mitgeliefert wird, als auch ein USB-Kabel. Bei Einzelverwendung gibt der USB-C-Anschluss 20 W die h\u00f6chste Ladegeschwindigkeit f\u00fcr iPhone 8 und sp\u00e4tere Modelle aus. Bei gleichzeitiger Verwendung der beiden Anschl\u00fcsse senkt das Ladeger\u00e4t die ausgegebene H\u00f6chstleistung auf insgesamt 15 W f\u00fcr ein absolut sicheres Aufladen.<\/p>\n","protected":false},"excerpt":{"rendered":"<p>Netzladeger\u00e4t mit 2 USB- und USB-C-Anschl\u00fcssen zum gleichzeitigen Laden von zwei Apple-Ger\u00e4ten<\/p>\n","protected":false},"featured_media":48545,"comment_status":"closed","ping_status":"closed","template":"","meta":{"_et_pb_use_builder":"","_et_pb_old_content":"","_et_gb_content_width":""},"pwb-brand":[],"product_cat":[1781,1784],"product_tag":[],"compatibilite":[],"compatibilite_smartphone":[4443,4446,4442,4445,4444,4468],"brands":[],"_links":{"self":[{"href":"https:\/\/stage.shop-cellularswiss.ch\/de\/wp-json\/wp\/v2\/product\/61026"}],"collection":[{"href":"https:\/\/stage.shop-cellularswiss.ch\/de\/wp-json\/wp\/v2\/product"}],"about":[{"href":"https:\/\/stage.shop-cellularswiss.ch\/de\/wp-json\/wp\/v2\/types\/product"}],"replies":[{"embeddable":true,"href":"https:\/\/stage.shop-cellularswiss.ch\/de\/wp-json\/wp\/v2\/comments?post=61026"}],"wp:featuredmedia":[{"embeddable":true,"href":"https:\/\/stage.shop-cellularswiss.ch\/de\/wp-json\/wp\/v2\/media\/48545"}],"wp:attachment":[{"href":"https:\/\/stage.shop-cellularswiss.ch\/de\/wp-json\/wp\/v2\/media?parent=61026"}],"wp:term":[{"taxonomy":"pwb-brand","embeddable":true,"href":"https:\/\/stage.shop-cellularswiss.ch\/de\/wp-json\/wp\/v2\/pwb-brand?post=61026"},{"taxonomy":"product_cat","embeddable":true,"href":"https:\/\/stage.shop-cellularswiss.ch\/de\/wp-json\/wp\/v2\/product_cat?post=61026"},{"taxonomy":"product_tag","embeddable":true,"href":"https:\/\/stage.shop-cellularswiss.ch\/de\/wp-json\/wp\/v2\/product_tag?post=61026"},{"taxonomy":"compatibilite","embeddable":true,"href":"https:\/\/stage.shop-cellularswiss.ch\/de\/wp-json\/wp\/v2\/compatibilite?post=61026"},{"taxonomy":"compatibilite_smartphone","embeddable":true,"href":"https:\/\/stage.shop-cellularswiss.ch\/de\/wp-json\/wp\/v2\/compatibilite_smartphone?post=61026"}],"curies":[{"name":"wp","href":"https:\/\/api.w.org\/{rel}","templated":true}]}}